{"id":108353,"date":"2026-05-04T23:39:06","date_gmt":"2026-05-05T02:39:06","guid":{"rendered":"https:\/\/www.hediyepazar.com\/?product=turk-pencere-ses-isi-yalitim-sunger-bant-3-metre"},"modified":"2026-05-04T23:39:06","modified_gmt":"2026-05-05T02:39:06","slug":"turk-pencere-ses-isi-yalitim-sunger-bant-3-metre","status":"publish","type":"product","link":"https:\/\/www.hediyepazar.com\/?product=turk-pencere-ses-isi-yalitim-sunger-bant-3-metre","title":{"rendered":"Turk Pencere Ses Is\u0131 Yal\u0131t\u0131m S\u00fcnger Bant 3 METRE"},"content":{"rendered":"<p>\t<strong>\u00dcr\u00fcn \u00d6zellikleri : <\/strong><\/p>\n<p>\t<strong>Materyal : S\u00fcnger Bant<\/strong><\/p>\n<p>\t<strong>Adet \/ Renk \/ Tasar\u0131m : <\/strong> 3 METRE, resimde yer alan Beyaz rengi, s\u00fcrpriz ya\u015famaman\u0131z i\u00e7in birebir g\u00f6nderiyoruz<\/p>\n<p>\t<strong>\u00d6l\u00e7\u00fcler :\u00a0<\/strong><strong style=\"color: rgb(255, 0, 0);\">Geni\u015flik 1,8 cm\u00a0 x Kal\u0131nl\u0131k 7,8 mm<\/strong><\/p>\n<p>\tIs\u0131ya ve so\u011fu\u011fa dayan\u0131kl\u0131d\u0131r.<br \/>\tYAZ ya da KI\u015e Ses ve Hava, cereyen\u00a0 Korumas\u0131 &#8211; Yaz\u0131n Klimada so\u011fuk ge\u00e7i\u015fini, k\u0131\u015f\u0131n kalorifer s\u0131cakl\u0131\u011f\u0131n\u0131 hapsedin !<\/p>\n<p>\tSo\u011fuk ve s\u0131cak hava ge\u00e7i\u015fini engelleyin, elektrik ve gaz maliyetini d\u00fc\u015f\u00fcrmenize yard\u0131mc\u0131 olun.<br \/>\tA\u015f\u0131r\u0131 Esneklik &#8211; Hepsi bir arada \u015fekillendirme, p\u00fcr\u00fczs\u00fcz y\u00fczey, kullan\u0131m s\u0131ras\u0131nda deforme olmas\u0131 kolay de\u011fil, y\u00fcksek esnekli\u011fe sahip, zemine zarar vermez.<br \/>\t\u00a0<\/p>\n<p>\t<strong>GEN\u0130\u015e KULLANIM ALANI :<\/strong> S\u00fcrg\u00fcl\u00fc kap\u0131, frans\u0131z kap\u0131, sineklikli kap\u0131, veranda kap\u0131s\u0131, ticari kap\u0131, pencereler, gard\u0131roplar, dolap, \u00e7e\u015fitli kap\u0131 ve pencere yal\u0131t\u0131m\u0131nda, mobilyada, elektrik dolaplar\u0131nda, arabalarda, hoparl\u00f6rlerde, oyuncaklarda yayg\u0131n olarak kullan\u0131lan hava ko\u015fullar\u0131na dayan\u0131kl\u0131, toz ge\u00e7irmez, darbeye dayan\u0131kl\u0131, s\u0131zd\u0131rmazl\u0131k, ses ge\u00e7irmez malzemedir .<\/p>\n<p>\tYo\u011funla\u015ft\u0131r\u0131lm\u0131\u015f y\u00fcksek destile s\u00fcnger, iyi darbe direncine, ses yal\u0131t\u0131m\u0131na, yast\u0131klama performans\u0131na, \u0131s\u0131 korumas\u0131na ve so\u011fu\u011fa kar\u015f\u0131 korumaya sahip, ho\u015f olmayan bir koku olmadan cereyan (yaz-k\u0131\u015f) , b\u00f6cek, sese kar\u015f\u0131 4 mevsim dayan\u0131kl\u0131 malzemedir.<br \/>\tGeli\u015ftirilmi\u015f Yap\u0131\u015ft\u0131r\u0131c\u0131 &#8211; G\u00fc\u00e7l\u00fc \u00e7ift tarafl\u0131 bant\u0131 \u00fczerinde dahili olarak g\u00f6nderilir. \u00c7\u0131karmak istedi\u011finizde kap\u0131lar\u0131n\u0131zda veya pencerelerinizde yap\u0131\u015fkan kal\u0131nt\u0131s\u0131 olmayacakt\u0131r.<\/p>\n<p>\t<strong>KURULUMU KOLAY <\/strong>-Makas veya maket b\u0131\u00e7a\u011f\u0131 ile istenilen boyuta g\u00f6re kesilecek kadar kolayd\u0131r ve herhangi bir \u015fekle uyacak \u015fekilde kolayca b\u00fck\u00fcl\u00fcr.<\/p>\n<p>\t<strong>M\u00dcKEMMEL SATI\u015e SONRASI H\u0130ZMET : <\/strong>Turk \/ Turk olarak m\u00fc\u015fterilerimize en iyi hizmeti sunmay\u0131 ama\u00e7l\u0131yor, g\u00fcvenle sat\u0131n alabilmeniz i\u00e7in, ambalaj kalitemize g\u00fcveniyor, her \u00fcr\u00fcn sorunsuz teslimat i\u00e7in \u00f6zenle paketliyor ve resimde belirtilen renk, ebat, \u00f6zelikte \u00fcr\u00fcn g\u00f6ndermeyi taahh\u00fct ediyoruz. Hasarl\u0131 \u00fcr\u00fcn ald\u0131ysan\u0131z veya di\u011fer \u00fcr\u00fcn ve paket teslimat sorunlar\u0131 oldu\u011funda bizimle ileti\u015fime ge\u00e7mekten \u00e7ekinmeyin.<\/p>\n<p>\tDETAYLI B\u0130LG\u0130 \u0130\u00c7\u0130N EK RES\u0130MLER\u0130 \u0130NCELEYEB\u0130L\u0130RS\u0130N\u0130Z.\t<\/p>\n","protected":false},"excerpt":{"rendered":"<p>\u00dcr\u00fcn \u00d6zellikleri : Materyal : S\u00fcnger Bant Adet \/ Renk \/ Tasar\u0131m : 3 METRE, resimde yer alan Beyaz rengi, s\u00fcrpriz ya\u015famaman\u0131z i\u00e7in birebir g\u00f6nderiyoruz \u00d6l\u00e7\u00fcler :\u00a0Geni\u015flik 1,8 cm\u00a0 x Kal\u0131nl\u0131k 7,8 mm Is\u0131ya ve so\u011fu\u011fa dayan\u0131kl\u0131d\u0131r. YAZ ya da KI\u015e Ses ve Hava, cereyen\u00a0 Korumas\u0131 &#8211; Yaz\u0131n Klimada so\u011fuk ge\u00e7i\u015fini, k\u0131\u015f\u0131n kalorifer s\u0131cakl\u0131\u011f\u0131n\u0131 hapsedin&#8230;<\/p>\n","protected":false},"featured_media":108352,"comment_status":"open","ping_status":"closed","template":"","meta":{"_kad_post_transparent":"","_kad_post_title":"","_kad_post_layout":"","_kad_post_sidebar_id":"","_kad_post_content_style":"","_kad_post_vertical_padding":"","_kad_post_feature":"","_kad_post_feature_position":"","_kad_post_header":false,"_kad_post_footer":false,"_kad_post_classname":""},"product_brand":[],"product_cat":[14185],"product_tag":[],"class_list":{"0":"post-108353","1":"product","2":"type-product","3":"status-publish","4":"has-post-thumbnail","6":"product_cat-izolasyon-yalitim-urunleri-ev-gerecleri-ev-yasam-izolasyon-yalitim-urunleri","8":"first","9":"instock","10":"purchasable","11":"product-type-simple","12":"entry","13":"content-bg","14":"loop-entry"},"_links":{"self":[{"href":"https:\/\/www.hediyepazar.com\/index.php?rest_route=\/wp\/v2\/product\/108353","targetHints":{"allow":["GET"]}}],"collection":[{"href":"https:\/\/www.hediyepazar.com\/index.php?rest_route=\/wp\/v2\/product"}],"about":[{"href":"https:\/\/www.hediyepazar.com\/index.php?rest_route=\/wp\/v2\/types\/product"}],"replies":[{"embeddable":true,"href":"https:\/\/www.hediyepazar.com\/index.php?rest_route=%2Fwp%2Fv2%2Fcomments&post=108353"}],"wp:featuredmedia":[{"embeddable":true,"href":"https:\/\/www.hediyepazar.com\/index.php?rest_route=\/wp\/v2\/media\/108352"}],"wp:attachment":[{"href":"https:\/\/www.hediyepazar.com\/index.php?rest_route=%2Fwp%2Fv2%2Fmedia&parent=108353"}],"wp:term":[{"taxonomy":"product_brand","embeddable":true,"href":"https:\/\/www.hediyepazar.com\/index.php?rest_route=%2Fwp%2Fv2%2Fproduct_brand&post=108353"},{"taxonomy":"product_cat","embeddable":true,"href":"https:\/\/www.hediyepazar.com\/index.php?rest_route=%2Fwp%2Fv2%2Fproduct_cat&post=108353"},{"taxonomy":"product_tag","embeddable":true,"href":"https:\/\/www.hediyepazar.com\/index.php?rest_route=%2Fwp%2Fv2%2Fproduct_tag&post=108353"}],"curies":[{"name":"wp","href":"https:\/\/api.w.org\/{rel}","templated":true}]}}