{"id":108359,"date":"2026-05-04T23:40:18","date_gmt":"2026-05-05T02:40:18","guid":{"rendered":"https:\/\/www.hediyepazar.com\/?product=turk-beyaz-protez-jel-tirnak-egitim-ve-sunum-kartelasi"},"modified":"2026-05-04T23:40:18","modified_gmt":"2026-05-05T02:40:18","slug":"turk-beyaz-protez-jel-tirnak-egitim-ve-sunum-kartelasi","status":"publish","type":"product","link":"https:\/\/www.hediyepazar.com\/?product=turk-beyaz-protez-jel-tirnak-egitim-ve-sunum-kartelasi","title":{"rendered":"Turk BEYAZ Protez Jel T\u0131rnak E\u011fitim ve Sunum Kartelas\u0131"},"content":{"rendered":"<p>\t<strong>\u00dcr\u00fcn \u00d6zellikleri : <\/strong><\/p>\n<p>\t<strong>Renk :\u00a0<\/strong>Resimdeki BEYAZ Renk\/tasar\u0131m birebir g\u00f6nderilir ve s\u00fcrpriz ya\u015famazs\u0131n\u0131z. DETAY RES\u0130MLERDEK\u0130 RENKLER \u00d6RNEKT\u0130R.<\/p>\n<p>\t<strong>Materyal : ABS Plastik <\/strong><\/p>\n<p>\t<strong>Adet : 50 <\/strong><\/p>\n<p>\tTamamen ABS plastikten yap\u0131lm\u0131\u015f bu t\u0131rnak te\u015fhir seti sa\u011flam, hafif ve kullan\u0131m\u0131 g\u00fcvenlidir.<\/p>\n<p>\tProtez t\u0131rnak kart\u0131n\u0131n ta\u015f\u0131nmas\u0131 ve saklanmas\u0131 kolayd\u0131r.<\/p>\n<p>\tBu ABS T\u0131rnak Renk Kart\u0131 Seti, \u00f6nceden yapt\u0131\u011f\u0131n\u0131z, protez t\u0131rnak, s\u00fcsleme gibi aktivitelerin m\u00fc\u015fterilerin se\u00e7ebilece\u011fi 50 renk oje g\u00f6r\u00fcnt\u00fcleyebilir.<br \/>\tYeni ba\u015flayanlar i\u00e7in, e\u011fiyim ve \u00e7izmek i\u00e7in bir uygulama tahtas\u0131 olarak kullan\u0131labilir, bu nedenle bu t\u0131rnak te\u015fhir panosu \u00e7ok pratiktir.<\/p>\n<p>\tProfesyonel manik\u00fcrc\u00fcler ve t\u0131rnak d\u00fckkanlar\u0131 i\u00e7in de ev kullan\u0131m\u0131 i\u00e7in uygundur.<\/p>\n","protected":false},"excerpt":{"rendered":"<p>\u00dcr\u00fcn \u00d6zellikleri : Renk :\u00a0Resimdeki BEYAZ Renk\/tasar\u0131m birebir g\u00f6nderilir ve s\u00fcrpriz ya\u015famazs\u0131n\u0131z. DETAY RES\u0130MLERDEK\u0130 RENKLER \u00d6RNEKT\u0130R. Materyal : ABS Plastik Adet : 50 Tamamen ABS plastikten yap\u0131lm\u0131\u015f bu t\u0131rnak te\u015fhir seti sa\u011flam, hafif ve kullan\u0131m\u0131 g\u00fcvenlidir. Protez t\u0131rnak kart\u0131n\u0131n ta\u015f\u0131nmas\u0131 ve saklanmas\u0131 kolayd\u0131r. Bu ABS T\u0131rnak Renk Kart\u0131 Seti, \u00f6nceden yapt\u0131\u011f\u0131n\u0131z, protez t\u0131rnak, s\u00fcsleme gibi&#8230;<\/p>\n","protected":false},"featured_media":0,"comment_status":"open","ping_status":"closed","template":"","meta":{"_kad_post_transparent":"","_kad_post_title":"","_kad_post_layout":"","_kad_post_sidebar_id":"","_kad_post_content_style":"","_kad_post_vertical_padding":"","_kad_post_feature":"","_kad_post_feature_position":"","_kad_post_header":false,"_kad_post_footer":false,"_kad_post_classname":""},"product_brand":[],"product_cat":[14207],"product_tag":[],"class_list":{"0":"post-108359","1":"product","2":"type-product","3":"status-publish","5":"product_cat-el-tirnak-bakim-ve-aksesuarlar-kisisel-bakim-aletleri-elektronik-el-tirnak-bakim-ve-aksesuarlar","7":"first","8":"instock","9":"purchasable","10":"product-type-simple","11":"entry","12":"content-bg","13":"loop-entry"},"_links":{"self":[{"href":"https:\/\/www.hediyepazar.com\/index.php?rest_route=\/wp\/v2\/product\/108359","targetHints":{"allow":["GET"]}}],"collection":[{"href":"https:\/\/www.hediyepazar.com\/index.php?rest_route=\/wp\/v2\/product"}],"about":[{"href":"https:\/\/www.hediyepazar.com\/index.php?rest_route=\/wp\/v2\/types\/product"}],"replies":[{"embeddable":true,"href":"https:\/\/www.hediyepazar.com\/index.php?rest_route=%2Fwp%2Fv2%2Fcomments&post=108359"}],"wp:attachment":[{"href":"https:\/\/www.hediyepazar.com\/index.php?rest_route=%2Fwp%2Fv2%2Fmedia&parent=108359"}],"wp:term":[{"taxonomy":"product_brand","embeddable":true,"href":"https:\/\/www.hediyepazar.com\/index.php?rest_route=%2Fwp%2Fv2%2Fproduct_brand&post=108359"},{"taxonomy":"product_cat","embeddable":true,"href":"https:\/\/www.hediyepazar.com\/index.php?rest_route=%2Fwp%2Fv2%2Fproduct_cat&post=108359"},{"taxonomy":"product_tag","embeddable":true,"href":"https:\/\/www.hediyepazar.com\/index.php?rest_route=%2Fwp%2Fv2%2Fproduct_tag&post=108359"}],"curies":[{"name":"wp","href":"https:\/\/api.w.org\/{rel}","templated":true}]}}