{"id":108370,"date":"2026-05-04T23:46:16","date_gmt":"2026-05-05T02:46:16","guid":{"rendered":"https:\/\/www.hediyepazar.com\/?product=turk-bebek-bakim-seti-cantali-bebek-bakim-kiti"},"modified":"2026-05-04T23:46:16","modified_gmt":"2026-05-05T02:46:16","slug":"turk-bebek-bakim-seti-cantali-bebek-bakim-kiti","status":"publish","type":"product","link":"https:\/\/www.hediyepazar.com\/?product=turk-bebek-bakim-seti-cantali-bebek-bakim-kiti","title":{"rendered":"Turk Bebek Bak\u0131m Seti \u00c7antal\u0131 Bebek Bak\u0131m Kiti"},"content":{"rendered":"<p>\t<strong>Materyal : BPA i\u00e7ermeyen g\u00fcvenli plastik ve paslanmaz \u00e7elik<\/strong><\/p>\n<p>\t<strong>1 Adet Set (21 Par\u00e7a)<\/strong><\/p>\n<p>\t<strong>\u00d6l\u00e7\u00fcler (bir cep telefonu ortalama 16 cm&#8217;dir. K\u0131yaslaman\u0131z i\u00e7in kolayl\u0131k de\u011fil mi?) : <\/strong> Ta\u015f\u0131nabilir ve hafif tasar\u0131m<\/p>\n<p>\tBebe\u011finizin G\u00fcnl\u00fck Bak\u0131m\u0131 \u0130\u00e7in M\u00fckemmel Set!<\/p>\n<p>\tBebe\u011finizin sa\u011fl\u0131kl\u0131 ve hijyenik bir \u015fekilde bak\u0131m\u0131n\u0131 yapmak i\u00e7in \u00f6zel olarak tasarlanm\u0131\u015f 21 Par\u00e7al\u0131 Bebek Bak\u0131m Seti, t\u0131rnak kesimi, sa\u00e7 bak\u0131m\u0131 ve genel hijyen i\u00e7in eksiksiz bir \u00e7\u00f6z\u00fcmd\u00fcr.<\/p>\n<p>\t\u00d6ne \u00c7\u0131kan \u00d6zellikler:<\/p>\n","protected":false},"excerpt":{"rendered":"<p>Materyal : BPA i\u00e7ermeyen g\u00fcvenli plastik ve paslanmaz \u00e7elik 1 Adet Set (21 Par\u00e7a) \u00d6l\u00e7\u00fcler (bir cep telefonu ortalama 16 cm&#8217;dir. K\u0131yaslaman\u0131z i\u00e7in kolayl\u0131k de\u011fil mi?) : Ta\u015f\u0131nabilir ve hafif tasar\u0131m Bebe\u011finizin G\u00fcnl\u00fck Bak\u0131m\u0131 \u0130\u00e7in M\u00fckemmel Set! Bebe\u011finizin sa\u011fl\u0131kl\u0131 ve hijyenik bir \u015fekilde bak\u0131m\u0131n\u0131 yapmak i\u00e7in \u00f6zel olarak tasarlanm\u0131\u015f 21 Par\u00e7al\u0131 Bebek Bak\u0131m Seti, t\u0131rnak&#8230;<\/p>\n","protected":false},"featured_media":108369,"comment_status":"open","ping_status":"closed","template":"","meta":{"_kad_post_transparent":"","_kad_post_title":"","_kad_post_layout":"","_kad_post_sidebar_id":"","_kad_post_content_style":"","_kad_post_vertical_padding":"","_kad_post_feature":"","_kad_post_feature_position":"","_kad_post_header":false,"_kad_post_footer":false,"_kad_post_classname":""},"product_brand":[],"product_cat":[14384],"product_tag":[],"class_list":{"0":"post-108370","1":"product","2":"type-product","3":"status-publish","4":"has-post-thumbnail","6":"product_cat-bebek-banyo-ve-bakim-setleri-bebek-bakim-anne-bebek-cocuk-cocuk-bebek-banyo-ve-bakim-setleri","8":"first","9":"instock","10":"purchasable","11":"product-type-simple","12":"entry","13":"content-bg","14":"loop-entry"},"_links":{"self":[{"href":"https:\/\/www.hediyepazar.com\/index.php?rest_route=\/wp\/v2\/product\/108370","targetHints":{"allow":["GET"]}}],"collection":[{"href":"https:\/\/www.hediyepazar.com\/index.php?rest_route=\/wp\/v2\/product"}],"about":[{"href":"https:\/\/www.hediyepazar.com\/index.php?rest_route=\/wp\/v2\/types\/product"}],"replies":[{"embeddable":true,"href":"https:\/\/www.hediyepazar.com\/index.php?rest_route=%2Fwp%2Fv2%2Fcomments&post=108370"}],"wp:featuredmedia":[{"embeddable":true,"href":"https:\/\/www.hediyepazar.com\/index.php?rest_route=\/wp\/v2\/media\/108369"}],"wp:attachment":[{"href":"https:\/\/www.hediyepazar.com\/index.php?rest_route=%2Fwp%2Fv2%2Fmedia&parent=108370"}],"wp:term":[{"taxonomy":"product_brand","embeddable":true,"href":"https:\/\/www.hediyepazar.com\/index.php?rest_route=%2Fwp%2Fv2%2Fproduct_brand&post=108370"},{"taxonomy":"product_cat","embeddable":true,"href":"https:\/\/www.hediyepazar.com\/index.php?rest_route=%2Fwp%2Fv2%2Fproduct_cat&post=108370"},{"taxonomy":"product_tag","embeddable":true,"href":"https:\/\/www.hediyepazar.com\/index.php?rest_route=%2Fwp%2Fv2%2Fproduct_tag&post=108370"}],"curies":[{"name":"wp","href":"https:\/\/api.w.org\/{rel}","templated":true}]}}