{"id":108393,"date":"2026-05-05T00:01:15","date_gmt":"2026-05-05T03:01:15","guid":{"rendered":"https:\/\/www.hediyepazar.com\/?product=turk-fide-dikici-tohum-kucuk-agac-fide-dikme-aparati"},"modified":"2026-05-05T00:01:15","modified_gmt":"2026-05-05T03:01:15","slug":"turk-fide-dikici-tohum-kucuk-agac-fide-dikme-aparati","status":"publish","type":"product","link":"https:\/\/www.hediyepazar.com\/?product=turk-fide-dikici-tohum-kucuk-agac-fide-dikme-aparati","title":{"rendered":"Turk Fide Dikici Tohum K\u00fc\u00e7\u00fck A\u011fa\u00e7 Fide Dikme Aparat\u0131"},"content":{"rendered":"<p>\tTurk Garden Professional Fide Dikici &#8211; Ergonomik ve Dayan\u0131kl\u0131 Tasar\u0131m<br \/>\tBu Fide Dikici, topra\u011f\u0131 kolayca delerek fidelerin d\u00fczg\u00fcn ve h\u0131zl\u0131 \u015fekilde dikilmesini sa\u011flar. Ergonomik siyah sap\u0131 ve keskin u\u00e7lu tasar\u0131m\u0131, kullan\u0131m kolayl\u0131\u011f\u0131 sunarak bah\u00e7ecilik i\u015flerini daha verimli hale getirir. Dayan\u0131kl\u0131 metal malzeme, uzun s\u00fcreli kullan\u0131m i\u00e7in idealdir.<br \/>\t\u00dcr\u00fcn Teknik \u00d6zellikleri\t<\/p>\n","protected":false},"excerpt":{"rendered":"<p>Turk Garden Professional Fide Dikici &#8211; Ergonomik ve Dayan\u0131kl\u0131 Tasar\u0131m Bu Fide Dikici, topra\u011f\u0131 kolayca delerek fidelerin d\u00fczg\u00fcn ve h\u0131zl\u0131 \u015fekilde dikilmesini sa\u011flar. Ergonomik siyah sap\u0131 ve keskin u\u00e7lu tasar\u0131m\u0131, kullan\u0131m kolayl\u0131\u011f\u0131 sunarak bah\u00e7ecilik i\u015flerini daha verimli hale getirir. Dayan\u0131kl\u0131 metal malzeme, uzun s\u00fcreli kullan\u0131m i\u00e7in idealdir. \u00dcr\u00fcn Teknik \u00d6zellikleri<\/p>\n","protected":false},"featured_media":108392,"comment_status":"open","ping_status":"closed","template":"","meta":{"_kad_post_transparent":"","_kad_post_title":"","_kad_post_layout":"","_kad_post_sidebar_id":"","_kad_post_content_style":"","_kad_post_vertical_padding":"","_kad_post_feature":"","_kad_post_feature_position":"","_kad_post_header":false,"_kad_post_footer":false,"_kad_post_classname":""},"product_brand":[],"product_cat":[7848],"product_tag":[],"class_list":{"0":"post-108393","1":"product","2":"type-product","3":"status-publish","4":"has-post-thumbnail","6":"product_cat-saksi-cicek-bakimi-bitki-yetistirme-bahce-ev-yasam-saksi","8":"first","9":"instock","10":"purchasable","11":"product-type-simple","12":"entry","13":"content-bg","14":"loop-entry"},"_links":{"self":[{"href":"https:\/\/www.hediyepazar.com\/index.php?rest_route=\/wp\/v2\/product\/108393","targetHints":{"allow":["GET"]}}],"collection":[{"href":"https:\/\/www.hediyepazar.com\/index.php?rest_route=\/wp\/v2\/product"}],"about":[{"href":"https:\/\/www.hediyepazar.com\/index.php?rest_route=\/wp\/v2\/types\/product"}],"replies":[{"embeddable":true,"href":"https:\/\/www.hediyepazar.com\/index.php?rest_route=%2Fwp%2Fv2%2Fcomments&post=108393"}],"wp:featuredmedia":[{"embeddable":true,"href":"https:\/\/www.hediyepazar.com\/index.php?rest_route=\/wp\/v2\/media\/108392"}],"wp:attachment":[{"href":"https:\/\/www.hediyepazar.com\/index.php?rest_route=%2Fwp%2Fv2%2Fmedia&parent=108393"}],"wp:term":[{"taxonomy":"product_brand","embeddable":true,"href":"https:\/\/www.hediyepazar.com\/index.php?rest_route=%2Fwp%2Fv2%2Fproduct_brand&post=108393"},{"taxonomy":"product_cat","embeddable":true,"href":"https:\/\/www.hediyepazar.com\/index.php?rest_route=%2Fwp%2Fv2%2Fproduct_cat&post=108393"},{"taxonomy":"product_tag","embeddable":true,"href":"https:\/\/www.hediyepazar.com\/index.php?rest_route=%2Fwp%2Fv2%2Fproduct_tag&post=108393"}],"curies":[{"name":"wp","href":"https:\/\/api.w.org\/{rel}","templated":true}]}}