{"id":108399,"date":"2026-05-05T00:05:16","date_gmt":"2026-05-05T03:05:16","guid":{"rendered":"https:\/\/www.hediyepazar.com\/?product=turk-bits-uzatma-adaptoru-lokma-tutucu"},"modified":"2026-05-05T00:05:16","modified_gmt":"2026-05-05T03:05:16","slug":"turk-bits-uzatma-adaptoru-lokma-tutucu","status":"publish","type":"product","link":"https:\/\/www.hediyepazar.com\/?product=turk-bits-uzatma-adaptoru-lokma-tutucu","title":{"rendered":"Turk Bits Uzatma Adapt\u00f6r\u00fc Lokma Tutucu"},"content":{"rendered":"<p>Hex Shank Socket Adapter Set &#8211; 1\/2&#8221;, 3\/8&#8221;, 1\/4&#8221; &#8211; 3 Par\u00e7a<br \/> Bu hex shank soket adapt\u00f6r seti, farkl\u0131 matkaplarla ve el aletleriyle uyumlu olup \u00e7e\u015fitli vida ve somun i\u015flemlerini kolayla\u015ft\u0131rmak i\u00e7in tasarlanm\u0131\u015ft\u0131r. Dayan\u0131kl\u0131 metal yap\u0131s\u0131 ve standart 1\/4&#8221; hex \u015faft\u0131 sayesinde h\u0131zl\u0131 ve g\u00fcvenli kullan\u0131m sa\u011flar.<br \/>\u00dcr\u00fcn Teknik \u00d6zellikleri<\/p>\n","protected":false},"excerpt":{"rendered":"<p>Hex Shank Socket Adapter Set &#8211; 1\/2&#8221;, 3\/8&#8221;, 1\/4&#8221; &#8211; 3 Par\u00e7a Bu hex shank soket adapt\u00f6r seti, farkl\u0131 matkaplarla ve el aletleriyle uyumlu olup \u00e7e\u015fitli vida ve somun i\u015flemlerini kolayla\u015ft\u0131rmak i\u00e7in tasarlanm\u0131\u015ft\u0131r. Dayan\u0131kl\u0131 metal yap\u0131s\u0131 ve standart 1\/4&#8221; hex \u015faft\u0131 sayesinde h\u0131zl\u0131 ve g\u00fcvenli kullan\u0131m sa\u011flar.\u00dcr\u00fcn Teknik \u00d6zellikleri<\/p>\n","protected":false},"featured_media":0,"comment_status":"open","ping_status":"closed","template":"","meta":{"_kad_post_transparent":"","_kad_post_title":"","_kad_post_layout":"","_kad_post_sidebar_id":"","_kad_post_content_style":"","_kad_post_vertical_padding":"","_kad_post_feature":"","_kad_post_feature_position":"","_kad_post_header":false,"_kad_post_footer":false,"_kad_post_classname":""},"product_brand":[],"product_cat":[14438],"product_tag":[],"class_list":{"0":"post-108399","1":"product","2":"type-product","3":"status-publish","5":"product_cat-hirdavat-urunleri-yapi-market-bahce-yapi-market-ev-yasam-tork-ve-lokma-anahtar","7":"first","8":"instock","9":"purchasable","10":"product-type-simple","11":"entry","12":"content-bg","13":"loop-entry"},"_links":{"self":[{"href":"https:\/\/www.hediyepazar.com\/index.php?rest_route=\/wp\/v2\/product\/108399","targetHints":{"allow":["GET"]}}],"collection":[{"href":"https:\/\/www.hediyepazar.com\/index.php?rest_route=\/wp\/v2\/product"}],"about":[{"href":"https:\/\/www.hediyepazar.com\/index.php?rest_route=\/wp\/v2\/types\/product"}],"replies":[{"embeddable":true,"href":"https:\/\/www.hediyepazar.com\/index.php?rest_route=%2Fwp%2Fv2%2Fcomments&post=108399"}],"wp:attachment":[{"href":"https:\/\/www.hediyepazar.com\/index.php?rest_route=%2Fwp%2Fv2%2Fmedia&parent=108399"}],"wp:term":[{"taxonomy":"product_brand","embeddable":true,"href":"https:\/\/www.hediyepazar.com\/index.php?rest_route=%2Fwp%2Fv2%2Fproduct_brand&post=108399"},{"taxonomy":"product_cat","embeddable":true,"href":"https:\/\/www.hediyepazar.com\/index.php?rest_route=%2Fwp%2Fv2%2Fproduct_cat&post=108399"},{"taxonomy":"product_tag","embeddable":true,"href":"https:\/\/www.hediyepazar.com\/index.php?rest_route=%2Fwp%2Fv2%2Fproduct_tag&post=108399"}],"curies":[{"name":"wp","href":"https:\/\/api.w.org\/{rel}","templated":true}]}}