{"id":108413,"date":"2026-05-05T00:07:00","date_gmt":"2026-05-05T03:07:00","guid":{"rendered":"https:\/\/www.hediyepazar.com\/?product=turk-ronningen-yumurta-kesici-dilimleyici"},"modified":"2026-05-05T00:07:00","modified_gmt":"2026-05-05T03:07:00","slug":"turk-ronningen-yumurta-kesici-dilimleyici","status":"publish","type":"product","link":"https:\/\/www.hediyepazar.com\/?product=turk-ronningen-yumurta-kesici-dilimleyici","title":{"rendered":"Turk Ronningen Yumurta Kesici Dilimleyici"},"content":{"rendered":"<p>\t<strong>\u00dcr\u00fcn \u00d6zellikleri : <\/strong><\/p>\n<p>\t<strong>Renk : Resimdeki Renklerde de\u011fi\u015fiklikler olabilir<\/strong><\/p>\n<p>\t<strong>Adet : 1 <\/strong><\/p>\n<p>\t<strong>\u00d6l\u00e7\u00fcler : 11 x 8 x 3 cm<\/strong><\/p>\n<p>\tBu m\u00fckemmel kompakt yumurta dilimleyici, yumurtalar\u0131 ince oval dilimler veya kal\u0131n kamalar halinde keser ve restoran ve ev kullan\u0131m\u0131 i\u00e7in m\u00fckemmeldir. Paslanmaz \u00e7elik teller ve plastik taban ile tasarlanm\u0131\u015ft\u0131r. Hafif ve temizlenmesi ve bak\u0131m\u0131 kolayd\u0131r. Sadece bu pi\u015firme kab\u0131n\u0131 sabun ve suyla y\u0131kay\u0131n ve suyunu s\u00fczmeye b\u0131rak\u0131n veya bula\u015f\u0131k makinesinin \u00fcst raf\u0131na at\u0131n. G\u0131da s\u0131n\u0131f\u0131 paslanmaz \u00e7elik teller asla paslanmayacakt\u0131r. Yumurta salatalar\u0131, soslar, sandvi\u00e7ler, kahvalt\u0131, beslenme \u00e7antas\u0131 i\u00e7in kat\u0131 ha\u015flanm\u0131\u015f yumurtalar\u0131 kesin<\/p>\n<p>\tSert Ha\u015flanm\u0131\u015f Yumurta Par\u00e7alar\u0131n\u0131 M\u00fckemmel \u015eekilde Dilimlemenize ve Kama Etmenize Yard\u0131mc\u0131 Olur. \u00c7antan\u0131za uyacak \u015fekilde kolayca katlanabilir.<\/p>\n<p>\tManuel Yumurta Do\u011fray\u0131c\u0131 H\u0131zl\u0131 ve Kullan\u0131m\u0131 Kolayd\u0131r; Yumurtay\u0131 Y\u00fczeye Yerle\u015ftirin, A\u015fa\u011f\u0131 \u00c7ekin ve Hassas Dilimlerin Keyfini \u00c7\u0131kar\u0131n<\/p>\n<p>\t<strong>Ekran fark\u0131 nedeniyle, renk tonlar\u0131 %0,5 oran\u0131nda fark, Manuel \u00f6l\u00e7\u00fcm nedeniyle MM fark olabilir. anlay\u0131\u015f g\u00f6stermenizi rica ederiz. <\/strong><\/p>\n<p>\tDETAYLI B\u0130LG\u0130 \u0130\u00c7\u0130N EK RES\u0130MLER\u0130 \u0130NCELEYEB\u0130L\u0130RS\u0130N\u0130Z.\t<\/p>\n","protected":false},"excerpt":{"rendered":"<p>\u00dcr\u00fcn \u00d6zellikleri : Renk : Resimdeki Renklerde de\u011fi\u015fiklikler olabilir Adet : 1 \u00d6l\u00e7\u00fcler : 11 x 8 x 3 cm Bu m\u00fckemmel kompakt yumurta dilimleyici, yumurtalar\u0131 ince oval dilimler veya kal\u0131n kamalar halinde keser ve restoran ve ev kullan\u0131m\u0131 i\u00e7in m\u00fckemmeldir. Paslanmaz \u00e7elik teller ve plastik taban ile tasarlanm\u0131\u015ft\u0131r. Hafif ve temizlenmesi ve bak\u0131m\u0131 kolayd\u0131r&#8230;.<\/p>\n","protected":false},"featured_media":108412,"comment_status":"open","ping_status":"closed","template":"","meta":{"_kad_post_transparent":"","_kad_post_title":"","_kad_post_layout":"","_kad_post_sidebar_id":"","_kad_post_content_style":"","_kad_post_vertical_padding":"","_kad_post_feature":"","_kad_post_feature_position":"","_kad_post_header":false,"_kad_post_footer":false,"_kad_post_classname":""},"product_brand":[],"product_cat":[7826],"product_tag":[],"class_list":{"0":"post-108413","1":"product","2":"type-product","3":"status-publish","4":"has-post-thumbnail","6":"product_cat-endustriyel-mutfak-ekipmanlari-sofra-sofra-mutfak-ev-yasam-endustriyel-mutfak-ekipmanlari","8":"first","9":"instock","10":"purchasable","11":"product-type-simple","12":"entry","13":"content-bg","14":"loop-entry"},"_links":{"self":[{"href":"https:\/\/www.hediyepazar.com\/index.php?rest_route=\/wp\/v2\/product\/108413","targetHints":{"allow":["GET"]}}],"collection":[{"href":"https:\/\/www.hediyepazar.com\/index.php?rest_route=\/wp\/v2\/product"}],"about":[{"href":"https:\/\/www.hediyepazar.com\/index.php?rest_route=\/wp\/v2\/types\/product"}],"replies":[{"embeddable":true,"href":"https:\/\/www.hediyepazar.com\/index.php?rest_route=%2Fwp%2Fv2%2Fcomments&post=108413"}],"wp:featuredmedia":[{"embeddable":true,"href":"https:\/\/www.hediyepazar.com\/index.php?rest_route=\/wp\/v2\/media\/108412"}],"wp:attachment":[{"href":"https:\/\/www.hediyepazar.com\/index.php?rest_route=%2Fwp%2Fv2%2Fmedia&parent=108413"}],"wp:term":[{"taxonomy":"product_brand","embeddable":true,"href":"https:\/\/www.hediyepazar.com\/index.php?rest_route=%2Fwp%2Fv2%2Fproduct_brand&post=108413"},{"taxonomy":"product_cat","embeddable":true,"href":"https:\/\/www.hediyepazar.com\/index.php?rest_route=%2Fwp%2Fv2%2Fproduct_cat&post=108413"},{"taxonomy":"product_tag","embeddable":true,"href":"https:\/\/www.hediyepazar.com\/index.php?rest_route=%2Fwp%2Fv2%2Fproduct_tag&post=108413"}],"curies":[{"name":"wp","href":"https:\/\/api.w.org\/{rel}","templated":true}]}}