{"id":108417,"date":"2026-05-05T00:07:10","date_gmt":"2026-05-05T03:07:10","guid":{"rendered":"https:\/\/www.hediyepazar.com\/?product=turk-sciacca-mini-cirpici-celik-2-adet"},"modified":"2026-05-05T00:07:10","modified_gmt":"2026-05-05T03:07:10","slug":"turk-sciacca-mini-cirpici-celik-2-adet","status":"publish","type":"product","link":"https:\/\/www.hediyepazar.com\/?product=turk-sciacca-mini-cirpici-celik-2-adet","title":{"rendered":"Turk Sciacca Mini \u00c7\u0131rp\u0131c\u0131 \u00c7elik 2 adet"},"content":{"rendered":"<p>\t<strong>\u00dcr\u00fcn \u00d6zellikleri : <\/strong><\/p>\n<p>\t<strong>Materyal : <\/strong>% 100 Paslanmaz \u00c7elik<\/p>\n<p>\t<strong>Adet \/ Renk \/ Tasar\u0131m : 2\u00a0<\/strong>Adet, Turk Design olarak tasarlad\u0131\u011f\u0131m\u0131z, resimde yer alan rengi, s\u00fcrpriz ya\u015famamamn\u0131z i\u00e7in birebir g\u00f6nderiyoruz<\/p>\n<p>\t<strong>\u00d6l\u00e7\u00fcler (bir cep telefonu ortalama 16 cm dir. K\u0131yaslaman\u0131z i\u00e7in kolayl\u0131k de\u011fil mi ? ) : 12 CM\u00a0<\/strong><\/p>\n<p>\t<strong style=\"color: rgb(0, 128, 0);\">\u00d6NE \u00c7IKAN \u00d6ZELL\u0130K : Nano \u00f6zeli\u011fiyle, yiyeceklerin yap\u0131\u015fmas\u0131n\u0131 \u00f6nler ve daha kolay temizlenir\u00a0<\/strong><\/p>\n<p>\tMini el tipi yumurta kar\u0131\u015ft\u0131r\u0131c\u0131, yumurtalar\u0131, soslar\u0131 ve \u00fcst malzemeleri kar\u0131\u015ft\u0131rmak i\u00e7in idealdir, ayr\u0131ca buz, \u015feker, eritilmi\u015f \u00e7ikolata ve taze krema kar\u0131\u015f\u0131m\u0131 i\u00e7in iyi bir yard\u0131mc\u0131d\u0131r. , tur\u015fular\u0131, , kek hamurunu, g\u00f6zleme kar\u0131\u015f\u0131m\u0131n\u0131 ve daha fazlas\u0131n\u0131 kar\u0131\u015ft\u0131rmak i\u00e7in m\u00fckemmel<\/p>\n<p>\t\u00c7\u0131rp\u0131c\u0131 y\u00fcksek kaliteli Nano Paslanmaz \u00c7elik&#8217;ten yap\u0131lm\u0131\u015ft\u0131r, bu nedenle zamanla profesyonel kalitede malzemelerden paslanma konusunda endi\u015felenmenize gerek yoktur.<br \/>\tH\u0131zl\u0131, rahat, zahmetsiz kar\u0131\u015ft\u0131rma ve sallama i\u00e7in<br \/>\tHafif, kullan\u0131m\u0131 kolay ve temiz.<br \/>\tBu mucize e\u015fya saniyeler i\u00e7inde kar\u0131\u015ft\u0131rabilir, \u00e7\u0131rpabilir, k\u00f6p\u00fcrtebilir<\/p>\n<p>\t<strong>Sa\u011flam malzeme:<\/strong> \u00c7\u0131rp\u0131c\u0131, sa\u011flam bir sertle\u015ftirilmi\u015f paslanmaz \u00e7elik kulp ve dayan\u0131kl\u0131 bir nano paslanmaz \u00e7elik bobinden yap\u0131lm\u0131\u015ft\u0131r. Yumu\u015fak \u00e7\u0131rpma aleti mutfak gere\u00e7lerini \u00e7izmez, daha fazla el hissi verir.<\/p>\n<p>\t<strong>Kullan\u0131m\u0131 kolay: <\/strong>Bu \u00e7\u0131rp\u0131c\u0131n\u0131n temizlenmesi kolayd\u0131r ve bula\u015f\u0131k makinesinde y\u0131kanabilir. Kal\u0131n baharatlara ve kal\u0131n malzemelere dayanabilir. Mutfak \u00e7\u0131rpma sap\u0131nda, temizlikten sonra asmak ve saklamak i\u00e7in uygun bir asma deli\u011fi vard\u0131r.<\/p>\n<p>\t<strong>Y\u00fckseltilmi\u015f tasar\u0131m:\u00a0 t<\/strong>eli s\u00fcper dayan\u0131kl\u0131 hale getiren 1,3 mm tel \u00e7ap\u0131na sahiptir. Siz \u00e7al\u0131\u015f\u0131rken tencere, tava, kase veya di\u011fer tabaklar\u0131n\u0131za zarar vermez veya \u00e7izmez en sevdi\u011fin yemekleri yapabilirsin ! Renk de\u011fi\u015fikli\u011fi, deformasyon veya erime yapmaz.<\/p>\n<p>\t<strong>ERGONOM\u0130K OLARAK PLAST\u0130K KOL, S\u0130ZE RAHAT B\u0130R TUTU\u015e SA\u011eLAR: <\/strong>Avucunuzun i\u00e7ine rahat\u00e7a oturmas\u0131n\u0131 sa\u011flar. Islak ellerde bile sap kaymaz.<\/p>\n<p>\t<strong>Y\u00dcKSEK PERFORMANS, DAYANIKLI VE G\u00dcVENL\u0130 -: 240\u00a0<\/strong>\u00a0dereceye kadar y\u00fcksek \u0131s\u0131ya dayan\u0131kl\u0131 olmas\u0131n\u0131 sa\u011flar. En sevdi\u011finiz yiyecekleri yaparken g\u00fc\u00e7l\u00fc \u00e7\u0131rpma ve havaland\u0131rma i\u00e7in t\u00fcm farkl\u0131 pi\u015firme ihtiya\u00e7lar\u0131n\u0131z\u0131 kar\u015f\u0131layacakt\u0131r.<\/p>\n<p>\t<strong>M\u00dcKEMMEL SATI\u015e SONRASI H\u0130ZMET : <\/strong>Turk \/ Turk olarak m\u00fc\u015fterilerimize en iyi hizmeti sunmay\u0131 ama\u00e7l\u0131yor, g\u00fcvenle sat\u0131n alabilmeniz i\u00e7in, ambalaj kalitemize g\u00fcveniyor, her \u00fcr\u00fcn sorunsuz teslimat i\u00e7in \u00f6zenle paketliyor ve resimde belirtilen renk, ebat, \u00f6zelikte \u00fcr\u00fcn g\u00f6ndermeyi taahh\u00fct ediyoruz. Hasarl\u0131 \u00fcr\u00fcn ald\u0131ysan\u0131z veya di\u011fer \u00fcr\u00fcn ve paket teslimat sorunlar\u0131 oldu\u011funda bizimle ileti\u015fime ge\u00e7mekten \u00e7ekinmeyin.<\/p>\n<p>\t<strong>Detayl\u0131 bilgi i\u00e7in ek resimleri inceleyebilirsiniz<\/strong><\/p>\n<p><\/p>\n<p>\t<strong><strong> <\/strong><\/strong><\/p>\n<p>\t\u00a0<\/p>\n","protected":false},"excerpt":{"rendered":"<p>\u00dcr\u00fcn \u00d6zellikleri : Materyal : % 100 Paslanmaz \u00c7elik Adet \/ Renk \/ Tasar\u0131m : 2\u00a0Adet, Turk Design olarak tasarlad\u0131\u011f\u0131m\u0131z, resimde yer alan rengi, s\u00fcrpriz ya\u015famamamn\u0131z i\u00e7in birebir g\u00f6nderiyoruz \u00d6l\u00e7\u00fcler (bir cep telefonu ortalama 16 cm dir. K\u0131yaslaman\u0131z i\u00e7in kolayl\u0131k de\u011fil mi ? ) : 12 CM\u00a0 \u00d6NE \u00c7IKAN \u00d6ZELL\u0130K : Nano \u00f6zeli\u011fiyle, yiyeceklerin yap\u0131\u015fmas\u0131n\u0131&#8230;<\/p>\n","protected":false},"featured_media":108416,"comment_status":"open","ping_status":"closed","template":"","meta":{"_kad_post_transparent":"","_kad_post_title":"","_kad_post_layout":"","_kad_post_sidebar_id":"","_kad_post_content_style":"","_kad_post_vertical_padding":"","_kad_post_feature":"","_kad_post_feature_position":"","_kad_post_header":false,"_kad_post_footer":false,"_kad_post_classname":""},"product_brand":[],"product_cat":[14352],"product_tag":[],"class_list":{"0":"post-108417","1":"product","2":"type-product","3":"status-publish","4":"has-post-thumbnail","6":"product_cat-cirpici-yemek-hazirlik-sofra-mutfak-ev-yasam-cirpici","8":"first","9":"instock","10":"purchasable","11":"product-type-simple","12":"entry","13":"content-bg","14":"loop-entry"},"_links":{"self":[{"href":"https:\/\/www.hediyepazar.com\/index.php?rest_route=\/wp\/v2\/product\/108417","targetHints":{"allow":["GET"]}}],"collection":[{"href":"https:\/\/www.hediyepazar.com\/index.php?rest_route=\/wp\/v2\/product"}],"about":[{"href":"https:\/\/www.hediyepazar.com\/index.php?rest_route=\/wp\/v2\/types\/product"}],"replies":[{"embeddable":true,"href":"https:\/\/www.hediyepazar.com\/index.php?rest_route=%2Fwp%2Fv2%2Fcomments&post=108417"}],"wp:featuredmedia":[{"embeddable":true,"href":"https:\/\/www.hediyepazar.com\/index.php?rest_route=\/wp\/v2\/media\/108416"}],"wp:attachment":[{"href":"https:\/\/www.hediyepazar.com\/index.php?rest_route=%2Fwp%2Fv2%2Fmedia&parent=108417"}],"wp:term":[{"taxonomy":"product_brand","embeddable":true,"href":"https:\/\/www.hediyepazar.com\/index.php?rest_route=%2Fwp%2Fv2%2Fproduct_brand&post=108417"},{"taxonomy":"product_cat","embeddable":true,"href":"https:\/\/www.hediyepazar.com\/index.php?rest_route=%2Fwp%2Fv2%2Fproduct_cat&post=108417"},{"taxonomy":"product_tag","embeddable":true,"href":"https:\/\/www.hediyepazar.com\/index.php?rest_route=%2Fwp%2Fv2%2Fproduct_tag&post=108417"}],"curies":[{"name":"wp","href":"https:\/\/api.w.org\/{rel}","templated":true}]}}