{"id":108423,"date":"2026-05-05T00:07:57","date_gmt":"2026-05-05T03:07:57","guid":{"rendered":"https:\/\/www.hediyepazar.com\/?product=turk-kilitlenebilir-metal-lavabo-evye-suzgeci-2-adet"},"modified":"2026-05-05T00:07:57","modified_gmt":"2026-05-05T03:07:57","slug":"turk-kilitlenebilir-metal-lavabo-evye-suzgeci-2-adet","status":"publish","type":"product","link":"https:\/\/www.hediyepazar.com\/?product=turk-kilitlenebilir-metal-lavabo-evye-suzgeci-2-adet","title":{"rendered":"Turk Kilitlenebilir Metal Lavabo Evye S\u00fczgeci 2 ADET"},"content":{"rendered":"<p>\t<strong>\u00dcr\u00fcn \u00d6zellikleri : <\/strong><\/p>\n<p>\t<strong>Materyal : <\/strong>Paslanmaz \u00c7elik<\/p>\n<p>\t<strong>Adet \/ Renk \/ Tasar\u0131m : 2\u00a0<\/strong>Adet, Turk Figgini Design olarak tasarlad\u0131\u011f\u0131m\u0131z, resimde yer alan KROM rengi, s\u00fcrpriz ya\u015famamamn\u0131z i\u00e7in birebir g\u00f6nderiyoruz<br \/>\t<strong>\u00d6l\u00e7\u00fcler : \u00c7ap :<\/strong> 5,5 cm\u00a0<\/p>\n<p>\t<strong>GEN\u0130\u015e KULLANIM ALANI : Mutfak lavabosu, banyo, \u00e7ama\u015f\u0131r odas\u0131, balkon lavabosu, evcil hayvan d\u00fckkan\u0131, berber d\u00fckkan\u0131, g\u00fczellik salonu vb.<\/strong><\/p>\n<p>\t<strong>KAL\u0130TEL\u0130 YAPI :<\/strong> Kal\u0131nla\u015ft\u0131r\u0131lm\u0131\u015f paslanmaz \u00e7elikten yap\u0131lm\u0131\u015ft\u0131r.G\u00fcvenilir yap\u0131, paslanmaz, uzun s\u00fcreli kullan\u0131m, t\u0131kanma yok. Sa\u011flam yap\u0131s\u0131, g\u00fc\u00e7l\u00fc su bas\u0131nc\u0131 alt\u0131nda bile dayan\u0131kl\u0131 ve deforme olmamas\u0131n\u0131 sa\u011flar.<\/p>\n<p>\t<strong>DEL\u0130K TASARIMI :<\/strong> Lavaboyu t\u0131kamayacak ve temizli\u011fi zorla\u015ft\u0131ran k\u00fc\u00e7\u00fck par\u00e7ac\u0131klar\u0131 etkili bir \u015fekilde tutar ve bar\u0131nd\u0131rabilir.<\/p>\n<p>\t<strong>KULLANICI DOSTU TASARLANMI\u015eTIR: <\/strong>Keskin kenarlar yoktur, bu nedenle lavabonuzu ve ellerinizi \u00e7izmez veya zarar vermez.<\/p>\n<p>\t<strong>\u00c7OK EVYE S\u00dcZGEC\u0130S\u0130 \u0130\u00c7\u0130N UYUMLU:<\/strong> T\u00fcrkiye standartlar\u0131nda %95 oran\u0131nda kullan\u0131lan lavabo deliklerine uyar. Bu \u00fcr\u00fcn standart lavabo s\u00fczgecine ek olarak daha hassas kir tutmas\u0131 i\u00e7in tasarlanm\u0131\u015ft\u0131r.<\/p>\n<p>\t<strong>K\u0130L\u0130TL\u0130 TASARIM <\/strong>: Ortas\u0131na tak\u0131lacak kancal\u0131 tel ile mevcut lavabo giderindeki s\u00fczgece tak\u0131larak sabitlenir ve \u00e7\u0131kar\u0131laca\u011f\u0131 zaman sadece hafif\u00e7e \u00e7ekmeniz yeterli olacakt\u0131r.\u00a0<\/p>\n<p>\t<strong>M\u00dcKEMMEL SATI\u015e SONRASI H\u0130ZMET : <\/strong>Turk \/ Turk olarak m\u00fc\u015fterilerimize en iyi hizmeti sunmay\u0131 ama\u00e7l\u0131yor, g\u00fcvenle sat\u0131n alabilmeniz i\u00e7in, ambalaj kalitemize g\u00fcveniyor, her \u00fcr\u00fcn sorunsuz teslimat i\u00e7in \u00f6zenle paketliyor ve resimde belirtilen renk, ebat, \u00f6zelikte \u00fcr\u00fcn g\u00f6ndermeyi taahh\u00fct ediyoruz. Hasarl\u0131 \u00fcr\u00fcn ald\u0131ysan\u0131z veya di\u011fer \u00fcr\u00fcn ve paket teslimat sorunlar\u0131 oldu\u011funda bizimle ileti\u015fime ge\u00e7mekten \u00e7ekinmeyin.<\/p>\n","protected":false},"excerpt":{"rendered":"<p>\u00dcr\u00fcn \u00d6zellikleri : Materyal : Paslanmaz \u00c7elik Adet \/ Renk \/ Tasar\u0131m : 2\u00a0Adet, Turk Figgini Design olarak tasarlad\u0131\u011f\u0131m\u0131z, resimde yer alan KROM rengi, s\u00fcrpriz ya\u015famamamn\u0131z i\u00e7in birebir g\u00f6nderiyoruz \u00d6l\u00e7\u00fcler : \u00c7ap : 5,5 cm\u00a0 GEN\u0130\u015e KULLANIM ALANI : Mutfak lavabosu, banyo, \u00e7ama\u015f\u0131r odas\u0131, balkon lavabosu, evcil hayvan d\u00fckkan\u0131, berber d\u00fckkan\u0131, g\u00fczellik salonu vb. KAL\u0130TEL\u0130&#8230;<\/p>\n","protected":false},"featured_media":108422,"comment_status":"open","ping_status":"closed","template":"","meta":{"_kad_post_transparent":"","_kad_post_title":"","_kad_post_layout":"","_kad_post_sidebar_id":"","_kad_post_content_style":"","_kad_post_vertical_padding":"","_kad_post_feature":"","_kad_post_feature_position":"","_kad_post_header":false,"_kad_post_footer":false,"_kad_post_classname":""},"product_brand":[],"product_cat":[14212],"product_tag":[],"class_list":{"0":"post-108423","1":"product","2":"type-product","3":"status-publish","4":"has-post-thumbnail","6":"product_cat-lavabo-acici-ve-tikaclar-sofra-sofra-mutfak-ev-yasam-lavabo-acici-ve-tikaclar","8":"first","9":"instock","10":"purchasable","11":"product-type-simple","12":"entry","13":"content-bg","14":"loop-entry"},"_links":{"self":[{"href":"https:\/\/www.hediyepazar.com\/index.php?rest_route=\/wp\/v2\/product\/108423","targetHints":{"allow":["GET"]}}],"collection":[{"href":"https:\/\/www.hediyepazar.com\/index.php?rest_route=\/wp\/v2\/product"}],"about":[{"href":"https:\/\/www.hediyepazar.com\/index.php?rest_route=\/wp\/v2\/types\/product"}],"replies":[{"embeddable":true,"href":"https:\/\/www.hediyepazar.com\/index.php?rest_route=%2Fwp%2Fv2%2Fcomments&post=108423"}],"wp:featuredmedia":[{"embeddable":true,"href":"https:\/\/www.hediyepazar.com\/index.php?rest_route=\/wp\/v2\/media\/108422"}],"wp:attachment":[{"href":"https:\/\/www.hediyepazar.com\/index.php?rest_route=%2Fwp%2Fv2%2Fmedia&parent=108423"}],"wp:term":[{"taxonomy":"product_brand","embeddable":true,"href":"https:\/\/www.hediyepazar.com\/index.php?rest_route=%2Fwp%2Fv2%2Fproduct_brand&post=108423"},{"taxonomy":"product_cat","embeddable":true,"href":"https:\/\/www.hediyepazar.com\/index.php?rest_route=%2Fwp%2Fv2%2Fproduct_cat&post=108423"},{"taxonomy":"product_tag","embeddable":true,"href":"https:\/\/www.hediyepazar.com\/index.php?rest_route=%2Fwp%2Fv2%2Fproduct_tag&post=108423"}],"curies":[{"name":"wp","href":"https:\/\/api.w.org\/{rel}","templated":true}]}}