{"id":108468,"date":"2026-05-05T00:19:31","date_gmt":"2026-05-05T03:19:31","guid":{"rendered":"https:\/\/www.hediyepazar.com\/?product=turk-emaye-mangal-katlanir-ayakli-no1-44-x-27-cm"},"modified":"2026-05-05T00:19:31","modified_gmt":"2026-05-05T03:19:31","slug":"turk-emaye-mangal-katlanir-ayakli-no1-44-x-27-cm","status":"publish","type":"product","link":"https:\/\/www.hediyepazar.com\/?product=turk-emaye-mangal-katlanir-ayakli-no1-44-x-27-cm","title":{"rendered":"Turk Emaye Mangal Katlan\u0131r Ayakl\u0131 NO:1 44 X 27 cm"},"content":{"rendered":"<p>\t<strong>\u00dcr\u00fcn \u00d6zellikleri : <\/strong><\/p>\n<p>\t<strong>ET VE D\u0130\u011eER Y\u0130YECEKLER \u00dcR\u00dcNE DAH\u0130L DE\u011e\u0130LD\u0130R.. <\/strong><\/p>\n<p>\t<strong>Materyal : Emaye\u00a0<\/strong><\/p>\n<p>\t<strong>Adet \/ Renk \/ Tasar\u0131m : <\/strong> 1 Adet mangal+ 2 adet mangal yelpaze hediyesiyle, Turk Design olarak tasarlad\u0131\u011f\u0131m\u0131z, resimde yer alan rengi, s\u00fcrpriz ya\u015famaman\u0131z i\u00e7in birebir g\u00f6nderiyoruz<\/p>\n<p>\t<strong>\u00d6l\u00e7\u00fcler (bir cep telefonu ortalama 16 cm dir. K\u0131yaslaman\u0131z i\u00e7in kolayl\u0131k de\u011fil mi ? ) : 44 x 27 x 8 cm &#8211; toplam y\u00fckseklik 42 cm\u00a0<\/strong><\/p>\n<p>\tD\u00f6k\u00fcm malzemenin, \u00fczerine eriyik cam\u0131n d\u00f6k\u00fcl\u00fcp kapland\u0131ktan sonra 800\u00a0 C gibi y\u00fcksek s\u0131cakl\u0131kta f\u0131r\u0131nlanmas\u0131yla elde edilen EMAYE&#8217;den \u00fcrettik.<\/p>\n<p>\t<strong>M\u00dcKEMMEL SATI\u015e SONRASI H\u0130ZMET : <\/strong>Bu \u00fcr\u00fcne daha avantajl\u0131 sahip olabilmeniz i\u00e7in ma\u011fazam\u0131z\u0131 ziyaret ederek, kampanyalar\u0131 inceleyebilirsiniz. Turk \/ Turk olarak m\u00fc\u015fterilerimize en iyi hizmeti sunmay\u0131 ama\u00e7l\u0131yor, g\u00fcvenle sat\u0131n alabilmeniz i\u00e7in, ambalaj kalitemize g\u00fcveniyor, her \u00fcr\u00fcn sorunsuz teslimat i\u00e7in \u00f6zenle paketliyor ve resimde belirtilen renk, ebat, \u00f6zelikte \u00fcr\u00fcn g\u00f6ndermeyi taahh\u00fct ediyoruz. Hasarl\u0131 \u00fcr\u00fcn ald\u0131ysan\u0131z veya di\u011fer \u00fcr\u00fcn ve paket teslimat sorunlar\u0131 oldu\u011funda bizimle ileti\u015fime ge\u00e7mekten \u00e7ekinmeyin.<\/p>\n<p>\t<strong>Detayl\u0131 bilgi i\u00e7in ek resimleri inceleyebilirsiniz<\/strong><\/p>\n<p><\/p>\n<p>\t<strong><strong> <\/strong><\/strong><\/p>\n<p>\t\u00a0<\/p>\n","protected":false},"excerpt":{"rendered":"<p>\u00dcr\u00fcn \u00d6zellikleri : ET VE D\u0130\u011eER Y\u0130YECEKLER \u00dcR\u00dcNE DAH\u0130L DE\u011e\u0130LD\u0130R.. Materyal : Emaye\u00a0 Adet \/ Renk \/ Tasar\u0131m : 1 Adet mangal+ 2 adet mangal yelpaze hediyesiyle, Turk Design olarak tasarlad\u0131\u011f\u0131m\u0131z, resimde yer alan rengi, s\u00fcrpriz ya\u015famaman\u0131z i\u00e7in birebir g\u00f6nderiyoruz \u00d6l\u00e7\u00fcler (bir cep telefonu ortalama 16 cm dir. K\u0131yaslaman\u0131z i\u00e7in kolayl\u0131k de\u011fil mi ? )&#8230;<\/p>\n","protected":false},"featured_media":108467,"comment_status":"open","ping_status":"closed","template":"","meta":{"_kad_post_transparent":"","_kad_post_title":"","_kad_post_layout":"","_kad_post_sidebar_id":"","_kad_post_content_style":"","_kad_post_vertical_padding":"","_kad_post_feature":"","_kad_post_feature_position":"","_kad_post_header":false,"_kad_post_footer":false,"_kad_post_classname":""},"product_brand":[],"product_cat":[14394],"product_tag":[],"class_list":{"0":"post-108468","1":"product","2":"type-product","3":"status-publish","4":"has-post-thumbnail","6":"product_cat-piknik-seti-mangal-ve-barbeku-bahce-ev-yasam-piknik-seti","8":"first","9":"instock","10":"purchasable","11":"product-type-simple","12":"entry","13":"content-bg","14":"loop-entry"},"_links":{"self":[{"href":"https:\/\/www.hediyepazar.com\/index.php?rest_route=\/wp\/v2\/product\/108468","targetHints":{"allow":["GET"]}}],"collection":[{"href":"https:\/\/www.hediyepazar.com\/index.php?rest_route=\/wp\/v2\/product"}],"about":[{"href":"https:\/\/www.hediyepazar.com\/index.php?rest_route=\/wp\/v2\/types\/product"}],"replies":[{"embeddable":true,"href":"https:\/\/www.hediyepazar.com\/index.php?rest_route=%2Fwp%2Fv2%2Fcomments&post=108468"}],"wp:featuredmedia":[{"embeddable":true,"href":"https:\/\/www.hediyepazar.com\/index.php?rest_route=\/wp\/v2\/media\/108467"}],"wp:attachment":[{"href":"https:\/\/www.hediyepazar.com\/index.php?rest_route=%2Fwp%2Fv2%2Fmedia&parent=108468"}],"wp:term":[{"taxonomy":"product_brand","embeddable":true,"href":"https:\/\/www.hediyepazar.com\/index.php?rest_route=%2Fwp%2Fv2%2Fproduct_brand&post=108468"},{"taxonomy":"product_cat","embeddable":true,"href":"https:\/\/www.hediyepazar.com\/index.php?rest_route=%2Fwp%2Fv2%2Fproduct_cat&post=108468"},{"taxonomy":"product_tag","embeddable":true,"href":"https:\/\/www.hediyepazar.com\/index.php?rest_route=%2Fwp%2Fv2%2Fproduct_tag&post=108468"}],"curies":[{"name":"wp","href":"https:\/\/api.w.org\/{rel}","templated":true}]}}