{"id":108472,"date":"2026-05-05T00:20:31","date_gmt":"2026-05-05T03:20:31","guid":{"rendered":"https:\/\/www.hediyepazar.com\/?product=turk-sirt-kasima-aparati-plastik-sirt-kasiyici-2-li-set"},"modified":"2026-05-05T00:20:31","modified_gmt":"2026-05-05T03:20:31","slug":"turk-sirt-kasima-aparati-plastik-sirt-kasiyici-2-li-set","status":"publish","type":"product","link":"https:\/\/www.hediyepazar.com\/?product=turk-sirt-kasima-aparati-plastik-sirt-kasiyici-2-li-set","title":{"rendered":"Turk S\u0131rt Ka\u015f\u0131ma Aparat\u0131 &#8211; Plastik S\u0131rt Ka\u015f\u0131y\u0131c\u0131 2 li set"},"content":{"rendered":"<p>\t\u00dcr\u00fcn A\u00e7\u0131klamas\u0131: TRANSFORMACION PERSONAL PROFESSIONAL &#8211; S\u0131rt Ka\u015f\u0131y\u0131c\u0131 (2&#8217;li &#8211; , 45 cm)<br \/>\tBu \u015f\u0131k ve fonksiyonel plastik s\u0131rt ka\u015f\u0131y\u0131c\u0131, 2&#8217;li set halinde sunulmakta ve her biri 45 cm uzunlu\u011funda olup, hem ka\u015f\u0131ma hem de masaj fonksiyonlar\u0131yla \u00f6ne \u00e7\u0131kar.\u00a0 Ergonomik yap\u0131s\u0131 sayesinde s\u0131rt\u0131n ula\u015f\u0131lmas\u0131 g\u00fc\u00e7 b\u00f6lgelerine konforlu eri\u015fim imkan\u0131 sa\u011flar. Masaj fonksiyonu, gergin kaslar\u0131n rahatlamas\u0131na yard\u0131mc\u0131 olurken, uzun\u00a0 yap\u0131s\u0131, geni\u015f alanlarda etkili kullan\u0131m sunar.<br \/>\t\u00d6zellikler:\t<\/p>\n","protected":false},"excerpt":{"rendered":"<p>\u00dcr\u00fcn A\u00e7\u0131klamas\u0131: TRANSFORMACION PERSONAL PROFESSIONAL &#8211; S\u0131rt Ka\u015f\u0131y\u0131c\u0131 (2&#8217;li &#8211; , 45 cm) Bu \u015f\u0131k ve fonksiyonel plastik s\u0131rt ka\u015f\u0131y\u0131c\u0131, 2&#8217;li set halinde sunulmakta ve her biri 45 cm uzunlu\u011funda olup, hem ka\u015f\u0131ma hem de masaj fonksiyonlar\u0131yla \u00f6ne \u00e7\u0131kar.\u00a0 Ergonomik yap\u0131s\u0131 sayesinde s\u0131rt\u0131n ula\u015f\u0131lmas\u0131 g\u00fc\u00e7 b\u00f6lgelerine konforlu eri\u015fim imkan\u0131 sa\u011flar. Masaj fonksiyonu, gergin kaslar\u0131n rahatlamas\u0131na&#8230;<\/p>\n","protected":false},"featured_media":0,"comment_status":"open","ping_status":"closed","template":"","meta":{"_kad_post_transparent":"","_kad_post_title":"","_kad_post_layout":"","_kad_post_sidebar_id":"","_kad_post_content_style":"","_kad_post_vertical_padding":"","_kad_post_feature":"","_kad_post_feature_position":"","_kad_post_header":false,"_kad_post_footer":false,"_kad_post_classname":""},"product_brand":[],"product_cat":[14289],"product_tag":[],"class_list":{"0":"post-108472","1":"product","2":"type-product","3":"status-publish","5":"product_cat-diger-saglik-urunleri-genel-saglik-saglik-supermarket-diger-saglik-urunleri","7":"first","8":"instock","9":"purchasable","10":"product-type-simple","11":"entry","12":"content-bg","13":"loop-entry"},"_links":{"self":[{"href":"https:\/\/www.hediyepazar.com\/index.php?rest_route=\/wp\/v2\/product\/108472","targetHints":{"allow":["GET"]}}],"collection":[{"href":"https:\/\/www.hediyepazar.com\/index.php?rest_route=\/wp\/v2\/product"}],"about":[{"href":"https:\/\/www.hediyepazar.com\/index.php?rest_route=\/wp\/v2\/types\/product"}],"replies":[{"embeddable":true,"href":"https:\/\/www.hediyepazar.com\/index.php?rest_route=%2Fwp%2Fv2%2Fcomments&post=108472"}],"wp:attachment":[{"href":"https:\/\/www.hediyepazar.com\/index.php?rest_route=%2Fwp%2Fv2%2Fmedia&parent=108472"}],"wp:term":[{"taxonomy":"product_brand","embeddable":true,"href":"https:\/\/www.hediyepazar.com\/index.php?rest_route=%2Fwp%2Fv2%2Fproduct_brand&post=108472"},{"taxonomy":"product_cat","embeddable":true,"href":"https:\/\/www.hediyepazar.com\/index.php?rest_route=%2Fwp%2Fv2%2Fproduct_cat&post=108472"},{"taxonomy":"product_tag","embeddable":true,"href":"https:\/\/www.hediyepazar.com\/index.php?rest_route=%2Fwp%2Fv2%2Fproduct_tag&post=108472"}],"curies":[{"name":"wp","href":"https:\/\/api.w.org\/{rel}","templated":true}]}}