{"id":108481,"date":"2026-05-05T00:26:16","date_gmt":"2026-05-05T03:26:16","guid":{"rendered":"https:\/\/www.hediyepazar.com\/?product=turk-erkek-gunes-gozlugu-sik-ve-ergonomik-uv-korumali-gozluk"},"modified":"2026-05-05T00:26:16","modified_gmt":"2026-05-05T03:26:16","slug":"turk-erkek-gunes-gozlugu-sik-ve-ergonomik-uv-korumali-gozluk","status":"publish","type":"product","link":"https:\/\/www.hediyepazar.com\/?product=turk-erkek-gunes-gozlugu-sik-ve-ergonomik-uv-korumali-gozluk","title":{"rendered":"Turk Erkek G\u00fcne\u015f G\u00f6zl\u00fc\u011f\u00fc &#8211; \u015e\u0131k ve Ergonomik UV Korumal\u0131 G\u00f6zl\u00fck"},"content":{"rendered":"<p>\t<strong style=\"color: rgb(255, 0, 0);\">Ne alacaks\u0131n\u0131z ? : 1 G\u00fcne\u015f G\u00f6zl\u00fc\u011f\u00fc + 1 Bez + 1 Bez K\u0131l\u0131f\u00a0<\/strong><\/p>\n<p>\tUV400 Koruma \u00d6zellikli G\u00f6zl\u00fck \u2013 \u015e\u0131k ve G\u00fcvenli Tasar\u0131m<\/p>\n<p>\t\u00d6ne \u00c7\u0131kan \u00d6zellikler<\/p>\n<p>\tUV400 Koruma<br \/>\tG\u00f6zlerinizi g\u00fcne\u015fin zararl\u0131 UV-A ve UV-B \u0131\u015f\u0131nlar\u0131na kar\u015f\u0131 %100 korur.<br \/>\t\u015e\u0131k ve Ergonomik Tasar\u0131m<br \/>\tG\u00fcnl\u00fck kullan\u0131m ve profesyonel stil i\u00e7in ideal.<br \/>\tDayan\u0131kl\u0131 ve Hafif Malzeme<br \/>\tUzun s\u00fcreli konforlu kullan\u0131m sa\u011flar.<br \/>\tBurun Aras\u0131: 3 cm | Geni\u015flik: 15 cm | Ekartman: 5 cm | Y\u00fckseklik: 4.2 cm | Sap Uzunlu\u011fu: 15 cm<br \/>\tG\u00f6z Sa\u011fl\u0131\u011f\u0131n\u0131 Koruyan \u00d6zel Lensler<br \/>\tParlamay\u0131 azalt\u0131r, net g\u00f6r\u00fc\u015f sa\u011flar.<br \/>\t\u00dcr\u00fcn A\u00e7\u0131klamas\u0131<\/p>\n<p>\tBu UV400 Koruma \u00d6zellikli G\u00f6zl\u00fck, g\u00f6zlerinizi g\u00fcne\u015fin zararl\u0131 \u0131\u015f\u0131nlar\u0131ndan koruyarak sa\u011fl\u0131kl\u0131 ve konforlu bir kullan\u0131m sunar. UV400 teknolojisi, 400 nanometreye kadar olan UV \u0131\u015f\u0131nlar\u0131n\u0131 engelleyerek hem UV-A (320-400 nm) hem de UV-B (280-320 nm) \u0131\u015f\u0131nlar\u0131na kar\u015f\u0131 tam koruma sa\u011flar. \u015e\u0131k ve ergonomik tasar\u0131m\u0131, g\u00fcnl\u00fck kullan\u0131mda rahatl\u0131k sunarken, dayan\u0131kl\u0131 ve hafif malzemesi uzun s\u00fcreli konfor sa\u011flar. Parlama \u00f6nleyici lensleri, net g\u00f6r\u00fc\u015f sa\u011flarken g\u00f6z yorgunlu\u011funu azalt\u0131r. Burun aral\u0131\u011f\u0131, geni\u015flik ve sap uzunlu\u011fu gibi \u00f6l\u00e7\u00fcleri, y\u00fcz\u00fcn\u00fcze m\u00fckemmel uyum sa\u011flayacak \u015fekilde optimize edilmi\u015ftir.<\/p>\n","protected":false},"excerpt":{"rendered":"<p>Ne alacaks\u0131n\u0131z ? : 1 G\u00fcne\u015f G\u00f6zl\u00fc\u011f\u00fc + 1 Bez + 1 Bez K\u0131l\u0131f\u00a0 UV400 Koruma \u00d6zellikli G\u00f6zl\u00fck \u2013 \u015e\u0131k ve G\u00fcvenli Tasar\u0131m \u00d6ne \u00c7\u0131kan \u00d6zellikler UV400 Koruma G\u00f6zlerinizi g\u00fcne\u015fin zararl\u0131 UV-A ve UV-B \u0131\u015f\u0131nlar\u0131na kar\u015f\u0131 %100 korur. \u015e\u0131k ve Ergonomik Tasar\u0131m G\u00fcnl\u00fck kullan\u0131m ve profesyonel stil i\u00e7in ideal. Dayan\u0131kl\u0131 ve Hafif Malzeme Uzun s\u00fcreli&#8230;<\/p>\n","protected":false},"featured_media":0,"comment_status":"open","ping_status":"closed","template":"","meta":{"_kad_post_transparent":"","_kad_post_title":"","_kad_post_layout":"","_kad_post_sidebar_id":"","_kad_post_content_style":"","_kad_post_vertical_padding":"","_kad_post_feature":"","_kad_post_feature_position":"","_kad_post_header":false,"_kad_post_footer":false,"_kad_post_classname":""},"product_brand":[],"product_cat":[14342],"product_tag":[],"class_list":{"0":"post-108481","1":"product","2":"type-product","3":"status-publish","5":"product_cat-gunes-gozlugu-aksesuar-kadin-gunes-gozlugu","7":"first","8":"instock","9":"purchasable","10":"product-type-simple","11":"entry","12":"content-bg","13":"loop-entry"},"_links":{"self":[{"href":"https:\/\/www.hediyepazar.com\/index.php?rest_route=\/wp\/v2\/product\/108481","targetHints":{"allow":["GET"]}}],"collection":[{"href":"https:\/\/www.hediyepazar.com\/index.php?rest_route=\/wp\/v2\/product"}],"about":[{"href":"https:\/\/www.hediyepazar.com\/index.php?rest_route=\/wp\/v2\/types\/product"}],"replies":[{"embeddable":true,"href":"https:\/\/www.hediyepazar.com\/index.php?rest_route=%2Fwp%2Fv2%2Fcomments&post=108481"}],"wp:attachment":[{"href":"https:\/\/www.hediyepazar.com\/index.php?rest_route=%2Fwp%2Fv2%2Fmedia&parent=108481"}],"wp:term":[{"taxonomy":"product_brand","embeddable":true,"href":"https:\/\/www.hediyepazar.com\/index.php?rest_route=%2Fwp%2Fv2%2Fproduct_brand&post=108481"},{"taxonomy":"product_cat","embeddable":true,"href":"https:\/\/www.hediyepazar.com\/index.php?rest_route=%2Fwp%2Fv2%2Fproduct_cat&post=108481"},{"taxonomy":"product_tag","embeddable":true,"href":"https:\/\/www.hediyepazar.com\/index.php?rest_route=%2Fwp%2Fv2%2Fproduct_tag&post=108481"}],"curies":[{"name":"wp","href":"https:\/\/api.w.org\/{rel}","templated":true}]}}