{"id":108490,"date":"2026-05-05T00:28:02","date_gmt":"2026-05-05T03:28:02","guid":{"rendered":"https:\/\/www.hediyepazar.com\/?product=turk-veneta-6-adet-metal-cay-tabagi-seti"},"modified":"2026-05-05T00:28:02","modified_gmt":"2026-05-05T03:28:02","slug":"turk-veneta-6-adet-metal-cay-tabagi-seti","status":"publish","type":"product","link":"https:\/\/www.hediyepazar.com\/?product=turk-veneta-6-adet-metal-cay-tabagi-seti","title":{"rendered":"Turk Veneta 6 Adet Metal \u00c7ay Taba\u011f\u0131 Seti"},"content":{"rendered":"<p><strong>\u00dcr\u00fcn \u00d6zellikleri : <\/strong><\/p>\n<p><strong>RENK : <\/strong> Turk Veneta  serisi olarak tasarlad\u0131\u011f\u0131m\u0131z bu \u00fcr\u00fcn\u00fc Renk\/tasar\u0131m\u0131  birebir g\u00f6re g\u00f6nderiyoruz. S\u00fcrpriz ya\u015famazs\u0131n\u0131z. <\/p>\n<p><strong>MATERYAL : Paslanmaz \u00c7elik <\/strong>    <\/p>\n<p><strong>ADET : 6 Adet <\/strong>   <\/p>\n<p><strong>\u00dcst\u00fcn kalite paslanmaz \u00e7elik olarak tasarlanm\u0131\u015ft\u0131r. <\/strong> <\/p>\n","protected":false},"excerpt":{"rendered":"<p>\u00dcr\u00fcn \u00d6zellikleri : RENK : Turk Veneta serisi olarak tasarlad\u0131\u011f\u0131m\u0131z bu \u00fcr\u00fcn\u00fc Renk\/tasar\u0131m\u0131 birebir g\u00f6re g\u00f6nderiyoruz. S\u00fcrpriz ya\u015famazs\u0131n\u0131z. MATERYAL : Paslanmaz \u00c7elik ADET : 6 Adet \u00dcst\u00fcn kalite paslanmaz \u00e7elik olarak tasarlanm\u0131\u015ft\u0131r.<\/p>\n","protected":false},"featured_media":108489,"comment_status":"open","ping_status":"closed","template":"","meta":{"_kad_post_transparent":"","_kad_post_title":"","_kad_post_layout":"","_kad_post_sidebar_id":"","_kad_post_content_style":"","_kad_post_vertical_padding":"","_kad_post_feature":"","_kad_post_feature_position":"","_kad_post_header":false,"_kad_post_footer":false,"_kad_post_classname":""},"product_brand":[],"product_cat":[7841],"product_tag":[],"class_list":{"0":"post-108490","1":"product","2":"type-product","3":"status-publish","4":"has-post-thumbnail","6":"product_cat-cay-kahve-yardimcilari-sofra-sofra-mutfak-ev-yasam-cay-kahve-yardimcilari","8":"first","9":"instock","10":"purchasable","11":"product-type-simple","12":"entry","13":"content-bg","14":"loop-entry"},"_links":{"self":[{"href":"https:\/\/www.hediyepazar.com\/index.php?rest_route=\/wp\/v2\/product\/108490","targetHints":{"allow":["GET"]}}],"collection":[{"href":"https:\/\/www.hediyepazar.com\/index.php?rest_route=\/wp\/v2\/product"}],"about":[{"href":"https:\/\/www.hediyepazar.com\/index.php?rest_route=\/wp\/v2\/types\/product"}],"replies":[{"embeddable":true,"href":"https:\/\/www.hediyepazar.com\/index.php?rest_route=%2Fwp%2Fv2%2Fcomments&post=108490"}],"wp:featuredmedia":[{"embeddable":true,"href":"https:\/\/www.hediyepazar.com\/index.php?rest_route=\/wp\/v2\/media\/108489"}],"wp:attachment":[{"href":"https:\/\/www.hediyepazar.com\/index.php?rest_route=%2Fwp%2Fv2%2Fmedia&parent=108490"}],"wp:term":[{"taxonomy":"product_brand","embeddable":true,"href":"https:\/\/www.hediyepazar.com\/index.php?rest_route=%2Fwp%2Fv2%2Fproduct_brand&post=108490"},{"taxonomy":"product_cat","embeddable":true,"href":"https:\/\/www.hediyepazar.com\/index.php?rest_route=%2Fwp%2Fv2%2Fproduct_cat&post=108490"},{"taxonomy":"product_tag","embeddable":true,"href":"https:\/\/www.hediyepazar.com\/index.php?rest_route=%2Fwp%2Fv2%2Fproduct_tag&post=108490"}],"curies":[{"name":"wp","href":"https:\/\/api.w.org\/{rel}","templated":true}]}}