{"id":108510,"date":"2026-05-05T00:32:03","date_gmt":"2026-05-05T03:32:03","guid":{"rendered":"https:\/\/www.hediyepazar.com\/?product=kadin-kolsuz-body-2-adet-17952"},"modified":"2026-05-05T00:32:03","modified_gmt":"2026-05-05T03:32:03","slug":"kadin-kolsuz-body-2-adet-17952","status":"publish","type":"product","link":"https:\/\/www.hediyepazar.com\/?product=kadin-kolsuz-body-2-adet-17952","title":{"rendered":"Kad\u0131n Kolsuz Body (2 Adet)-(17952)"},"content":{"rendered":"<p>&#8211; Her mevsim rahatl\u0131kla tercih edilebilen, zamans\u0131z tasar\u0131m\u0131yla dikkat \u00e7eken d\u00fcz body.; &#8211; Basic koleksiyonun sadeli\u011fini yans\u0131tan, her gard\u0131ropta temel par\u00e7a olarak yerini alacak.; &#8211; Sade ve \u015f\u0131k g\u00f6r\u00fcn\u00fcm\u00fcyle g\u00fcnl\u00fck kullan\u0131m i\u00e7in ideal olan bu body, casual tarz\u0131n\u0131za kolayca uyum sa\u011flar.; &#8211; Tek adet paket i\u00e7eri\u011finde sunulan bu \u00fcr\u00fcn, ekonomik ve pratik bir se\u00e7imdir.; &#8211; Orta kal\u0131nl\u0131\u011f\u0131 sayesinde mevsim ge\u00e7i\u015flerinde de konforlu bir deneyim sunar.; &#8211; T\u00fcrkiye&#8217;de \u00fcretilmi\u015f olup yerel \u00fcretim avantajlar\u0131ndan faydalanman\u0131z\u0131 sa\u011flar.; &#8211; Kad\u0131nlar\u0131n v\u00fccut hatlar\u0131n\u0131 nazik\u00e7e sararak feminen bir siluet olu\u015fturur.; &#8211; Normal boy kesimi ile farkl\u0131 v\u00fccut tiplerine uygunluk g\u00f6sterirken, kolsuz tasar\u0131m yaz aylar\u0131 i\u00e7in serinlik katmaktad\u0131r.; &#8211; Kare yaka detay\u0131 modern ve zarif bir g\u00f6r\u00fcn\u00fcm kazand\u0131r\u0131rken, ask\u0131l\u0131 yap\u0131s\u0131 omuzlar\u0131 hafif\u00e7e a\u00e7\u0131\u011fa \u00e7\u0131kart\u0131r.; &#8211; Modal kuma\u015f\u0131 nefes alabilir \u00f6zellikte olup cildinizle dost dokusuyla g\u00fcn boyu rahat etmenizi sa\u011flar.; &#8211; Pamuk materyali sayesinde yumu\u015fak dokunu\u015fuyla teninizde ho\u015f bir his b\u0131rak\u0131r.<\/p>\n","protected":false},"excerpt":{"rendered":"<p>&#8211; Her mevsim rahatl\u0131kla tercih edilebilen, zamans\u0131z tasar\u0131m\u0131yla dikkat \u00e7eken d\u00fcz body.; &#8211; Basic koleksiyonun sadeli\u011fini yans\u0131tan, her gard\u0131ropta temel par\u00e7a olarak yerini alacak.; &#8211; Sade ve \u015f\u0131k g\u00f6r\u00fcn\u00fcm\u00fcyle g\u00fcnl\u00fck kullan\u0131m i\u00e7in ideal olan bu body, casual tarz\u0131n\u0131za kolayca uyum sa\u011flar.; &#8211; Tek adet paket i\u00e7eri\u011finde sunulan bu \u00fcr\u00fcn, ekonomik ve pratik bir se\u00e7imdir.; &#8211;&#8230;<\/p>\n","protected":false},"featured_media":108509,"comment_status":"open","ping_status":"closed","template":"","meta":{"_kad_post_transparent":"","_kad_post_title":"","_kad_post_layout":"","_kad_post_sidebar_id":"","_kad_post_content_style":"","_kad_post_vertical_padding":"","_kad_post_feature":"","_kad_post_feature_position":"","_kad_post_header":false,"_kad_post_footer":false,"_kad_post_classname":""},"product_brand":[],"product_cat":[14801],"product_tag":[],"class_list":{"0":"post-108510","1":"product","2":"type-product","3":"status-publish","4":"has-post-thumbnail","6":"product_cat-body-giyim-kadin-body-giyim-kadin","8":"first","9":"instock","10":"purchasable","11":"product-type-simple","12":"entry","13":"content-bg","14":"loop-entry"},"_links":{"self":[{"href":"https:\/\/www.hediyepazar.com\/index.php?rest_route=\/wp\/v2\/product\/108510","targetHints":{"allow":["GET"]}}],"collection":[{"href":"https:\/\/www.hediyepazar.com\/index.php?rest_route=\/wp\/v2\/product"}],"about":[{"href":"https:\/\/www.hediyepazar.com\/index.php?rest_route=\/wp\/v2\/types\/product"}],"replies":[{"embeddable":true,"href":"https:\/\/www.hediyepazar.com\/index.php?rest_route=%2Fwp%2Fv2%2Fcomments&post=108510"}],"wp:featuredmedia":[{"embeddable":true,"href":"https:\/\/www.hediyepazar.com\/index.php?rest_route=\/wp\/v2\/media\/108509"}],"wp:attachment":[{"href":"https:\/\/www.hediyepazar.com\/index.php?rest_route=%2Fwp%2Fv2%2Fmedia&parent=108510"}],"wp:term":[{"taxonomy":"product_brand","embeddable":true,"href":"https:\/\/www.hediyepazar.com\/index.php?rest_route=%2Fwp%2Fv2%2Fproduct_brand&post=108510"},{"taxonomy":"product_cat","embeddable":true,"href":"https:\/\/www.hediyepazar.com\/index.php?rest_route=%2Fwp%2Fv2%2Fproduct_cat&post=108510"},{"taxonomy":"product_tag","embeddable":true,"href":"https:\/\/www.hediyepazar.com\/index.php?rest_route=%2Fwp%2Fv2%2Fproduct_tag&post=108510"}],"curies":[{"name":"wp","href":"https:\/\/api.w.org\/{rel}","templated":true}]}}