{"id":108514,"date":"2026-05-05T00:32:33","date_gmt":"2026-05-05T03:32:33","guid":{"rendered":"https:\/\/www.hediyepazar.com\/?product=ip-asklili-bluz-atlet-tshirt-likrali-17952"},"modified":"2026-05-05T00:32:33","modified_gmt":"2026-05-05T03:32:33","slug":"ip-asklili-bluz-atlet-tshirt-likrali-17952","status":"publish","type":"product","link":"https:\/\/www.hediyepazar.com\/?product=ip-asklili-bluz-atlet-tshirt-likrali-17952","title":{"rendered":"\u0130p Askl\u0131l\u0131 Bluz (Atlet- t\u015fhirt) L\u0130KRALI-(17952)"},"content":{"rendered":"<p>&#8211; Her mevsim rahatl\u0131kla tercih edilebilen, zamans\u0131z tasar\u0131m\u0131yla dikkat \u00e7eken d\u00fcz bluz.; &#8211; Basic koleksiyonun sadeli\u011fini yans\u0131tan, g\u00fcnl\u00fck kullan\u0131m i\u00e7in ideal bir par\u00e7a.; &#8211; S\u00fcrd\u00fcr\u00fclebilir moda anlay\u0131\u015f\u0131na uygun olarak \u00fcretilmi\u015f, \u00e7evre dostu malzemelerden yap\u0131lm\u0131\u015ft\u0131r.; &#8211; Orta kal\u0131nl\u0131kta kuma\u015f\u0131 ile mevsim ge\u00e7i\u015flerinde konforlu bir deneyim sunar.; &#8211; T\u00fcrkiye&#8217;de \u00fcretilmi\u015f olup yerel \u00fcretim avantaj\u0131n\u0131 yans\u0131t\u0131r.; &#8211; Hem kad\u0131n hem de k\u0131z kullan\u0131c\u0131lar i\u00e7in uygundur; geni\u015f bir demografiye hitap eder.; &#8211; Dokuma kuma\u015f yap\u0131s\u0131 sayesinde dayan\u0131kl\u0131l\u0131k ve yumu\u015fakl\u0131k bir arada sunulur.; &#8211; A-form fit kesimiyle v\u00fccut hatlar\u0131n\u0131 nazik\u00e7e sararak \u015f\u0131k bir g\u00f6r\u00fcn\u00fcm sa\u011flar.; &#8211; Normal boy uzunlu\u011fuyla farkl\u0131 v\u00fccut tiplerine uyum g\u00f6sterirken rahat hareket etme imkan\u0131 tan\u0131r.; &#8211; Ask\u0131l\u0131 kol tasar\u0131m\u0131 yaz aylar\u0131 i\u00e7in serinlik ve konfor sa\u011flarken, kare yaka detay\u0131 modern bir dokunu\u015f katmaktad\u0131r.; &#8211; Pamuk materyali cildinizle dosttur; nefes alabilir yap\u0131da olmas\u0131 sayesinde g\u00fcn boyu ferahl\u0131k hissi verir.; &#8211; Casual ortamlarda g\u00fcnl\u00fck giyimin vazge\u00e7ilmez par\u00e7as\u0131 haline gelecek d\u00fcz deseniyle her kombininize kolayca adapte olur.<\/p>\n","protected":false},"excerpt":{"rendered":"<p>&#8211; Her mevsim rahatl\u0131kla tercih edilebilen, zamans\u0131z tasar\u0131m\u0131yla dikkat \u00e7eken d\u00fcz bluz.; &#8211; Basic koleksiyonun sadeli\u011fini yans\u0131tan, g\u00fcnl\u00fck kullan\u0131m i\u00e7in ideal bir par\u00e7a.; &#8211; S\u00fcrd\u00fcr\u00fclebilir moda anlay\u0131\u015f\u0131na uygun olarak \u00fcretilmi\u015f, \u00e7evre dostu malzemelerden yap\u0131lm\u0131\u015ft\u0131r.; &#8211; Orta kal\u0131nl\u0131kta kuma\u015f\u0131 ile mevsim ge\u00e7i\u015flerinde konforlu bir deneyim sunar.; &#8211; T\u00fcrkiye&#8217;de \u00fcretilmi\u015f olup yerel \u00fcretim avantaj\u0131n\u0131 yans\u0131t\u0131r.; &#8211; Hem&#8230;<\/p>\n","protected":false},"featured_media":108513,"comment_status":"open","ping_status":"closed","template":"","meta":{"_kad_post_transparent":"","_kad_post_title":"","_kad_post_layout":"","_kad_post_sidebar_id":"","_kad_post_content_style":"","_kad_post_vertical_padding":"","_kad_post_feature":"","_kad_post_feature_position":"","_kad_post_header":false,"_kad_post_footer":false,"_kad_post_classname":""},"product_brand":[],"product_cat":[14805],"product_tag":[],"class_list":{"0":"post-108514","1":"product","2":"type-product","3":"status-publish","4":"has-post-thumbnail","6":"product_cat-bluz-giyim-kadin-bluz","8":"first","9":"instock","10":"purchasable","11":"product-type-simple","12":"entry","13":"content-bg","14":"loop-entry"},"_links":{"self":[{"href":"https:\/\/www.hediyepazar.com\/index.php?rest_route=\/wp\/v2\/product\/108514","targetHints":{"allow":["GET"]}}],"collection":[{"href":"https:\/\/www.hediyepazar.com\/index.php?rest_route=\/wp\/v2\/product"}],"about":[{"href":"https:\/\/www.hediyepazar.com\/index.php?rest_route=\/wp\/v2\/types\/product"}],"replies":[{"embeddable":true,"href":"https:\/\/www.hediyepazar.com\/index.php?rest_route=%2Fwp%2Fv2%2Fcomments&post=108514"}],"wp:featuredmedia":[{"embeddable":true,"href":"https:\/\/www.hediyepazar.com\/index.php?rest_route=\/wp\/v2\/media\/108513"}],"wp:attachment":[{"href":"https:\/\/www.hediyepazar.com\/index.php?rest_route=%2Fwp%2Fv2%2Fmedia&parent=108514"}],"wp:term":[{"taxonomy":"product_brand","embeddable":true,"href":"https:\/\/www.hediyepazar.com\/index.php?rest_route=%2Fwp%2Fv2%2Fproduct_brand&post=108514"},{"taxonomy":"product_cat","embeddable":true,"href":"https:\/\/www.hediyepazar.com\/index.php?rest_route=%2Fwp%2Fv2%2Fproduct_cat&post=108514"},{"taxonomy":"product_tag","embeddable":true,"href":"https:\/\/www.hediyepazar.com\/index.php?rest_route=%2Fwp%2Fv2%2Fproduct_tag&post=108514"}],"curies":[{"name":"wp","href":"https:\/\/api.w.org\/{rel}","templated":true}]}}