{"id":108522,"date":"2026-05-05T00:36:11","date_gmt":"2026-05-05T03:36:11","guid":{"rendered":"https:\/\/www.hediyepazar.com\/?product=kadin-beyaz-ip-askili-cicek-desenli-pijama-takimi-17952"},"modified":"2026-05-05T00:36:11","modified_gmt":"2026-05-05T03:36:11","slug":"kadin-beyaz-ip-askili-cicek-desenli-pijama-takimi-17952","status":"publish","type":"product","link":"https:\/\/www.hediyepazar.com\/?product=kadin-beyaz-ip-askili-cicek-desenli-pijama-takimi-17952","title":{"rendered":"Kad\u0131n Beyaz \u0130p Ask\u0131l\u0131 \u00c7i\u00e7ek Desenli Pijama Tak\u0131m\u0131-(17952)"},"content":{"rendered":"<p>&#8211; Rahat kesimi ile g\u00fcnl\u00fck kullan\u0131m i\u00e7in ideal, beyaz ip ask\u0131l\u0131 \u00e7i\u00e7ek desenli pijama tak\u0131m\u0131.; &#8211; materyali sayesinde esnek ve konforlu bir deneyim sunar.; &#8211; Homewear koleksiyonuna ait bu tak\u0131m, ev ortam\u0131nda \u015f\u0131kl\u0131\u011f\u0131 ve rahatl\u0131\u011f\u0131 bir arada ya\u015faman\u0131z\u0131 sa\u011flar.; &#8211; Basic siluetiyle her v\u00fccut tipine uyum sa\u011flayarak rahat bir kullan\u0131m imkan\u0131 tan\u0131r.; &#8211; 30 derecede y\u0131kama talimat\u0131na uygun \u015fekilde kolayca temizlenebilir; b\u00f6ylece hijyenik kalmas\u0131n\u0131 sa\u011flar.; &#8211; T-shirt-pantolon alt-\u00fcst tak\u0131m\u0131 olarak tasarlanm\u0131\u015ft\u0131r; pratik ve \u015f\u0131k kombinler yaratman\u0131zda yard\u0131mc\u0131 olur.; &#8211; \u00f6zg\u00fcrce hareket etme \u00f6zg\u00fcrl\u00fc\u011f\u00fc sunar.; &#8211; Normal boy uzunlu\u011fuyla hem konforlu hem de estetik bir g\u00f6r\u00fcn\u00fcm kazand\u0131r\u0131r.; &#8211; Yeti\u015fkin ya\u015f grubuna hitap eden tasar\u0131m\u0131yla herkes i\u00e7in uygundur.; &#8211; Dokuma kuma\u015f tipi sayesinde dayan\u0131kl\u0131l\u0131\u011f\u0131 artt\u0131rarak uzun s\u00fcreli kullan\u0131m vaat eder.; &#8211; Ask\u0131l\u0131 kol boyu ile yaz aylar\u0131nda serinlik hissi verirken ayn\u0131 zamanda zarif duru\u015f sergiler.; &#8211; Kad\u0131n \/ k\u0131z cinsiyetine y\u00f6nelik olarak \u00fcretilmi\u015f olup feminen detaylar\u0131yla dikkat \u00e7eker.; &#8211; TR men\u015feli olmas\u0131yla yerel \u00fcretim avantajlar\u0131ndan faydalanman\u0131z\u0131 sa\u011flar.; &#8211; 2 par\u00e7adan olu\u015fan set halinde gelmesiyle b\u00fct\u00fcnsel bir g\u00f6r\u00fcn\u00fcm elde etmenize olanak tan\u0131r.; &#8211; G\u00fcnl\u00fck ortamlarda rahatl\u0131kla tercih edebilece\u011finiz bu pijama tak\u0131m\u0131, ev giyiminizin vazge\u00e7ilmez par\u00e7as\u0131 haline gelir.; &#8211; B\u00fcr\u00fcmc\u00fck dokuma tipiyle yumu\u015fak dokusuyla teninize nazik\u00e7e dokunurken konforundan \u00f6d\u00fcn vermez.; &#8211; Likra materyali esneklik kazand\u0131rarak v\u00fccut hatlar\u0131n\u0131za m\u00fckemmel uyum sa\u011flar; hareket serbestli\u011fi sunar.; &#8211; Bask\u0131l\u0131 deseniyle g\u00f6z al\u0131c\u0131 detaylar ekleyerek stil sahibi g\u00f6r\u00fcn\u00fcm\u00fcn\u00fcz\u00fc peki\u015ftirir.; &#8211; U yaka tasar\u0131m\u0131n\u0131n sundu\u011fu modern \u00e7izgiyle boynunuza zarif bir \u00e7er\u00e7eve olu\u015ftururken rahatl\u0131k sunar.; &#8211; D\u00fcz pa\u00e7a tipiyle basit ama \u015f\u0131k bir g\u00f6r\u00fcn\u00fcm elde etmenize yard\u0131mc\u0131 olur; ayakkab\u0131 se\u00e7iminizi \u00f6n plana \u00e7\u0131kart\u0131r.;<\/p>\n","protected":false},"excerpt":{"rendered":"<p>&#8211; Rahat kesimi ile g\u00fcnl\u00fck kullan\u0131m i\u00e7in ideal, beyaz ip ask\u0131l\u0131 \u00e7i\u00e7ek desenli pijama tak\u0131m\u0131.; &#8211; materyali sayesinde esnek ve konforlu bir deneyim sunar.; &#8211; Homewear koleksiyonuna ait bu tak\u0131m, ev ortam\u0131nda \u015f\u0131kl\u0131\u011f\u0131 ve rahatl\u0131\u011f\u0131 bir arada ya\u015faman\u0131z\u0131 sa\u011flar.; &#8211; Basic siluetiyle her v\u00fccut tipine uyum sa\u011flayarak rahat bir kullan\u0131m imkan\u0131 tan\u0131r.; &#8211; 30 derecede&#8230;<\/p>\n","protected":false},"featured_media":108521,"comment_status":"open","ping_status":"closed","template":"","meta":{"_kad_post_transparent":"","_kad_post_title":"","_kad_post_layout":"","_kad_post_sidebar_id":"","_kad_post_content_style":"","_kad_post_vertical_padding":"","_kad_post_feature":"","_kad_post_feature_position":"","_kad_post_header":false,"_kad_post_footer":false,"_kad_post_classname":""},"product_brand":[],"product_cat":[14797],"product_tag":[],"class_list":{"0":"post-108522","1":"product","2":"type-product","3":"status-publish","4":"has-post-thumbnail","6":"product_cat-pijama-takimi-giyim-kadin-pijama-takimi","8":"first","9":"instock","10":"purchasable","11":"product-type-simple","12":"entry","13":"content-bg","14":"loop-entry"},"_links":{"self":[{"href":"https:\/\/www.hediyepazar.com\/index.php?rest_route=\/wp\/v2\/product\/108522","targetHints":{"allow":["GET"]}}],"collection":[{"href":"https:\/\/www.hediyepazar.com\/index.php?rest_route=\/wp\/v2\/product"}],"about":[{"href":"https:\/\/www.hediyepazar.com\/index.php?rest_route=\/wp\/v2\/types\/product"}],"replies":[{"embeddable":true,"href":"https:\/\/www.hediyepazar.com\/index.php?rest_route=%2Fwp%2Fv2%2Fcomments&post=108522"}],"wp:featuredmedia":[{"embeddable":true,"href":"https:\/\/www.hediyepazar.com\/index.php?rest_route=\/wp\/v2\/media\/108521"}],"wp:attachment":[{"href":"https:\/\/www.hediyepazar.com\/index.php?rest_route=%2Fwp%2Fv2%2Fmedia&parent=108522"}],"wp:term":[{"taxonomy":"product_brand","embeddable":true,"href":"https:\/\/www.hediyepazar.com\/index.php?rest_route=%2Fwp%2Fv2%2Fproduct_brand&post=108522"},{"taxonomy":"product_cat","embeddable":true,"href":"https:\/\/www.hediyepazar.com\/index.php?rest_route=%2Fwp%2Fv2%2Fproduct_cat&post=108522"},{"taxonomy":"product_tag","embeddable":true,"href":"https:\/\/www.hediyepazar.com\/index.php?rest_route=%2Fwp%2Fv2%2Fproduct_tag&post=108522"}],"curies":[{"name":"wp","href":"https:\/\/api.w.org\/{rel}","templated":true}]}}