{"id":108546,"date":"2026-05-05T00:38:26","date_gmt":"2026-05-05T03:38:26","guid":{"rendered":"https:\/\/www.hediyepazar.com\/?product=hsnet-maske-uygulama-spatulasi-5-adet-716462"},"modified":"2026-05-05T00:38:26","modified_gmt":"2026-05-05T03:38:26","slug":"hsnet-maske-uygulama-spatulasi-5-adet-716462","status":"publish","type":"product","link":"https:\/\/www.hediyepazar.com\/?product=hsnet-maske-uygulama-spatulasi-5-adet-716462","title":{"rendered":"HSNET Maske Uygulama Spatulas\u0131 5 ADET 716462"},"content":{"rendered":"<p>\n\t<strong>\u00dcr\u00fcn \u00d6zellikleri :\u00a0<\/strong><\/p>\n<p>\t<strong>Materyal : PP Plastik <\/strong><\/p>\n<p>\t<strong>Ne alacaks\u0131n\u0131z ? : 5 Adet <\/strong><\/p>\n<p>\t<strong>\u00d6l\u00e7\u00fcler : <\/strong> U 13CM\u00a0 X 2,8 CM- Ekran yan\u0131lmalar\u0131na kar\u015f\u0131 l\u00fctfen \u00f6l\u00e7\u00fcleri kar\u015f\u0131la\u015ft\u0131r\u0131n.<\/p>\n<p>\t<strong>GEN\u0130\u015e KULLANIM ALANI : \u00e7amur maskesi kar\u0131\u015ft\u0131rma ve uygulama, y\u00fcz kremi, v\u00fccut kremi, a\u011fda, Y\u00fcz maskesi, peeling, serum, iyile\u015ftirici kil ve di\u011fer cilt bak\u0131m \u00fcr\u00fcnlerini uygulamak i\u00e7in, ince cilt bak\u0131m \u00fcr\u00fcnleri katmanlar\u0131n\u0131 e\u015fit \u015fekilde uygulamak ve g\u00fczellik \u00fcr\u00fcnlerinizi \u00f6rneklemek i\u00e7in m\u00fckemmeldir. \/strong><\/p>\n<p>\t<strong>\u00d6NE \u00c7IKAN \u00d6ZELL\u0130K : Yar\u0131 esnek, \u00e7izmeyen p\u00fcr\u00fczs\u00fcz kenarlar <\/strong><\/p>\n<p>\tKaliteli PP plastikten yap\u0131lm\u0131\u015f makyaj spatulam\u0131z, kokusuz, temiz ve s\u0131hhi kullan\u0131m i\u00e7in uygundur. kozmetik ka\u015f\u0131\u011f\u0131n p\u00fcr\u00fczl\u00fc ve sivri kenar\u0131 olmayan p\u00fcr\u00fczs\u00fcz y\u00fczey, y\u00fcz\u00fcn\u00fcze veya elinize zarar vermez,<\/p>\n<p>\tTutma sap\u0131 rahatt\u0131r ve \u00e7ok hafiftir, seyahat ve g\u00fcnl\u00fck cilt bak\u0131m\u0131 uygulamalar\u0131 i\u00e7in idealdir.<\/p>\n<p>\tTek kullan\u0131ml\u0131k de\u011fildir. Sadece temizleyerek tekrar kullanabilirsiniz, sadece y\u0131kamak i\u00e7in su kullan\u0131n ve ihtiya\u00e7lar\u0131n\u0131za g\u00f6re tekrar tekrar kullanabilirsiniz.<\/strong><\/p>\n<p>\n\t<strong>M\u00dcKEMMEL SATI\u015e SONRASI H\u0130ZMET : <\/strong>HSNET \/ HSNET olarak m\u00fc\u015fterilerimize en iyi hizmeti sunmay\u0131 ama\u00e7l\u0131yor, g\u00fcvenle sat\u0131n alabilmeniz i\u00e7in, ambalaj kalitemize g\u00fcveniyor, her \u00fcr\u00fcn sorunsuz teslimat i\u00e7in \u00f6zenle paketliyor ve resimde belirtilen renk, ebat, \u00f6zelikte \u00fcr\u00fcn g\u00f6ndermeyi taahh\u00fct ediyoruz. Hasarl\u0131 \u00fcr\u00fcn ald\u0131ysan\u0131z veya di\u011fer \u00fcr\u00fcn ve paket teslimat sorunlar\u0131 oldu\u011funda bizimle ileti\u015fime ge\u00e7mekten \u00e7ekinmeyin.<\/p>\n<p>\n\t<strong>DETAYLI B\u0130LG\u0130 \u0130\u00c7\u0130N EK RES\u0130MLER\u0130 \u0130NCELEYEB\u0130L\u0130RS\u0130N\u0130Z.<br \/>\n\t<img decoding=\"async\"  src=\"https:\/\/hepsicdn.com.tr\/static\/product_detail\/hbnet5d0e48a9_8745201.jpg\"> <\/strong><\/p>\n<p>\n\t\u00a0<\/p>\n","protected":false},"excerpt":{"rendered":"<p>\u00dcr\u00fcn \u00d6zellikleri :\u00a0 Materyal : PP Plastik Ne alacaks\u0131n\u0131z ? : 5 Adet \u00d6l\u00e7\u00fcler : U 13CM\u00a0 X 2,8 CM- Ekran yan\u0131lmalar\u0131na kar\u015f\u0131 l\u00fctfen \u00f6l\u00e7\u00fcleri kar\u015f\u0131la\u015ft\u0131r\u0131n. GEN\u0130\u015e KULLANIM ALANI : \u00e7amur maskesi kar\u0131\u015ft\u0131rma ve uygulama, y\u00fcz kremi, v\u00fccut kremi, a\u011fda, Y\u00fcz maskesi, peeling, serum, iyile\u015ftirici kil ve di\u011fer cilt bak\u0131m \u00fcr\u00fcnlerini uygulamak i\u00e7in, ince cilt&#8230;<\/p>\n","protected":false},"featured_media":108545,"comment_status":"open","ping_status":"closed","template":"","meta":{"_kad_post_transparent":"","_kad_post_title":"","_kad_post_layout":"","_kad_post_sidebar_id":"","_kad_post_content_style":"","_kad_post_vertical_padding":"","_kad_post_feature":"","_kad_post_feature_position":"","_kad_post_header":false,"_kad_post_footer":false,"_kad_post_classname":""},"product_brand":[],"product_cat":[14814],"product_tag":[],"class_list":{"0":"post-108546","1":"product","2":"type-product","3":"status-publish","4":"has-post-thumbnail","6":"product_cat-makyaj-kozmetik-makyaj-kozmetik","8":"first","9":"instock","10":"purchasable","11":"product-type-simple","12":"entry","13":"content-bg","14":"loop-entry"},"_links":{"self":[{"href":"https:\/\/www.hediyepazar.com\/index.php?rest_route=\/wp\/v2\/product\/108546","targetHints":{"allow":["GET"]}}],"collection":[{"href":"https:\/\/www.hediyepazar.com\/index.php?rest_route=\/wp\/v2\/product"}],"about":[{"href":"https:\/\/www.hediyepazar.com\/index.php?rest_route=\/wp\/v2\/types\/product"}],"replies":[{"embeddable":true,"href":"https:\/\/www.hediyepazar.com\/index.php?rest_route=%2Fwp%2Fv2%2Fcomments&post=108546"}],"wp:featuredmedia":[{"embeddable":true,"href":"https:\/\/www.hediyepazar.com\/index.php?rest_route=\/wp\/v2\/media\/108545"}],"wp:attachment":[{"href":"https:\/\/www.hediyepazar.com\/index.php?rest_route=%2Fwp%2Fv2%2Fmedia&parent=108546"}],"wp:term":[{"taxonomy":"product_brand","embeddable":true,"href":"https:\/\/www.hediyepazar.com\/index.php?rest_route=%2Fwp%2Fv2%2Fproduct_brand&post=108546"},{"taxonomy":"product_cat","embeddable":true,"href":"https:\/\/www.hediyepazar.com\/index.php?rest_route=%2Fwp%2Fv2%2Fproduct_cat&post=108546"},{"taxonomy":"product_tag","embeddable":true,"href":"https:\/\/www.hediyepazar.com\/index.php?rest_route=%2Fwp%2Fv2%2Fproduct_tag&post=108546"}],"curies":[{"name":"wp","href":"https:\/\/api.w.org\/{rel}","templated":true}]}}