{"id":108600,"date":"2026-05-05T00:46:13","date_gmt":"2026-05-05T03:46:13","guid":{"rendered":"https:\/\/www.hediyepazar.com\/?product=hsnet-cocuk-bit-pire-sirke-yumurta-taragi"},"modified":"2026-05-05T00:46:13","modified_gmt":"2026-05-05T03:46:13","slug":"hsnet-cocuk-bit-pire-sirke-yumurta-taragi","status":"publish","type":"product","link":"https:\/\/www.hediyepazar.com\/?product=hsnet-cocuk-bit-pire-sirke-yumurta-taragi","title":{"rendered":"HSNET \u00c7ocuk Bit Pire Sirke Yumurta Tara\u011f\u0131"},"content":{"rendered":"<p><span style=\"color: #ff0000;\"><strong>Spesifikasyonlar: <\/strong><\/span><\/p>\n<p><strong>Materyal : Abs Plastik\u00a0<\/strong><\/p>\n<p><span style=\"color: #ff0000;\"><strong>\u00d6l\u00e7\u00fcler : 10 X 8 CM<\/strong><\/span><\/p>\n<p><span style=\"color: #ff0000;\"><strong>Adet : 1 <\/strong><\/span><\/p>\n<p>\u00c7ocuklarda ve kad\u0131nlarda Bit, pire, yumurta, sirke gibi rahats\u0131z edicilerin sa\u00e7tan temizlenmesinde kullan\u0131l\u0131r.<br \/>\u00a0<\/p>\n","protected":false},"excerpt":{"rendered":"<p>Spesifikasyonlar: Materyal : Abs Plastik\u00a0 \u00d6l\u00e7\u00fcler : 10 X 8 CM Adet : 1 \u00c7ocuklarda ve kad\u0131nlarda Bit, pire, yumurta, sirke gibi rahats\u0131z edicilerin sa\u00e7tan temizlenmesinde kullan\u0131l\u0131r.\u00a0<\/p>\n","protected":false},"featured_media":108599,"comment_status":"open","ping_status":"closed","template":"","meta":{"_kad_post_transparent":"","_kad_post_title":"","_kad_post_layout":"","_kad_post_sidebar_id":"","_kad_post_content_style":"","_kad_post_vertical_padding":"","_kad_post_feature":"","_kad_post_feature_position":"","_kad_post_header":false,"_kad_post_footer":false,"_kad_post_classname":""},"product_brand":[],"product_cat":[14810],"product_tag":[],"class_list":{"0":"post-108600","1":"product","2":"type-product","3":"status-publish","4":"has-post-thumbnail","6":"product_cat-hirdavat-urunleri-yapi-market-bahce-yapi-market-ev-yasam-testereler","8":"first","9":"instock","10":"purchasable","11":"product-type-simple","12":"entry","13":"content-bg","14":"loop-entry"},"_links":{"self":[{"href":"https:\/\/www.hediyepazar.com\/index.php?rest_route=\/wp\/v2\/product\/108600","targetHints":{"allow":["GET"]}}],"collection":[{"href":"https:\/\/www.hediyepazar.com\/index.php?rest_route=\/wp\/v2\/product"}],"about":[{"href":"https:\/\/www.hediyepazar.com\/index.php?rest_route=\/wp\/v2\/types\/product"}],"replies":[{"embeddable":true,"href":"https:\/\/www.hediyepazar.com\/index.php?rest_route=%2Fwp%2Fv2%2Fcomments&post=108600"}],"wp:featuredmedia":[{"embeddable":true,"href":"https:\/\/www.hediyepazar.com\/index.php?rest_route=\/wp\/v2\/media\/108599"}],"wp:attachment":[{"href":"https:\/\/www.hediyepazar.com\/index.php?rest_route=%2Fwp%2Fv2%2Fmedia&parent=108600"}],"wp:term":[{"taxonomy":"product_brand","embeddable":true,"href":"https:\/\/www.hediyepazar.com\/index.php?rest_route=%2Fwp%2Fv2%2Fproduct_brand&post=108600"},{"taxonomy":"product_cat","embeddable":true,"href":"https:\/\/www.hediyepazar.com\/index.php?rest_route=%2Fwp%2Fv2%2Fproduct_cat&post=108600"},{"taxonomy":"product_tag","embeddable":true,"href":"https:\/\/www.hediyepazar.com\/index.php?rest_route=%2Fwp%2Fv2%2Fproduct_tag&post=108600"}],"curies":[{"name":"wp","href":"https:\/\/api.w.org\/{rel}","templated":true}]}}