{"id":108624,"date":"2026-05-05T00:49:12","date_gmt":"2026-05-05T03:49:12","guid":{"rendered":"https:\/\/www.hediyepazar.com\/?product=hsnet-suya-dayanikli-siyah-tampon-boyasi-uygulama-sungerli"},"modified":"2026-05-05T00:49:12","modified_gmt":"2026-05-05T03:49:12","slug":"hsnet-suya-dayanikli-siyah-tampon-boyasi-uygulama-sungerli","status":"publish","type":"product","link":"https:\/\/www.hediyepazar.com\/?product=hsnet-suya-dayanikli-siyah-tampon-boyasi-uygulama-sungerli","title":{"rendered":"HSNET Suya Dayan\u0131kl\u0131 Siyah Tampon Boyas\u0131 Uygulama S\u00fcngerli"},"content":{"rendered":"<p>\n\t<span style=\"color:#ff0000;\"><strong>Spesifikasyonlar : Ekstra b\u00fcy\u00fck Uygulama S\u00fcngeri ile g\u00f6nderilir. <\/strong><\/span><\/p>\n<p>\n\t<strong style=\"color: rgb(255, 0, 0);\">Adet : 2\u00a0<\/strong><\/p>\n<p>\n\t<span style=\"color:#ff0000;\"><strong>A\u011f\u0131rl\u0131k : 200 ml (100 ml x 2)\u00a0<\/strong><\/span><\/p>\n<p>\n\t<span style=\"color:#ff0000;\"><strong>Renk: Siyah <\/strong><\/span><\/p>\n<p>\n\t<span style=\"color:#ff0000;\"><strong>Nerlerde Kullan\u0131r\u0131m ?<\/strong><\/span><strong>\u00a0<\/strong>Tampon ve pLastik y\u00fczeylerde, oto d\u0131\u015f\u0131 alanlarda<br \/>\n\tEskimi\u015f kau\u00e7uk fitil y\u00fczeyler<\/p>\n<p>\t<span style=\"color:#ff0000;\"><span style=\"color:#ff0000;\"><strong>\u00dcr\u00fcn \u00d6zellikleri :\u00a0<\/strong><\/span><\/span>D\u0131\u015f pLastik tampon ve pLastik aksamlar\u0131n\u0131n orijinal k\u00f6m\u00fcr gibi Siyah renge kavu\u015fmas\u0131n\u0131 sa\u011flar.<br \/>\n\tD\u0131\u015f koruma ve bak\u0131m sa\u011flar .<br \/>\n\tSiyah veya antrasit renkli d\u0131\u015f aksamlar\u0131n y\u00fczeylerini yeniler .<br \/>\n\tY\u00fczeyde s\u00fcrekli koruma ve bak\u0131m sa\u011flar.<\/p>\n<p>\n\tSuya ekstra dayan\u0131kl\u0131 premium model<br \/>\n\t\u00a0<br \/>\n\t<span style=\"color:#ff0000;\"><span style=\"color:#ff0000;\"><span style=\"color:#ff0000;\"><strong>Nas\u0131l Kullan\u0131r\u0131m ?\u00a0<\/strong><\/span><\/span><\/span>Uygulanacak yeri temizleyin<br \/>\n\tKullanmadan \u00f6nce sallay\u0131n\u0131z<br \/>\n\tE\u015fit \u015fekilde s\u00fcr\u00fcn<br \/>\n\tYak\u0131c\u0131 g\u00fcne\u015f alt\u0131nda uygulamay\u0131n<br \/>\n\tDonmaktan koruyunuz<br \/>\n\t\u00a0<\/p>\n","protected":false},"excerpt":{"rendered":"<p>Spesifikasyonlar : Ekstra b\u00fcy\u00fck Uygulama S\u00fcngeri ile g\u00f6nderilir. Adet : 2\u00a0 A\u011f\u0131rl\u0131k : 200 ml (100 ml x 2)\u00a0 Renk: Siyah Nerlerde Kullan\u0131r\u0131m ?\u00a0Tampon ve pLastik y\u00fczeylerde, oto d\u0131\u015f\u0131 alanlarda Eskimi\u015f kau\u00e7uk fitil y\u00fczeyler \u00dcr\u00fcn \u00d6zellikleri :\u00a0D\u0131\u015f pLastik tampon ve pLastik aksamlar\u0131n\u0131n orijinal k\u00f6m\u00fcr gibi Siyah renge kavu\u015fmas\u0131n\u0131 sa\u011flar. D\u0131\u015f koruma ve bak\u0131m sa\u011flar &#8230;.<\/p>\n","protected":false},"featured_media":108623,"comment_status":"open","ping_status":"closed","template":"","meta":{"_kad_post_transparent":"","_kad_post_title":"","_kad_post_layout":"","_kad_post_sidebar_id":"","_kad_post_content_style":"","_kad_post_vertical_padding":"","_kad_post_feature":"","_kad_post_feature_position":"","_kad_post_header":false,"_kad_post_footer":false,"_kad_post_classname":""},"product_brand":[],"product_cat":[7878],"product_tag":[],"class_list":{"0":"post-108624","1":"product","2":"type-product","3":"status-publish","4":"has-post-thumbnail","6":"product_cat-oto-aksesuarlari-oto-aksesuarlari-cep-telefonu-elektronik-arac-disi-aksesuar","8":"first","9":"instock","10":"purchasable","11":"product-type-simple","12":"entry","13":"content-bg","14":"loop-entry"},"_links":{"self":[{"href":"https:\/\/www.hediyepazar.com\/index.php?rest_route=\/wp\/v2\/product\/108624","targetHints":{"allow":["GET"]}}],"collection":[{"href":"https:\/\/www.hediyepazar.com\/index.php?rest_route=\/wp\/v2\/product"}],"about":[{"href":"https:\/\/www.hediyepazar.com\/index.php?rest_route=\/wp\/v2\/types\/product"}],"replies":[{"embeddable":true,"href":"https:\/\/www.hediyepazar.com\/index.php?rest_route=%2Fwp%2Fv2%2Fcomments&post=108624"}],"wp:featuredmedia":[{"embeddable":true,"href":"https:\/\/www.hediyepazar.com\/index.php?rest_route=\/wp\/v2\/media\/108623"}],"wp:attachment":[{"href":"https:\/\/www.hediyepazar.com\/index.php?rest_route=%2Fwp%2Fv2%2Fmedia&parent=108624"}],"wp:term":[{"taxonomy":"product_brand","embeddable":true,"href":"https:\/\/www.hediyepazar.com\/index.php?rest_route=%2Fwp%2Fv2%2Fproduct_brand&post=108624"},{"taxonomy":"product_cat","embeddable":true,"href":"https:\/\/www.hediyepazar.com\/index.php?rest_route=%2Fwp%2Fv2%2Fproduct_cat&post=108624"},{"taxonomy":"product_tag","embeddable":true,"href":"https:\/\/www.hediyepazar.com\/index.php?rest_route=%2Fwp%2Fv2%2Fproduct_tag&post=108624"}],"curies":[{"name":"wp","href":"https:\/\/api.w.org\/{rel}","templated":true}]}}