{"id":108634,"date":"2026-05-05T00:50:09","date_gmt":"2026-05-05T03:50:09","guid":{"rendered":"https:\/\/www.hediyepazar.com\/?product=hsnet-soyacak-sebze-soayacagi-oyacak-soyacak-seti-dilimele-kazima-profesyonel"},"modified":"2026-05-05T00:50:09","modified_gmt":"2026-05-05T03:50:09","slug":"hsnet-soyacak-sebze-soayacagi-oyacak-soyacak-seti-dilimele-kazima-profesyonel","status":"publish","type":"product","link":"https:\/\/www.hediyepazar.com\/?product=hsnet-soyacak-sebze-soayacagi-oyacak-soyacak-seti-dilimele-kazima-profesyonel","title":{"rendered":"HSNET Soyacak &#8211; Sebze Soayaca\u011f\u0131 &#8211; Oyacak Soyacak Seti Dilimele Kaz\u0131ma Profesyonel"},"content":{"rendered":"<p>\n\t<strong>\u00dcr\u00fcn \u00d6zellikleri : <\/strong><\/p>\n<p>\t<strong>Materyal : Paslanmaz \u00c7elik\u00a0<\/strong><\/p>\n<p>\t<strong>Adet \/ Renk \/ Tasar\u0131m : <\/strong> 2 li set , HSNET Profesyonel olarak tasarlad\u0131\u011f\u0131m\u0131z, resimde yer alan tasar\u0131m\u0131, s\u00fcrpriz ya\u015famaman\u0131z i\u00e7in birebir g\u00f6nderiyoruz<\/p>\n<p>\t<strong>\u00d6l\u00e7\u00fcler : <\/strong>18 cm x 7,2 cm\u00a0<\/p>\n<p>\n\tTutmas\u0131 kolay soyucular, yemek haz\u0131rlamay\u0131 \u00e7ok kolay hale getirmek i\u00e7in incelikle haz\u0131rlanm\u0131\u015f b\u0131\u00e7aklara sahiptir.<\/p>\n<p>\n\tPatates, elma ve havu\u00e7 gibi \u00fcr\u00fcnleri kusursuz bir \u015fekilde soyun ve bir profesyonelin hassasiyeti ve kolayl\u0131\u011f\u0131 ile geni\u015f peynir veya \u00e7ikolata \u015feritleri yap\u0131n.<\/p>\n<p>\n\tKAL\u0130TEL\u0130 YAPI: Bu soyucular\u0131n sa\u011flam yap\u0131s\u0131, sert sebzeleri, ni\u015fastal\u0131lar\u0131 ve meyveleri kolayca soyman\u0131z\u0131 sa\u011flar.<\/p>\n<p>\n\t\u00c7OK FONKS\u0130YONEL S\u0131y\u0131r\u0131c\u0131lar: Sebzeleri ve ni\u015fastalar\u0131 soyman\u0131n yan\u0131 s\u0131ra, bu d\u00fcz soyucular ayn\u0131 zamanda bir pastay\u0131 s\u00fcslemek i\u00e7in \u00e7ikolatay\u0131 t\u0131ra\u015f etmek, narenciyeleri rendelemek, salata i\u00e7in g\u00fczel sebze \u015feritleri yapmak, peynir dilimlerini t\u0131ra\u015f etmek ve hatta servis i\u00e7in tereya\u011f\u0131n\u0131 t\u0131ra\u015f etmek i\u00e7in kullan\u0131labilir.<\/p>\n<p>\n\tPREMIUM PERFORMANSLI KESK\u0130N BI\u00c7AKLAR: Bu soyuculardaki PASLANMAZ \u00c7EL\u0130K b\u0131\u00e7aklar s\u00fcper keskindir ve en az \u00e7abayla zorlu derileri soyman\u0131za olanak tan\u0131r.<\/p>\n<p>\n\tBirden fazla kullan\u0131mdan sonra keskin kal\u0131r ve her seferinde m\u00fckemmel \u015fekilde soyulmu\u015f malzemelere sahip olman\u0131z\u0131 sa\u011flar.<br \/>\n\tKULLANIMI KOLAY: Ergonomik tutamak, bu soyucular\u0131 kullan\u0131rken sa\u011flam ve rahat bir tutu\u015f elde etmenizi sa\u011flar.<\/p>\n<p>\n\tTEM\u0130ZL\u0130\u011e\u0130 VE SAKLANMASI KOLAY: Sadece \u0131l\u0131k su ve sabunla y\u0131kay\u0131n &#8211; bu kadar kolay!<\/p>\n<p>\n\t<strong>M\u00dcKEMMEL SATI\u015e SONRASI H\u0130ZMET : <\/strong>Bu \u00fcr\u00fcne daha avantajl\u0131 sahip olabilmeniz i\u00e7in ma\u011fazam\u0131z\u0131 ziyaret ederek, kampanyalar\u0131 inceleyebilirsiniz. HSNET \/ HSNET olarak m\u00fc\u015fterilerimize en iyi hizmeti sunmay\u0131 ama\u00e7l\u0131yor, g\u00fcvenle sat\u0131n alabilmeniz i\u00e7in, ambalaj kalitemize g\u00fcveniyor, her \u00fcr\u00fcn sorunsuz teslimat i\u00e7in \u00f6zenle paketliyor ve resimde belirtilen renk, ebat, \u00f6zelikte \u00fcr\u00fcn g\u00f6ndermeyi taahh\u00fct ediyoruz. Hasarl\u0131 \u00fcr\u00fcn ald\u0131ysan\u0131z veya di\u011fer \u00fcr\u00fcn ve paket teslimat sorunlar\u0131 oldu\u011funda bizimle ileti\u015fime ge\u00e7mekten \u00e7ekinmeyin.<\/p>\n<p>\n\t<strong>Detayl\u0131 bilgi i\u00e7in ek resimleri inceleyebilirsiniz<\/strong><\/p>\n<p><\/p>\n<p>\n\t<strong><img decoding=\"async\"  src=\"https:\/\/hepsicdn.com.tr\/static\/product_detail\/hbnet43f53b84_8754901.jpg\"><\/strong><\/p>\n<p>\n\t\u00a0<\/p>\n","protected":false},"excerpt":{"rendered":"<p>\u00dcr\u00fcn \u00d6zellikleri : Materyal : Paslanmaz \u00c7elik\u00a0 Adet \/ Renk \/ Tasar\u0131m : 2 li set , HSNET Profesyonel olarak tasarlad\u0131\u011f\u0131m\u0131z, resimde yer alan tasar\u0131m\u0131, s\u00fcrpriz ya\u015famaman\u0131z i\u00e7in birebir g\u00f6nderiyoruz \u00d6l\u00e7\u00fcler : 18 cm x 7,2 cm\u00a0 Tutmas\u0131 kolay soyucular, yemek haz\u0131rlamay\u0131 \u00e7ok kolay hale getirmek i\u00e7in incelikle haz\u0131rlanm\u0131\u015f b\u0131\u00e7aklara sahiptir. Patates, elma ve havu\u00e7&#8230;<\/p>\n","protected":false},"featured_media":108633,"comment_status":"open","ping_status":"closed","template":"","meta":{"_kad_post_transparent":"","_kad_post_title":"","_kad_post_layout":"","_kad_post_sidebar_id":"","_kad_post_content_style":"","_kad_post_vertical_padding":"","_kad_post_feature":"","_kad_post_feature_position":"","_kad_post_header":false,"_kad_post_footer":false,"_kad_post_classname":""},"product_brand":[],"product_cat":[14831],"product_tag":[],"class_list":{"0":"post-108634","1":"product","2":"type-product","3":"status-publish","4":"has-post-thumbnail","6":"product_cat-rende-yemek-hazirlik-sofra-mutfak-ev-yasam-rende","8":"first","9":"instock","10":"purchasable","11":"product-type-simple","12":"entry","13":"content-bg","14":"loop-entry"},"_links":{"self":[{"href":"https:\/\/www.hediyepazar.com\/index.php?rest_route=\/wp\/v2\/product\/108634","targetHints":{"allow":["GET"]}}],"collection":[{"href":"https:\/\/www.hediyepazar.com\/index.php?rest_route=\/wp\/v2\/product"}],"about":[{"href":"https:\/\/www.hediyepazar.com\/index.php?rest_route=\/wp\/v2\/types\/product"}],"replies":[{"embeddable":true,"href":"https:\/\/www.hediyepazar.com\/index.php?rest_route=%2Fwp%2Fv2%2Fcomments&post=108634"}],"wp:featuredmedia":[{"embeddable":true,"href":"https:\/\/www.hediyepazar.com\/index.php?rest_route=\/wp\/v2\/media\/108633"}],"wp:attachment":[{"href":"https:\/\/www.hediyepazar.com\/index.php?rest_route=%2Fwp%2Fv2%2Fmedia&parent=108634"}],"wp:term":[{"taxonomy":"product_brand","embeddable":true,"href":"https:\/\/www.hediyepazar.com\/index.php?rest_route=%2Fwp%2Fv2%2Fproduct_brand&post=108634"},{"taxonomy":"product_cat","embeddable":true,"href":"https:\/\/www.hediyepazar.com\/index.php?rest_route=%2Fwp%2Fv2%2Fproduct_cat&post=108634"},{"taxonomy":"product_tag","embeddable":true,"href":"https:\/\/www.hediyepazar.com\/index.php?rest_route=%2Fwp%2Fv2%2Fproduct_tag&post=108634"}],"curies":[{"name":"wp","href":"https:\/\/api.w.org\/{rel}","templated":true}]}}