{"id":108668,"date":"2026-05-05T00:54:26","date_gmt":"2026-05-05T03:54:26","guid":{"rendered":"https:\/\/www.hediyepazar.com\/?product=hsnet-bez-yara-bandi-cansin-50-adet"},"modified":"2026-05-05T00:54:26","modified_gmt":"2026-05-05T03:54:26","slug":"hsnet-bez-yara-bandi-cansin-50-adet","status":"publish","type":"product","link":"https:\/\/www.hediyepazar.com\/?product=hsnet-bez-yara-bandi-cansin-50-adet","title":{"rendered":"HSNET Bez Yara Band\u0131 Cans\u0131n 50 Adet"},"content":{"rendered":"<p>\n\t<strong>\u00dcr\u00fcn \u00d6zellikleri : <\/strong><\/p>\n<p>\t<strong>Materyal : <\/strong>Bez<\/p>\n<p>\t<strong>Adet : <\/strong>50 adet<\/p>\n<p>\t<strong>Renk : <\/strong>Renk birebir g\u00f6nderilir ve s\u00fcrpriz ya\u015famazs\u0131n\u0131z<\/p>\n<p>\t<strong>Tasar\u0131m <\/strong> HSNET Cans\u0131nBant olarak tasarlad\u0131\u011f\u0131m\u0131z \u00fcr\u00fcn\u00fc g\u00f6nderiyoruz. \/strong><\/p>\n<p>\n\tBez ta\u015f\u0131y\u0131c\u0131s\u0131 ile k\u00fc\u00e7\u00fck yara ve s\u0131yr\u0131klar i\u00e7in en uygun \u201ckoruyucu\u201d yaraband\u0131d\u0131r.<br \/>\n\tGenel ama\u00e7l\u0131d\u0131r, v\u00fccudun bo\u011fumlu b\u00f6lgelerinde de g\u00fcvenle kullan\u0131l\u0131r.<br \/>\n\t\u00c7inko oksitli yap\u0131\u015fkan\u0131 ile ciltte iritasyon yapmadan, uzun s\u00fcre yap\u0131\u015fkan \u00f6zelli\u011fini korur.\u00a0<\/p>\n","protected":false},"excerpt":{"rendered":"<p>\u00dcr\u00fcn \u00d6zellikleri : Materyal : Bez Adet : 50 adet Renk : Renk birebir g\u00f6nderilir ve s\u00fcrpriz ya\u015famazs\u0131n\u0131z Tasar\u0131m HSNET Cans\u0131nBant olarak tasarlad\u0131\u011f\u0131m\u0131z \u00fcr\u00fcn\u00fc g\u00f6nderiyoruz. \/strong> Bez ta\u015f\u0131y\u0131c\u0131s\u0131 ile k\u00fc\u00e7\u00fck yara ve s\u0131yr\u0131klar i\u00e7in en uygun \u201ckoruyucu\u201d yaraband\u0131d\u0131r. Genel ama\u00e7l\u0131d\u0131r, v\u00fccudun bo\u011fumlu b\u00f6lgelerinde de g\u00fcvenle kullan\u0131l\u0131r. \u00c7inko oksitli yap\u0131\u015fkan\u0131 ile ciltte iritasyon yapmadan, uzun s\u00fcre&#8230;<\/p>\n","protected":false},"featured_media":108667,"comment_status":"open","ping_status":"closed","template":"","meta":{"_kad_post_transparent":"","_kad_post_title":"","_kad_post_layout":"","_kad_post_sidebar_id":"","_kad_post_content_style":"","_kad_post_vertical_padding":"","_kad_post_feature":"","_kad_post_feature_position":"","_kad_post_header":false,"_kad_post_footer":false,"_kad_post_classname":""},"product_brand":[],"product_cat":[14810],"product_tag":[],"class_list":{"0":"post-108668","1":"product","2":"type-product","3":"status-publish","4":"has-post-thumbnail","6":"product_cat-hirdavat-urunleri-yapi-market-bahce-yapi-market-ev-yasam-testereler","8":"first","9":"instock","10":"purchasable","11":"product-type-simple","12":"entry","13":"content-bg","14":"loop-entry"},"_links":{"self":[{"href":"https:\/\/www.hediyepazar.com\/index.php?rest_route=\/wp\/v2\/product\/108668","targetHints":{"allow":["GET"]}}],"collection":[{"href":"https:\/\/www.hediyepazar.com\/index.php?rest_route=\/wp\/v2\/product"}],"about":[{"href":"https:\/\/www.hediyepazar.com\/index.php?rest_route=\/wp\/v2\/types\/product"}],"replies":[{"embeddable":true,"href":"https:\/\/www.hediyepazar.com\/index.php?rest_route=%2Fwp%2Fv2%2Fcomments&post=108668"}],"wp:featuredmedia":[{"embeddable":true,"href":"https:\/\/www.hediyepazar.com\/index.php?rest_route=\/wp\/v2\/media\/108667"}],"wp:attachment":[{"href":"https:\/\/www.hediyepazar.com\/index.php?rest_route=%2Fwp%2Fv2%2Fmedia&parent=108668"}],"wp:term":[{"taxonomy":"product_brand","embeddable":true,"href":"https:\/\/www.hediyepazar.com\/index.php?rest_route=%2Fwp%2Fv2%2Fproduct_brand&post=108668"},{"taxonomy":"product_cat","embeddable":true,"href":"https:\/\/www.hediyepazar.com\/index.php?rest_route=%2Fwp%2Fv2%2Fproduct_cat&post=108668"},{"taxonomy":"product_tag","embeddable":true,"href":"https:\/\/www.hediyepazar.com\/index.php?rest_route=%2Fwp%2Fv2%2Fproduct_tag&post=108668"}],"curies":[{"name":"wp","href":"https:\/\/api.w.org\/{rel}","templated":true}]}}