{"id":108694,"date":"2026-05-05T00:56:13","date_gmt":"2026-05-05T03:56:13","guid":{"rendered":"https:\/\/www.hediyepazar.com\/?product=hsnet-relax-eller-serbest-4-mevsim-kafa-semsiyesi-2"},"modified":"2026-05-05T00:56:13","modified_gmt":"2026-05-05T03:56:13","slug":"hsnet-relax-eller-serbest-4-mevsim-kafa-semsiyesi-2","status":"publish","type":"product","link":"https:\/\/www.hediyepazar.com\/?product=hsnet-relax-eller-serbest-4-mevsim-kafa-semsiyesi-2","title":{"rendered":"HSNET Relax Eller Serbest 4 Mevsim Kafa \u015eemsiyesi"},"content":{"rendered":"<p>\t<strong>\u00d6zellikler : <\/strong><\/p>\n<p>\t<strong>Renk : Resimdeki Renk-Desen Kombinasyonu birebir g\u00f6nderilir. <\/strong><\/p>\n<p>\t<strong>Materyal : Polyester kuma\u015f, en iyi kaliteyi ve suya dayan\u0131kl\u0131l\u0131\u011f\u0131 sa\u011flamak i\u00e7in dikkatlice dikilmi\u015ftir. <\/strong><\/p>\n<p>\t<strong>\u00d6l\u00e7\u00fcler : 53 x 32 cm (a\u00e7\u0131ld\u0131\u011f\u0131nda) Ekran yan\u0131lmalar\u0131na kar\u015f\u0131 l\u00fctfen \u00f6l\u00e7\u00fcleri kar\u015f\u0131la\u015ft\u0131r\u0131n. <\/strong><\/p>\n<p>\t<strong>GEN\u0130\u015e KULLANIM ALANI : Bal\u0131k\u00e7\u0131l\u0131k, kamp\u00e7\u0131l\u0131k, bah\u00e7ecilik, y\u00fcr\u00fcy\u00fc\u015f, ko\u015fu, bisiklet, yelkencilik, deniz, plaj, ya\u011fmur vb <\/strong><\/p>\n<p>\t<strong>\u00d6NE \u00c7IKAN \u00d6ZELL\u0130K : Erkek, bayan, \u00e7ocuk, gen\u00e7, ya\u015fl\u0131 herkese uygundur.\u00a0<\/strong><\/p>\n<p>\tG\u00f6kku\u015fa\u011f\u0131 \u015femsiye \u015fapkalar\u0131 y\u00fcksek kaliteli, ayarlanabilir katlan\u0131r \u015fapkalard\u0131r. Bir sonraki plaj partinizde g\u00fcne\u015f korumas\u0131 sa\u011flayacak e\u011flenceli parti \u015fapkalar\u0131 olarak kullanmak harika!<\/p>\n<p>\tNormal bir \u015femsiye tutarken ak\u0131ll\u0131 telefon kullanmak e\u011flenceli de\u011fil. Ya\u011fmur \u015fapkas\u0131 \/ plaj \u015fapkam\u0131z, hava ko\u015fullar\u0131na kar\u015f\u0131 koruman\u0131n keyfini \u00e7\u0131kar\u0131rken istedi\u011finiz her \u015feyi yapman\u0131z\u0131 sa\u011flar. D\u0131\u015f mekan malzemelerinize ve kamp malzemelerinize ekleyin. Bal\u0131k\u00e7\u0131l\u0131k, kamp\u00e7\u0131l\u0131k, bah\u00e7ecilik, y\u00fcr\u00fcy\u00fc\u015f, ko\u015fu, bisiklet, yelkencilik i\u00e7in m\u00fckemmel bir \u015fapkad\u0131r.<\/p>\n<p>\t<strong>ELLER-SERBEST! E\u011eLENCEL\u0130 &#038; FONKS\u0130YONEL : <\/strong>\u015eemsiye \u015fapkalar\u0131m\u0131z eller serbest, hafif ve dayan\u0131kl\u0131 oldu\u011fundan, bah\u00e7ede \u00e7al\u0131\u015f\u0131rken, sahilde, bal\u0131k tutarken, kanoda, spor etkinliklerinde veya herkesin g\u00fclece\u011fi iyi bir kahkaha atmak istedi\u011finiz her zaman giyebilirsiniz.<\/p>\n<p>\t<strong>AYARLANAB\u0130L\u0130R! HER YA\u015eA UYAR <\/strong>: Bu \u015femsiye \u015fapkalar, \u00e7ok s\u0131k\u0131 olmadan ba\u015f\u0131n\u0131za kolayca uyum sa\u011flayan g\u00fc\u00e7l\u00fc bir elastik kafa band\u0131na sahiptir, b\u00f6ylece yeti\u015fkinler, erkekler, kad\u0131nlar, \u00e7ocuklar ve k\u00fc\u00e7\u00fck \u00e7ocuklar dahil her ya\u015ftan herkes e\u011flenebilir.<\/p>\n<p>\t<strong>Y\u00dcKSEK KAL\u0130TE! DAYANIKLI KATLANIR TASARIM <\/strong>: G\u00fcne\u015f \u015femsiyesi \u015fapkalar\u0131 ger\u00e7ekten \u00e7ok kaliteli. Bunun nedeni, her \u015fapkan\u0131n, \u015femsiye g\u00f6lgelik \u015feklini korumak i\u00e7in kaliteli ko\u015fucu bile\u015fenleriyle e\u015fle\u015fen g\u00fc\u00e7l\u00fc bir elastik kafa band\u0131na sahip olmas\u0131d\u0131r. Polyester kuma\u015f, en iyi kaliteyi ve suya dayan\u0131kl\u0131l\u0131\u011f\u0131 sa\u011flamak i\u00e7in dikkatlice dikilmi\u015ftir.<\/p>\n<p><strong>Ekran fark\u0131 nedeniyle, renk tonlar\u0131 %0,5 oran\u0131nda fark olabilir. Manuel \u00f6l\u00e7\u00fcm nedeniyle MM fark olabilir. L\u00fctfen anlay\u0131\u015f g\u00f6sterin<\/strong><\/p>\n<p><strong>DETAYLI B\u0130LG\u0130 \u0130\u00c7\u0130N EK RES\u0130MLER\u0130 \u0130NCELEYEB\u0130L\u0130RS\u0130N\u0130Z.  <\/strong> <\/p>\n<p><img decoding=\"async\"  src=\"https:\/\/hepsicdn.com.tr\/static\/product_detail\/hbnet8ef0b539_8760701.jpg\"><\/center> <\/p>\n","protected":false},"excerpt":{"rendered":"<p>\u00d6zellikler : Renk : Resimdeki Renk-Desen Kombinasyonu birebir g\u00f6nderilir. Materyal : Polyester kuma\u015f, en iyi kaliteyi ve suya dayan\u0131kl\u0131l\u0131\u011f\u0131 sa\u011flamak i\u00e7in dikkatlice dikilmi\u015ftir. \u00d6l\u00e7\u00fcler : 53 x 32 cm (a\u00e7\u0131ld\u0131\u011f\u0131nda) Ekran yan\u0131lmalar\u0131na kar\u015f\u0131 l\u00fctfen \u00f6l\u00e7\u00fcleri kar\u015f\u0131la\u015ft\u0131r\u0131n. GEN\u0130\u015e KULLANIM ALANI : Bal\u0131k\u00e7\u0131l\u0131k, kamp\u00e7\u0131l\u0131k, bah\u00e7ecilik, y\u00fcr\u00fcy\u00fc\u015f, ko\u015fu, bisiklet, yelkencilik, deniz, plaj, ya\u011fmur vb \u00d6NE \u00c7IKAN \u00d6ZELL\u0130K :&#8230;<\/p>\n","protected":false},"featured_media":108693,"comment_status":"open","ping_status":"closed","template":"","meta":{"_kad_post_transparent":"","_kad_post_title":"","_kad_post_layout":"","_kad_post_sidebar_id":"","_kad_post_content_style":"","_kad_post_vertical_padding":"","_kad_post_feature":"","_kad_post_feature_position":"","_kad_post_header":false,"_kad_post_footer":false,"_kad_post_classname":""},"product_brand":[],"product_cat":[14433],"product_tag":[],"class_list":{"0":"post-108694","1":"product","2":"type-product","3":"status-publish","4":"has-post-thumbnail","6":"product_cat-semsiye-ev-yasam-kisiye-ozel-hediyelik-semsiye","8":"first","9":"instock","10":"purchasable","11":"product-type-simple","12":"entry","13":"content-bg","14":"loop-entry"},"_links":{"self":[{"href":"https:\/\/www.hediyepazar.com\/index.php?rest_route=\/wp\/v2\/product\/108694","targetHints":{"allow":["GET"]}}],"collection":[{"href":"https:\/\/www.hediyepazar.com\/index.php?rest_route=\/wp\/v2\/product"}],"about":[{"href":"https:\/\/www.hediyepazar.com\/index.php?rest_route=\/wp\/v2\/types\/product"}],"replies":[{"embeddable":true,"href":"https:\/\/www.hediyepazar.com\/index.php?rest_route=%2Fwp%2Fv2%2Fcomments&post=108694"}],"wp:featuredmedia":[{"embeddable":true,"href":"https:\/\/www.hediyepazar.com\/index.php?rest_route=\/wp\/v2\/media\/108693"}],"wp:attachment":[{"href":"https:\/\/www.hediyepazar.com\/index.php?rest_route=%2Fwp%2Fv2%2Fmedia&parent=108694"}],"wp:term":[{"taxonomy":"product_brand","embeddable":true,"href":"https:\/\/www.hediyepazar.com\/index.php?rest_route=%2Fwp%2Fv2%2Fproduct_brand&post=108694"},{"taxonomy":"product_cat","embeddable":true,"href":"https:\/\/www.hediyepazar.com\/index.php?rest_route=%2Fwp%2Fv2%2Fproduct_cat&post=108694"},{"taxonomy":"product_tag","embeddable":true,"href":"https:\/\/www.hediyepazar.com\/index.php?rest_route=%2Fwp%2Fv2%2Fproduct_tag&post=108694"}],"curies":[{"name":"wp","href":"https:\/\/api.w.org\/{rel}","templated":true}]}}