{"id":108696,"date":"2026-05-05T00:56:17","date_gmt":"2026-05-05T03:56:17","guid":{"rendered":"https:\/\/www.hediyepazar.com\/?product=hsnet-budama-ve-agac-ahsap-testeresi-718806"},"modified":"2026-05-05T00:56:17","modified_gmt":"2026-05-05T03:56:17","slug":"hsnet-budama-ve-agac-ahsap-testeresi-718806","status":"publish","type":"product","link":"https:\/\/www.hediyepazar.com\/?product=hsnet-budama-ve-agac-ahsap-testeresi-718806","title":{"rendered":"HSNET Budama ve A\u011fa\u00e7 Ah\u015fap Testeresi 718806"},"content":{"rendered":"<p><\/p>\n<p>\n\t\u00dcr\u00fcn \u00d6zellikleri<\/p>\n<p>\n\tMateryal :Paslanmaz \u00c7elik B\u0131\u00e7ak<\/p>\n<p>\n\t1 Adet, HSNET olarak tasarlad\u0131\u011f\u0131m\u0131z \u00fcr\u00fcn\u00fc, s\u00fcrpriz ya\u015famaman\u0131z i\u00e7in birebir g\u00f6nderiyoruz ; ;<\/p>\n<p>\n\t\u00d6l\u00e7\u00fcler :42 cm toplam uzunluk \/ 27 cm b\u0131\u00e7ak boyu\u00a0<\/p>\n<p>\n\t<br \/>\n\tY\u00dcKSEK G\u00dc\u00c7L\u00dc BI\u00c7AK: Budama\/kesim testeresi daha h\u0131zl\u0131 keserek k\u00fct\u00fc\u011f\u00fcn \u00e7evresine m\u00fckemmel \u015fekilde oturur. G\u00fc\u00e7 ve \u00e7ok keskin di\u015fler Karbon \u00c7elik \u00dc\u00e7l\u00fc Kesim b\u0131\u00e7a\u011f\u0131na sahiptir. Testerenin kavisi, budama testeresinin do\u011fru yolda kalmas\u0131na yard\u0131mc\u0131 olarak daha sorunsuz ve verimli bir \u015fekilde kesmesine yard\u0131mc\u0131 olur. Paslanmaya kar\u015f\u0131 dayan\u0131kl\u0131 ve Uzun \u00d6m\u00fcrl\u00fcd\u00fcr. ; ; E<\/p>\n<p>\n\tRGONOM\u0130K KONFORLU KOL: Sa\u011flam sap, kavray\u0131c\u0131 bir his verir ve kaymaz malzemelerden yap\u0131lm\u0131\u015ft\u0131r. Boyut, k\u00fc\u00e7\u00fckten ekstra b\u00fcy\u00fc\u011fe kadar herhangi bir el boyutuyla \u00e7al\u0131\u015facakt\u0131r. Sa\u011flam testere, g\u00fc\u00e7l\u00fc \u00e7ekmeler s\u0131ras\u0131nda sabit kal\u0131r ve do\u011fru kesimler sa\u011flar. ; ;<\/p>\n<p>\n\tHAF\u0130F A\u011eIRLIK: Bu hafif testereyi s\u0131rt \u00e7antan\u0131za veya alet \u00e7antan\u0131za at\u0131n. Bu sa\u011flam testere, bah\u00e7e budama, kamp ekipman\u0131, hayatta kalma te\u00e7hizat\u0131, do\u011fa y\u00fcr\u00fcy\u00fc\u015f\u00fc aksesuar\u0131 i\u00e7in bir buday\u0131c\u0131 olarak kullan\u0131labilir. Bu ara\u00e7, \u00e7al\u0131l\u0131klarda iz bak\u0131m\u0131 i\u00e7in veya kamp yaparken veya bar\u0131nak in\u015fa ederken \u00e7ok yard\u0131mc\u0131 olacakt\u0131r. ; ;<\/p>\n<p>\n\tM\u00dcKEMMEL SATI\u015e SONRASI H\u0130ZMET :HSNET \/ HSNET olarak m\u00fc\u015fterilerimize en iyi hizmeti sunmay\u0131 ama\u00e7l\u0131yor, g\u00fcvenle sat\u0131n alabilmeniz i\u00e7in, ambalaj kalitemize g\u00fcveniyor, her \u00fcr\u00fcn sorunsuz teslimat i\u00e7in \u00f6zenle paketliyor ve resimde belirtilen renk, ebat, \u00f6zelikte \u00fcr\u00fcn g\u00f6ndermeyi taahh\u00fct ediyoruz. Hasarl\u0131 \u00fcr\u00fcn ald\u0131ysan\u0131z veya di\u011fer \u00fcr\u00fcn ve paket teslimat sorunlar\u0131 oldu\u011funda bizimle ileti\u015fime ge\u00e7mekten \u00e7ekinmeyin.<\/p>\n","protected":false},"excerpt":{"rendered":"<p>\u00dcr\u00fcn \u00d6zellikleri Materyal :Paslanmaz \u00c7elik B\u0131\u00e7ak 1 Adet, HSNET olarak tasarlad\u0131\u011f\u0131m\u0131z \u00fcr\u00fcn\u00fc, s\u00fcrpriz ya\u015famaman\u0131z i\u00e7in birebir g\u00f6nderiyoruz ; ; \u00d6l\u00e7\u00fcler :42 cm toplam uzunluk \/ 27 cm b\u0131\u00e7ak boyu\u00a0 Y\u00dcKSEK G\u00dc\u00c7L\u00dc BI\u00c7AK: Budama\/kesim testeresi daha h\u0131zl\u0131 keserek k\u00fct\u00fc\u011f\u00fcn \u00e7evresine m\u00fckemmel \u015fekilde oturur. G\u00fc\u00e7 ve \u00e7ok keskin di\u015fler Karbon \u00c7elik \u00dc\u00e7l\u00fc Kesim b\u0131\u00e7a\u011f\u0131na sahiptir. Testerenin kavisi,&#8230;<\/p>\n","protected":false},"featured_media":108695,"comment_status":"open","ping_status":"closed","template":"","meta":{"_kad_post_transparent":"","_kad_post_title":"","_kad_post_layout":"","_kad_post_sidebar_id":"","_kad_post_content_style":"","_kad_post_vertical_padding":"","_kad_post_feature":"","_kad_post_feature_position":"","_kad_post_header":false,"_kad_post_footer":false,"_kad_post_classname":""},"product_brand":[],"product_cat":[7848],"product_tag":[],"class_list":{"0":"post-108696","1":"product","2":"type-product","3":"status-publish","4":"has-post-thumbnail","6":"product_cat-saksi-cicek-bakimi-bitki-yetistirme-bahce-ev-yasam-saksi","8":"first","9":"instock","10":"purchasable","11":"product-type-simple","12":"entry","13":"content-bg","14":"loop-entry"},"_links":{"self":[{"href":"https:\/\/www.hediyepazar.com\/index.php?rest_route=\/wp\/v2\/product\/108696","targetHints":{"allow":["GET"]}}],"collection":[{"href":"https:\/\/www.hediyepazar.com\/index.php?rest_route=\/wp\/v2\/product"}],"about":[{"href":"https:\/\/www.hediyepazar.com\/index.php?rest_route=\/wp\/v2\/types\/product"}],"replies":[{"embeddable":true,"href":"https:\/\/www.hediyepazar.com\/index.php?rest_route=%2Fwp%2Fv2%2Fcomments&post=108696"}],"wp:featuredmedia":[{"embeddable":true,"href":"https:\/\/www.hediyepazar.com\/index.php?rest_route=\/wp\/v2\/media\/108695"}],"wp:attachment":[{"href":"https:\/\/www.hediyepazar.com\/index.php?rest_route=%2Fwp%2Fv2%2Fmedia&parent=108696"}],"wp:term":[{"taxonomy":"product_brand","embeddable":true,"href":"https:\/\/www.hediyepazar.com\/index.php?rest_route=%2Fwp%2Fv2%2Fproduct_brand&post=108696"},{"taxonomy":"product_cat","embeddable":true,"href":"https:\/\/www.hediyepazar.com\/index.php?rest_route=%2Fwp%2Fv2%2Fproduct_cat&post=108696"},{"taxonomy":"product_tag","embeddable":true,"href":"https:\/\/www.hediyepazar.com\/index.php?rest_route=%2Fwp%2Fv2%2Fproduct_tag&post=108696"}],"curies":[{"name":"wp","href":"https:\/\/api.w.org\/{rel}","templated":true}]}}