{"id":108722,"date":"2026-05-05T00:58:20","date_gmt":"2026-05-05T03:58:20","guid":{"rendered":"https:\/\/www.hediyepazar.com\/?product=hsnet-kumas-gozluk-kilifi-66-kilifbezli-set"},"modified":"2026-05-05T00:58:20","modified_gmt":"2026-05-05T03:58:20","slug":"hsnet-kumas-gozluk-kilifi-66-kilifbezli-set","status":"publish","type":"product","link":"https:\/\/www.hediyepazar.com\/?product=hsnet-kumas-gozluk-kilifi-66-kilifbezli-set","title":{"rendered":"HSNET Kuma\u015f G\u00f6zl\u00fck K\u0131l\u0131f\u0131 6+6 K\u0131l\u0131f+Bezli SET"},"content":{"rendered":"<p>\n\tTRANSFORMACION Profesyonel \u00c7ekme \u0130pli G\u00f6zl\u00fck K\u0131l\u0131f\u0131 \u2013 6&#8217;li Paket + 6 Adet Silme Bezi Hediyeli<\/p>\n<p>\t\u00d6ne \u00c7\u0131kan \u00d6zellikler<\/p>\n<p>\tDayan\u0131kl\u0131 ve Yumu\u015fak Kuma\u015f Malzeme<br \/>\n\tG\u00f6zl\u00fckleri \u00e7izilmelere kar\u015f\u0131 koruyan kaliteli kuma\u015f.<br \/>\n\t\u00c7ekme \u0130pli Tasar\u0131m<br \/>\n\tKullan\u0131m\u0131 kolay, g\u00fcvenli kapama mekanizmas\u0131.<br \/>\n\t12&#8217;li Paket \u2013 Toplu Kullan\u0131m \u0130\u00e7in \u0130deal<br \/>\n\t1 adet sepete ekledi\u011finizde\u00a0 6 adet g\u00f6zl\u00fck k\u0131l\u0131f\u0131+ 6 adet bez\u00a0 al\u0131rs\u0131n\u0131z.<br \/>\n\t6 Adet Silme Bezi Hediyeli<br \/>\n\tG\u00f6zl\u00fck camlar\u0131n\u0131z\u0131 \u00e7izmeden temizleyen mikrofiber bezler.<br \/>\n\tProfesyonel ve Ki\u015fisel Kullan\u0131m \u0130\u00e7in Uygun<br \/>\n\tG\u00f6zl\u00fckler, optik aksesuarlar, ta\u015f\u0131nabilir cihazlar i\u00e7in koruyucu k\u0131l\u0131f.<br \/>\n\t\u00dcr\u00fcn A\u00e7\u0131klamas\u0131<\/p>\n<p>\tBu TRANSFORMACION Profesyonel \u00c7ekme \u0130pli G\u00f6zl\u00fck K\u0131l\u0131f\u0131, g\u00f6zl\u00fcklerinizi \u00e7izilmelere ve toza kar\u015f\u0131 korumak i\u00e7in \u00f6zel olarak tasarlanm\u0131\u015ft\u0131r. Yumu\u015fak ve dayan\u0131kl\u0131 kuma\u015f malzemesi, g\u00f6zl\u00fcklerinizi g\u00fcvenli \u015fekilde saklaman\u0131za olanak tan\u0131rken, \u00e7ekme ipli tasar\u0131m\u0131 kolay kullan\u0131m sa\u011flar. Bu \u00fcr\u00fcn 50&#8217;li set olarak sat\u0131lmaktad\u0131r, yani tek sipari\u015fle 6 adet g\u00f6zl\u00fck k\u0131l\u0131f\u0131 g\u00f6nderilir. Ayr\u0131ca 6 adet silme bezi hediyesi ile birlikte gelir, b\u00f6ylece g\u00f6zl\u00fck camlar\u0131n\u0131z\u0131 \u00e7izmeden temizleyebilirsiniz!<\/p>\n<p>\t Dayan\u0131kl\u0131 kuma\u015f ile g\u00f6zl\u00fcklerinizi \u00e7izilmelere kar\u015f\u0131 koruyun!\n\t<\/p>\n<p><\/p>\n<p>\n\t&#8220;\u00c7ekme ipli g\u00f6zl\u00fck k\u0131l\u0131f\u0131 12&#8217;li paket, g\u00f6zl\u00fcklerinizi \u00e7izilmelere ve toza kar\u015f\u0131 koruyarak uzun \u00f6m\u00fcrl\u00fc kullan\u0131m sunar. Mikrofiber silme bezli g\u00f6zl\u00fck koruma seti, g\u00f6zl\u00fcklerinizi temizlemeniz i\u00e7in ekstra bezlerle birlikte gelirken, profesyonel optik aksesuar koruma k\u0131l\u0131f\u0131, b\u00fcy\u00fck \u00f6l\u00e7ekli i\u015fletmeler ve toplu kullan\u0131m i\u00e7in m\u00fckemmel se\u00e7imdir!&#8221;<\/p>\n<p>\n\t<strong>M\u00dcKEMMEL SATI\u015e SONRASI H\u0130ZMET : <\/strong>Bu \u00fcr\u00fcne daha avantajl\u0131 sahip olabilmeniz i\u00e7in ma\u011fazam\u0131z\u0131 ziyaret ederek, kampanyalar\u0131 inceleyebilirsiniz. HSNET \/ HSNET olarak m\u00fc\u015fterilerimize en iyi hizmeti sunmay\u0131 ama\u00e7l\u0131yor, g\u00fcvenle sat\u0131n alabilmeniz i\u00e7in, ambalaj kalitemize g\u00fcveniyor, her \u00fcr\u00fcn sorunsuz teslimat i\u00e7in \u00f6zenle paketliyor ve resimde belirtilen renk, ebat, \u00f6zelikte \u00fcr\u00fcn g\u00f6ndermeyi taahh\u00fct ediyoruz. Hasarl\u0131 \u00fcr\u00fcn ald\u0131ysan\u0131z veya di\u011fer \u00fcr\u00fcn ve paket teslimat sorunlar\u0131 oldu\u011funda bizimle ileti\u015fime ge\u00e7mekten \u00e7ekinmeyin.<\/p>\n<p>\n\t<strong>Detayl\u0131 bilgi i\u00e7in ek resimleri inceleyebilirsiniz<\/strong><\/p>\n<p><\/p>\n<p>\n\t<strong><img decoding=\"async\"  src=\"https:\/\/hepsicdn.com.tr\/static\/product_detail\/hbnet54c416d4_8763401.jpg\"><\/strong><\/p>\n<p>\n\t\u00a0<\/p>\n","protected":false},"excerpt":{"rendered":"<p>TRANSFORMACION Profesyonel \u00c7ekme \u0130pli G\u00f6zl\u00fck K\u0131l\u0131f\u0131 \u2013 6&#8217;li Paket + 6 Adet Silme Bezi Hediyeli \u00d6ne \u00c7\u0131kan \u00d6zellikler Dayan\u0131kl\u0131 ve Yumu\u015fak Kuma\u015f Malzeme G\u00f6zl\u00fckleri \u00e7izilmelere kar\u015f\u0131 koruyan kaliteli kuma\u015f. \u00c7ekme \u0130pli Tasar\u0131m Kullan\u0131m\u0131 kolay, g\u00fcvenli kapama mekanizmas\u0131. 12&#8217;li Paket \u2013 Toplu Kullan\u0131m \u0130\u00e7in \u0130deal 1 adet sepete ekledi\u011finizde\u00a0 6 adet g\u00f6zl\u00fck k\u0131l\u0131f\u0131+ 6 adet bez\u00a0&#8230;<\/p>\n","protected":false},"featured_media":108721,"comment_status":"open","ping_status":"closed","template":"","meta":{"_kad_post_transparent":"","_kad_post_title":"","_kad_post_layout":"","_kad_post_sidebar_id":"","_kad_post_content_style":"","_kad_post_vertical_padding":"","_kad_post_feature":"","_kad_post_feature_position":"","_kad_post_header":false,"_kad_post_footer":false,"_kad_post_classname":""},"product_brand":[],"product_cat":[14342],"product_tag":[],"class_list":{"0":"post-108722","1":"product","2":"type-product","3":"status-publish","4":"has-post-thumbnail","6":"product_cat-gunes-gozlugu-aksesuar-kadin-gunes-gozlugu","8":"first","9":"instock","10":"purchasable","11":"product-type-simple","12":"entry","13":"content-bg","14":"loop-entry"},"_links":{"self":[{"href":"https:\/\/www.hediyepazar.com\/index.php?rest_route=\/wp\/v2\/product\/108722","targetHints":{"allow":["GET"]}}],"collection":[{"href":"https:\/\/www.hediyepazar.com\/index.php?rest_route=\/wp\/v2\/product"}],"about":[{"href":"https:\/\/www.hediyepazar.com\/index.php?rest_route=\/wp\/v2\/types\/product"}],"replies":[{"embeddable":true,"href":"https:\/\/www.hediyepazar.com\/index.php?rest_route=%2Fwp%2Fv2%2Fcomments&post=108722"}],"wp:featuredmedia":[{"embeddable":true,"href":"https:\/\/www.hediyepazar.com\/index.php?rest_route=\/wp\/v2\/media\/108721"}],"wp:attachment":[{"href":"https:\/\/www.hediyepazar.com\/index.php?rest_route=%2Fwp%2Fv2%2Fmedia&parent=108722"}],"wp:term":[{"taxonomy":"product_brand","embeddable":true,"href":"https:\/\/www.hediyepazar.com\/index.php?rest_route=%2Fwp%2Fv2%2Fproduct_brand&post=108722"},{"taxonomy":"product_cat","embeddable":true,"href":"https:\/\/www.hediyepazar.com\/index.php?rest_route=%2Fwp%2Fv2%2Fproduct_cat&post=108722"},{"taxonomy":"product_tag","embeddable":true,"href":"https:\/\/www.hediyepazar.com\/index.php?rest_route=%2Fwp%2Fv2%2Fproduct_tag&post=108722"}],"curies":[{"name":"wp","href":"https:\/\/api.w.org\/{rel}","templated":true}]}}