{"id":108754,"date":"2026-05-05T01:02:01","date_gmt":"2026-05-05T04:02:01","guid":{"rendered":"https:\/\/www.hediyepazar.com\/?product=hsnet-kilitli-vantuzlu-kaldirici-50-kg"},"modified":"2026-05-05T01:02:01","modified_gmt":"2026-05-05T04:02:01","slug":"hsnet-kilitli-vantuzlu-kaldirici-50-kg","status":"publish","type":"product","link":"https:\/\/www.hediyepazar.com\/?product=hsnet-kilitli-vantuzlu-kaldirici-50-kg","title":{"rendered":"HSNET Kilitli Vantuzlu Kald\u0131r\u0131c\u0131 50 KG"},"content":{"rendered":"<p>\n\t<strong>\u00dcr\u00fcn \u00d6zellikleri : <\/strong><\/p>\n<p>\t<strong>AKSESUARLAR \u00dcR\u00dcNE DAH\u0130L DE\u011e\u0130LD\u0130R. <\/strong><\/p>\n<p>\t<strong>Materyal : Karbon plastik, kau\u00e7uk silikon tutucu\u00a0<\/strong><\/p>\n<p>\t<strong>Adet \/ Renk \/ Tasar\u0131m : <\/strong> 1 Adet, HSNET\u00a0 Design olarak tasarlad\u0131\u011f\u0131m\u0131z, resimde yer alan modeli , s\u00fcrpriz ya\u015famaman\u0131z i\u00e7in birebir g\u00f6nderiyoruz. Kald\u0131r\u0131c\u0131 renkleri farkl\u0131l\u0131k g\u00f6sterebilir<\/p>\n<p>\t<strong>\u00d6l\u00e7\u00fcler (bir cep telefonu ortalama 16 cm dir. K\u0131yaslaman\u0131z i\u00e7in kolayl\u0131k de\u011fil mi ? ) :\u00a0<\/strong><strong background-color:=\"\" font-size:=\"\" sans=\"\" source=\"\" style=\"box-sizing: border-box; color: rgb(0, 0, 0); font-family: \">11 cm taban \u00e7ap\u0131 x 10\u00a0 cm y\u00fckseklik\u00a0<\/strong><\/p>\n<p>\n\t\u00c7ok g\u00fc\u00e7l\u00fc ve dayan\u0131kl\u0131d\u0131r, do\u011fal kau\u00e7uktan yap\u0131lm\u0131\u015f vantuzlara sahiptir.<br \/>\n\tCam, seramik, fayans, lmermer, laminat zeminler,, ray, tahta d\u00f6\u015feme ve herhangi bir temiz g\u00f6zeneksiz y\u00fczeyi kald\u0131rmak amac\u0131yla kullan\u0131l\u0131r.<br \/>\n\t<span id=\"docs-internal-guid-7a19d635-7fff-417a-331b-1c2a9b59918b\"><span style=\"font-size: 10.5pt; font-family: Arial, sans-serif; color: rgb(15, 17, 17); font-variant-numeric: normal; font-variant-east-asian: normal; font-variant-alternates: normal; font-variant-position: normal; vertical-align: baseline; white-space-collapse: preserve;\">50 kg kald\u0131rma kapasitesine sahiptir ve duruma g\u00f6re 2 tane alman\u0131z gerekebilir<\/span><\/span><\/p>\n<p>\n\t<strong>\u00a0M\u00dcKEMMEL SATI\u015e SONRASI H\u0130ZMET : <\/strong>Bu \u00fcr\u00fcne daha avantajl\u0131 sahip olabilmeniz i\u00e7in ma\u011fazam\u0131z\u0131 ziyaret ederek, kampanyalar\u0131 inceleyebilirsiniz. HSNET \/ HSNET olarak m\u00fc\u015fterilerimize en iyi hizmeti sunmay\u0131 ama\u00e7l\u0131yor, g\u00fcvenle sat\u0131n alabilmeniz i\u00e7in, ambalaj kalitemize g\u00fcveniyor, her \u00fcr\u00fcn sorunsuz teslimat i\u00e7in \u00f6zenle paketliyor ve resimde belirtilen renk, ebat, \u00f6zelikte \u00fcr\u00fcn g\u00f6ndermeyi taahh\u00fct ediyoruz. Hasarl\u0131 \u00fcr\u00fcn ald\u0131ysan\u0131z veya di\u011fer \u00fcr\u00fcn ve paket teslimat sorunlar\u0131 oldu\u011funda bizimle ileti\u015fime ge\u00e7mekten \u00e7ekinmeyin.<\/p>\n<p>\n\t<strong>Detayl\u0131 bilgi i\u00e7in ek resimleri inceleyebilirsiniz<\/strong><\/p>\n<p><\/p>\n<p>\n\t<strong><img decoding=\"async\"  src=\"https:\/\/hepsicdn.com.tr\/static\/product_detail\/hbnet757784f1_8766501.jpg\"><\/strong><\/p>\n<p>\n\t\u00a0<\/p>\n","protected":false},"excerpt":{"rendered":"<p>\u00dcr\u00fcn \u00d6zellikleri : AKSESUARLAR \u00dcR\u00dcNE DAH\u0130L DE\u011e\u0130LD\u0130R. Materyal : Karbon plastik, kau\u00e7uk silikon tutucu\u00a0 Adet \/ Renk \/ Tasar\u0131m : 1 Adet, HSNET\u00a0 Design olarak tasarlad\u0131\u011f\u0131m\u0131z, resimde yer alan modeli , s\u00fcrpriz ya\u015famaman\u0131z i\u00e7in birebir g\u00f6nderiyoruz. Kald\u0131r\u0131c\u0131 renkleri farkl\u0131l\u0131k g\u00f6sterebilir \u00d6l\u00e7\u00fcler (bir cep telefonu ortalama 16 cm dir. K\u0131yaslaman\u0131z i\u00e7in kolayl\u0131k de\u011fil mi ? )&#8230;<\/p>\n","protected":false},"featured_media":108753,"comment_status":"open","ping_status":"closed","template":"","meta":{"_kad_post_transparent":"","_kad_post_title":"","_kad_post_layout":"","_kad_post_sidebar_id":"","_kad_post_content_style":"","_kad_post_vertical_padding":"","_kad_post_feature":"","_kad_post_feature_position":"","_kad_post_header":false,"_kad_post_footer":false,"_kad_post_classname":""},"product_brand":[],"product_cat":[14347],"product_tag":[],"class_list":{"0":"post-108754","1":"product","2":"type-product","3":"status-publish","4":"has-post-thumbnail","6":"product_cat-ofis-aksesuarlari-masaustu-gerecleri-kirtasiye-ofis-ofis-aksesuarlari","8":"first","9":"instock","10":"purchasable","11":"product-type-simple","12":"entry","13":"content-bg","14":"loop-entry"},"_links":{"self":[{"href":"https:\/\/www.hediyepazar.com\/index.php?rest_route=\/wp\/v2\/product\/108754","targetHints":{"allow":["GET"]}}],"collection":[{"href":"https:\/\/www.hediyepazar.com\/index.php?rest_route=\/wp\/v2\/product"}],"about":[{"href":"https:\/\/www.hediyepazar.com\/index.php?rest_route=\/wp\/v2\/types\/product"}],"replies":[{"embeddable":true,"href":"https:\/\/www.hediyepazar.com\/index.php?rest_route=%2Fwp%2Fv2%2Fcomments&post=108754"}],"wp:featuredmedia":[{"embeddable":true,"href":"https:\/\/www.hediyepazar.com\/index.php?rest_route=\/wp\/v2\/media\/108753"}],"wp:attachment":[{"href":"https:\/\/www.hediyepazar.com\/index.php?rest_route=%2Fwp%2Fv2%2Fmedia&parent=108754"}],"wp:term":[{"taxonomy":"product_brand","embeddable":true,"href":"https:\/\/www.hediyepazar.com\/index.php?rest_route=%2Fwp%2Fv2%2Fproduct_brand&post=108754"},{"taxonomy":"product_cat","embeddable":true,"href":"https:\/\/www.hediyepazar.com\/index.php?rest_route=%2Fwp%2Fv2%2Fproduct_cat&post=108754"},{"taxonomy":"product_tag","embeddable":true,"href":"https:\/\/www.hediyepazar.com\/index.php?rest_route=%2Fwp%2Fv2%2Fproduct_tag&post=108754"}],"curies":[{"name":"wp","href":"https:\/\/api.w.org\/{rel}","templated":true}]}}