{"id":108770,"date":"2026-05-05T01:03:11","date_gmt":"2026-05-05T04:03:11","guid":{"rendered":"https:\/\/www.hediyepazar.com\/?product=hsnet-hali-kilim-yolluk-kayma-onleyici-120-adet-pvc-nano"},"modified":"2026-05-05T01:03:11","modified_gmt":"2026-05-05T04:03:11","slug":"hsnet-hali-kilim-yolluk-kayma-onleyici-120-adet-pvc-nano","status":"publish","type":"product","link":"https:\/\/www.hediyepazar.com\/?product=hsnet-hali-kilim-yolluk-kayma-onleyici-120-adet-pvc-nano","title":{"rendered":"HSNET Hal\u0131 Kilim Yolluk Kayma \u00d6nleyici 120 ADET Pvc Nano"},"content":{"rendered":"<p>\n\t<span style=\"color:#ff0000;\"><strong>Spesifikasyonlar : <\/strong><\/span><\/p>\n<p>\n\t<span style=\"color:#008000;\"><strong>Renk : Resimdeki\u00a0 \u015eEFFAF Renk birebir g\u00f6nderilir.\u00a0 \u00a0<\/strong><\/span><\/p>\n<p>\n\t<span style=\"color:#ff0000;\"><strong>Materyal : pvc akrilik nano\u00a0<\/strong><\/span><\/p>\n<p>\n\t<span style=\"color:#ff0000;\"><strong>Ne alacaks\u0131n\u0131z ? : 120 adet\u00a0<\/strong><\/span><\/p>\n<p>\n\t<strong style=\"color: rgb(255, 0, 0);\">\u00d6l\u00e7\u00fcler : 5.0cm, geni\u015fli\u011fi 1.8cm ve kal\u0131nl\u0131\u011f\u0131 0.06cm.\u00a0\u00a0<\/strong><\/p>\n<p>\n\tK\u00fc\u00e7\u00fck hal\u0131lar, yolluk, kilimlerinizin alt\u0131na yap\u0131\u015ft\u0131rarak sabitlenmesini sa\u011flay\u0131n. Serbest\u00e7e kesilebilir ve israfa neden olmaz. Sadece Bunlarla kalmaz, saks\u0131lar\u0131n alt\u0131na yap\u0131\u015ft\u0131r\u0131n hareket etmesini \u00f6nleyi n<\/p>\n<p>\n\tPVC malzemeden yap\u0131lm\u0131\u015f, kullan\u0131m\u0131 \u00e7ok dayan\u0131kl\u0131d\u0131r.<\/p>\n<p>\t<strong>\u00c7ok Fonksiyonlu Yap\u0131\u015fkan Bant: <\/strong>Y\u00fcksek kaliteli malzemeden yap\u0131lm\u0131\u015f \u015feffaf \u00e7ift tarafl\u0131 band\u0131m\u0131z \u00e7ok g\u00fc\u00e7l\u00fc ve dayan\u0131kl\u0131d\u0131r. Kurulumu kolayd\u0131r, alet gerektirmez, an\u0131nda yap\u0131\u015fma i\u00e7in k\u00fcrleme veya kurutma gerektirmez.<\/p>\n<p>\t<strong>Kullan\u0131m\u0131 kolay, kesme gerektirmez: <\/strong>Ayr\u0131ca ihtiya\u00e7lar\u0131n\u0131za g\u00f6re \u00f6zelle\u015ftirebilirsiniz. \u0130stedi\u011finiz boy ve uzunlukta kolayca kesilebilir. Sadece band\u0131 \u00f6\u011fenin y\u00fczeyine yap\u0131\u015ft\u0131rman\u0131z gerekir.<\/p>\n<p>\t<strong>Y\u0131rt\u0131labilir ve Yeniden Kullan\u0131labilir: <\/strong>Bant yap\u0131\u015fkan kal\u0131nt\u0131 b\u0131rakmadan soyulabilir ve y\u00fczeye zarar vermeden y\u0131rt\u0131lmas\u0131 kolayd\u0131r. Band\u0131 tekrar kullanman\u0131z gerekirse, l\u00fctfen suyla y\u0131kay\u0131n ve yap\u0131\u015fmas\u0131n\u0131 sa\u011flamak i\u00e7in kurutun.\u00a0<\/p>\n<p>\tDETAYLI B\u0130LG\u0130 \u0130\u00c7\u0130N EK RES\u0130MLER\u0130 \u0130NCELEYEB\u0130L\u0130RS\u0130N\u0130Z.<\/p>\n<p>\n\t<img decoding=\"async\"  src=\"https:\/\/hepsicdn.com.tr\/static\/product_detail\/hbnetd5e2e17b_8768001.jpg\"><\/p>\n","protected":false},"excerpt":{"rendered":"<p>Spesifikasyonlar : Renk : Resimdeki\u00a0 \u015eEFFAF Renk birebir g\u00f6nderilir.\u00a0 \u00a0 Materyal : pvc akrilik nano\u00a0 Ne alacaks\u0131n\u0131z ? : 120 adet\u00a0 \u00d6l\u00e7\u00fcler : 5.0cm, geni\u015fli\u011fi 1.8cm ve kal\u0131nl\u0131\u011f\u0131 0.06cm.\u00a0\u00a0 K\u00fc\u00e7\u00fck hal\u0131lar, yolluk, kilimlerinizin alt\u0131na yap\u0131\u015ft\u0131rarak sabitlenmesini sa\u011flay\u0131n. Serbest\u00e7e kesilebilir ve israfa neden olmaz. Sadece Bunlarla kalmaz, saks\u0131lar\u0131n alt\u0131na yap\u0131\u015ft\u0131r\u0131n hareket etmesini \u00f6nleyi n PVC malzemeden&#8230;<\/p>\n","protected":false},"featured_media":108769,"comment_status":"open","ping_status":"closed","template":"","meta":{"_kad_post_transparent":"","_kad_post_title":"","_kad_post_layout":"","_kad_post_sidebar_id":"","_kad_post_content_style":"","_kad_post_vertical_padding":"","_kad_post_feature":"","_kad_post_feature_position":"","_kad_post_header":false,"_kad_post_footer":false,"_kad_post_classname":""},"product_brand":[],"product_cat":[14810],"product_tag":[],"class_list":{"0":"post-108770","1":"product","2":"type-product","3":"status-publish","4":"has-post-thumbnail","6":"product_cat-hirdavat-urunleri-yapi-market-bahce-yapi-market-ev-yasam-testereler","8":"first","9":"instock","10":"purchasable","11":"product-type-simple","12":"entry","13":"content-bg","14":"loop-entry"},"_links":{"self":[{"href":"https:\/\/www.hediyepazar.com\/index.php?rest_route=\/wp\/v2\/product\/108770","targetHints":{"allow":["GET"]}}],"collection":[{"href":"https:\/\/www.hediyepazar.com\/index.php?rest_route=\/wp\/v2\/product"}],"about":[{"href":"https:\/\/www.hediyepazar.com\/index.php?rest_route=\/wp\/v2\/types\/product"}],"replies":[{"embeddable":true,"href":"https:\/\/www.hediyepazar.com\/index.php?rest_route=%2Fwp%2Fv2%2Fcomments&post=108770"}],"wp:featuredmedia":[{"embeddable":true,"href":"https:\/\/www.hediyepazar.com\/index.php?rest_route=\/wp\/v2\/media\/108769"}],"wp:attachment":[{"href":"https:\/\/www.hediyepazar.com\/index.php?rest_route=%2Fwp%2Fv2%2Fmedia&parent=108770"}],"wp:term":[{"taxonomy":"product_brand","embeddable":true,"href":"https:\/\/www.hediyepazar.com\/index.php?rest_route=%2Fwp%2Fv2%2Fproduct_brand&post=108770"},{"taxonomy":"product_cat","embeddable":true,"href":"https:\/\/www.hediyepazar.com\/index.php?rest_route=%2Fwp%2Fv2%2Fproduct_cat&post=108770"},{"taxonomy":"product_tag","embeddable":true,"href":"https:\/\/www.hediyepazar.com\/index.php?rest_route=%2Fwp%2Fv2%2Fproduct_tag&post=108770"}],"curies":[{"name":"wp","href":"https:\/\/api.w.org\/{rel}","templated":true}]}}