{"id":108786,"date":"2026-05-05T01:04:57","date_gmt":"2026-05-05T04:04:57","guid":{"rendered":"https:\/\/www.hediyepazar.com\/?product=hsnet-reagan-tablet-ve-deterjan-saklama-kutusu-5-lt-krem"},"modified":"2026-05-05T01:04:57","modified_gmt":"2026-05-05T04:04:57","slug":"hsnet-reagan-tablet-ve-deterjan-saklama-kutusu-5-lt-krem","status":"publish","type":"product","link":"https:\/\/www.hediyepazar.com\/?product=hsnet-reagan-tablet-ve-deterjan-saklama-kutusu-5-lt-krem","title":{"rendered":"HSNET Reagan Tablet ve Deterjan Saklama Kutusu 5 Lt Krem"},"content":{"rendered":"<p>\n\t<strong>\u00dcr\u00fcn \u00d6zellikleri : <\/strong><\/p>\n<p>\n\t<strong>RENK : <\/strong> KREM Renk KAPAK tasar\u0131m\u0131 birebir g\u00f6re g\u00f6nderiyoruz. S\u00fcrpriz ya\u015famazs\u0131n\u0131z.<\/p>\n<p>\n\t<strong>MATERYAL : <\/strong>5 Numaral\u0131 PP Plastik &#8211; Plastik malzemeler i\u00e7erisinde en sa\u011fl\u0131kl\u0131 ve kullan\u0131m\u0131 uygun malzemedir. BPA i\u00e7ermez ve g\u0131da temas\u0131na uygundur<\/p>\n<p>\n\t<strong>ADET : 1 <\/strong><\/p>\n<p>\n\t<strong>\u00d6L\u00c7\u00dcLER : <\/strong>5 litre \u00dcr\u00fcn \u00d6l\u00e7\u00fcs\u00fc 34,5x19x12,5 cm\u00a0\u00a0<\/p>\n<p>\n\t<strong>GEN\u0130\u015e KULLANIM ALANI : <\/strong> Deterjan\/Tablet veya di\u011fer banyo malzemelerini koyabilece\u011finiz kayar kapak yap\u0131s\u0131yla kolay bir kullan\u0131m sa\u011flar.<\/p>\n<p>\n\tDarbelere kar\u015f\u0131 dayan\u0131kl\u0131d\u0131r.<\/p>\n<p>\n\t\u00dcs\u00fct\u00fcste konulabilir ve yerden tasarruf sa\u011flar. Bula\u015f\u0131k makinesinde y\u0131kanabilir.<\/p>\n<p>\n\t<strong>Ekran fark\u0131 nedeniyle, renk tonlar\u0131 %0,5 oran\u0131nda fark, Manuel \u00f6l\u00e7\u00fcm nedeniyle Milimetre fark olabilir. anlay\u0131\u015f g\u00f6stermenizi rica ederiz. <\/strong><\/p>\n<p>\n","protected":false},"excerpt":{"rendered":"<p>\u00dcr\u00fcn \u00d6zellikleri : RENK : KREM Renk KAPAK tasar\u0131m\u0131 birebir g\u00f6re g\u00f6nderiyoruz. S\u00fcrpriz ya\u015famazs\u0131n\u0131z. MATERYAL : 5 Numaral\u0131 PP Plastik &#8211; Plastik malzemeler i\u00e7erisinde en sa\u011fl\u0131kl\u0131 ve kullan\u0131m\u0131 uygun malzemedir. BPA i\u00e7ermez ve g\u0131da temas\u0131na uygundur ADET : 1 \u00d6L\u00c7\u00dcLER : 5 litre \u00dcr\u00fcn \u00d6l\u00e7\u00fcs\u00fc 34,5x19x12,5 cm\u00a0\u00a0 GEN\u0130\u015e KULLANIM ALANI : Deterjan\/Tablet veya di\u011fer banyo&#8230;<\/p>\n","protected":false},"featured_media":108785,"comment_status":"open","ping_status":"closed","template":"","meta":{"_kad_post_transparent":"","_kad_post_title":"","_kad_post_layout":"","_kad_post_sidebar_id":"","_kad_post_content_style":"","_kad_post_vertical_padding":"","_kad_post_feature":"","_kad_post_feature_position":"","_kad_post_header":false,"_kad_post_footer":false,"_kad_post_classname":""},"product_brand":[],"product_cat":[14810],"product_tag":[],"class_list":{"0":"post-108786","1":"product","2":"type-product","3":"status-publish","4":"has-post-thumbnail","6":"product_cat-hirdavat-urunleri-yapi-market-bahce-yapi-market-ev-yasam-testereler","8":"first","9":"instock","10":"purchasable","11":"product-type-simple","12":"entry","13":"content-bg","14":"loop-entry"},"_links":{"self":[{"href":"https:\/\/www.hediyepazar.com\/index.php?rest_route=\/wp\/v2\/product\/108786","targetHints":{"allow":["GET"]}}],"collection":[{"href":"https:\/\/www.hediyepazar.com\/index.php?rest_route=\/wp\/v2\/product"}],"about":[{"href":"https:\/\/www.hediyepazar.com\/index.php?rest_route=\/wp\/v2\/types\/product"}],"replies":[{"embeddable":true,"href":"https:\/\/www.hediyepazar.com\/index.php?rest_route=%2Fwp%2Fv2%2Fcomments&post=108786"}],"wp:featuredmedia":[{"embeddable":true,"href":"https:\/\/www.hediyepazar.com\/index.php?rest_route=\/wp\/v2\/media\/108785"}],"wp:attachment":[{"href":"https:\/\/www.hediyepazar.com\/index.php?rest_route=%2Fwp%2Fv2%2Fmedia&parent=108786"}],"wp:term":[{"taxonomy":"product_brand","embeddable":true,"href":"https:\/\/www.hediyepazar.com\/index.php?rest_route=%2Fwp%2Fv2%2Fproduct_brand&post=108786"},{"taxonomy":"product_cat","embeddable":true,"href":"https:\/\/www.hediyepazar.com\/index.php?rest_route=%2Fwp%2Fv2%2Fproduct_cat&post=108786"},{"taxonomy":"product_tag","embeddable":true,"href":"https:\/\/www.hediyepazar.com\/index.php?rest_route=%2Fwp%2Fv2%2Fproduct_tag&post=108786"}],"curies":[{"name":"wp","href":"https:\/\/api.w.org\/{rel}","templated":true}]}}