{"id":108808,"date":"2026-05-05T01:07:59","date_gmt":"2026-05-05T04:07:59","guid":{"rendered":"https:\/\/www.hediyepazar.com\/?product=hsnet-vigna-black-havlu-folyo-asacagi"},"modified":"2026-05-05T01:07:59","modified_gmt":"2026-05-05T04:07:59","slug":"hsnet-vigna-black-havlu-folyo-asacagi","status":"publish","type":"product","link":"https:\/\/www.hediyepazar.com\/?product=hsnet-vigna-black-havlu-folyo-asacagi","title":{"rendered":"HSNET Vigna Black Havlu Folyo Asaca\u011f\u0131"},"content":{"rendered":"<p>\n\t<strong>\u00d6zellikler :<\/strong><\/p>\n<p>\n\t<strong>Renk : Resimdeki MATS\u0130YAN Renk\u00a0 birebir g\u00f6nderilir.\u00a0 Ekran fark\u0131 nedeniyle, renk tonlar\u0131 %0,5 oran\u0131nda fark olabilir, anlay\u0131\u015f g\u00f6stermenizi rica ederiz. <\/strong><\/p>\n<p>\t<strong>Materyal : Metal<\/strong><\/p>\n<p>\t<strong>Ne alacaks\u0131n\u0131z ? : 1 adet<\/strong><\/p>\n<p>\n\t<strong>\u00d6l\u00e7\u00fcler : 24 x 8 x 8 cm &#8211; Ekran yan\u0131lmalar\u0131na kar\u015f\u0131 l\u00fctfen \u00f6l\u00e7\u00fcleri kar\u015f\u0131la\u015ft\u0131r\u0131n. Manuel \u00f6l\u00e7\u00fcm nedeniyle MM fark olabilir. anlay\u0131\u015f g\u00f6stermenizi rica ederiz.<\/strong><\/p>\n<p>\n\t<strong>GEN\u0130\u015e KULLANIM ALANI : Evde, tuvaletlerde, mutfaklarda, yatakhanelerde, garajlarda, at\u00f6lyelerde vb.<\/strong><\/p>\n<p>\n\t<strong>Ka\u011f\u0131t rulolar\u0131, havlular, mendiller, yiyecek torbalar\u0131, stre\u00e7 film, bardaklar vb.<\/strong><\/p>\n<p>\n\t<strong>Fincan ,Kupa Ask\u0131s\u0131, banyoda veya odan\u0131zda Kravat Ask\u0131s\u0131, ipek e\u015farplar\u0131 ve di\u011fer giysi aksesuarlar\u0131n\u0131 asmak i\u00e7in kullan\u0131labilirsiniz. <\/strong><\/p>\n<p>\t<strong>Yerden Tasarruf : <\/strong>Ka\u011f\u0131t havluluk dolaba, rafa, dolap kapa\u011f\u0131na veya sizin i\u00e7in uygun olan herhangi bir yere tak\u0131labilir. Tezgah alan\u0131ndan tasarruf edin ve mutfak alan\u0131ndan tam olarak yararlanman\u0131za yard\u0131mc\u0131 olun, tezgahta \u00e7ok fazla \u015fey varken ka\u011f\u0131t havlu tutucuyu her zaman ayakta hareket ettirmeniz gerekmez.<\/p>\n<p>\t\u00a0Mutfa\u011f\u0131n\u0131z\u0131 daha d\u00fczenli bir hale getirir. Mutfak dolaplar\u0131n\u0131za asabilece\u011finiz ve yerini diledi\u011finiz zaman kolayca de\u011fi\u015ftirebilece\u011finiz havlu ask\u0131l\u0131\u011f\u0131n\u0131 dilerseniz bardaklar\u0131n\u0131z\u0131, kupalar\u0131n\u0131z\u0131 asmak i\u00e7in de kullanabilirsiniz. S\u0131ra s\u0131ra bardaklar\u0131n\u0131z\u0131 dizerek yerden tasarruf etmenizi sa\u011flayacak ask\u0131l\u0131\u011f\u0131 diledi\u011finiz gibi kullanabilirsiniz.<\/p>\n<p>\t<strong>Basit kurulum: 3 fonksiyonda monte edilebilir. Yap\u0131\u015ft\u0131r\u0131c\u0131 macun, i\u00e7erisinde g\u00f6ndertilen \u00e7ift tarafl\u0131 yap\u0131\u015ft\u0131r\u0131c\u0131 veya sadece 2 \u00e7ivi ile delerek\u00a0<\/strong><\/p>\n<p>\n\t<strong>DETAYLI B\u0130LG\u0130 \u0130\u00c7\u0130N EK RES\u0130MLER\u0130 \u0130NCELEYEB\u0130L\u0130RS\u0130N\u0130Z. <\/strong><\/p>\n<p>\t<img decoding=\"async\"  src=\"https:\/\/hepsicdn.com.tr\/static\/product_detail\/hbnet59ead1ff_8772001.jpg\"><\/p>\n","protected":false},"excerpt":{"rendered":"<p>\u00d6zellikler : Renk : Resimdeki MATS\u0130YAN Renk\u00a0 birebir g\u00f6nderilir.\u00a0 Ekran fark\u0131 nedeniyle, renk tonlar\u0131 %0,5 oran\u0131nda fark olabilir, anlay\u0131\u015f g\u00f6stermenizi rica ederiz. Materyal : Metal Ne alacaks\u0131n\u0131z ? : 1 adet \u00d6l\u00e7\u00fcler : 24 x 8 x 8 cm &#8211; Ekran yan\u0131lmalar\u0131na kar\u015f\u0131 l\u00fctfen \u00f6l\u00e7\u00fcleri kar\u015f\u0131la\u015ft\u0131r\u0131n. Manuel \u00f6l\u00e7\u00fcm nedeniyle MM fark olabilir. anlay\u0131\u015f g\u00f6stermenizi rica&#8230;<\/p>\n","protected":false},"featured_media":108807,"comment_status":"open","ping_status":"closed","template":"","meta":{"_kad_post_transparent":"","_kad_post_title":"","_kad_post_layout":"","_kad_post_sidebar_id":"","_kad_post_content_style":"","_kad_post_vertical_padding":"","_kad_post_feature":"","_kad_post_feature_position":"","_kad_post_header":false,"_kad_post_footer":false,"_kad_post_classname":""},"product_brand":[],"product_cat":[14810],"product_tag":[],"class_list":{"0":"post-108808","1":"product","2":"type-product","3":"status-publish","4":"has-post-thumbnail","6":"product_cat-hirdavat-urunleri-yapi-market-bahce-yapi-market-ev-yasam-testereler","8":"first","9":"instock","10":"purchasable","11":"product-type-simple","12":"entry","13":"content-bg","14":"loop-entry"},"_links":{"self":[{"href":"https:\/\/www.hediyepazar.com\/index.php?rest_route=\/wp\/v2\/product\/108808","targetHints":{"allow":["GET"]}}],"collection":[{"href":"https:\/\/www.hediyepazar.com\/index.php?rest_route=\/wp\/v2\/product"}],"about":[{"href":"https:\/\/www.hediyepazar.com\/index.php?rest_route=\/wp\/v2\/types\/product"}],"replies":[{"embeddable":true,"href":"https:\/\/www.hediyepazar.com\/index.php?rest_route=%2Fwp%2Fv2%2Fcomments&post=108808"}],"wp:featuredmedia":[{"embeddable":true,"href":"https:\/\/www.hediyepazar.com\/index.php?rest_route=\/wp\/v2\/media\/108807"}],"wp:attachment":[{"href":"https:\/\/www.hediyepazar.com\/index.php?rest_route=%2Fwp%2Fv2%2Fmedia&parent=108808"}],"wp:term":[{"taxonomy":"product_brand","embeddable":true,"href":"https:\/\/www.hediyepazar.com\/index.php?rest_route=%2Fwp%2Fv2%2Fproduct_brand&post=108808"},{"taxonomy":"product_cat","embeddable":true,"href":"https:\/\/www.hediyepazar.com\/index.php?rest_route=%2Fwp%2Fv2%2Fproduct_cat&post=108808"},{"taxonomy":"product_tag","embeddable":true,"href":"https:\/\/www.hediyepazar.com\/index.php?rest_route=%2Fwp%2Fv2%2Fproduct_tag&post=108808"}],"curies":[{"name":"wp","href":"https:\/\/api.w.org\/{rel}","templated":true}]}}