{"id":108812,"date":"2026-05-05T01:08:08","date_gmt":"2026-05-05T04:08:08","guid":{"rendered":"https:\/\/www.hediyepazar.com\/?product=hsnet-metal-sibop-kapagi-valvelock-design"},"modified":"2026-05-05T01:08:08","modified_gmt":"2026-05-05T04:08:08","slug":"hsnet-metal-sibop-kapagi-valvelock-design","status":"publish","type":"product","link":"https:\/\/www.hediyepazar.com\/?product=hsnet-metal-sibop-kapagi-valvelock-design","title":{"rendered":"HSNET Metal Sibop Kapa\u011f\u0131 ValveLock Design"},"content":{"rendered":"<p>\n\t<strong>\u00dcr\u00fcn \u00d6zellikleri : <\/strong><\/p>\n<p>\t<strong>Materyal :\u00a0<\/strong>Al\u00fcminyum<\/p>\n<p>\t<strong>Adet \/ Renk \/ Tasar\u0131m : <\/strong> 5 Adet, HSNET olarak tasarlad\u0131\u011f\u0131m\u0131z, resimde yer alan rengi, s\u00fcrpriz ya\u015famaman\u0131z i\u00e7in birebir g\u00f6nderiyoruz<\/p>\n<p>\tS\u00fcr\u00fc\u015f s\u0131ras\u0131nda stabilite ve koruma sa\u011flamak i\u00e7in a\u011f\u0131r hizmet korumas\u0131 sunar.<br \/>\n\tBu kapak lastik valfleri, hava s\u0131z\u0131nt\u0131s\u0131n\u0131 \u00f6nlemeye ve toz, kir, kir ve yol d\u00f6k\u00fcnt\u00fclerini d\u00fczg\u00fcn bir \u015fekilde d\u0131\u015far\u0131da tutmaya yard\u0131mc\u0131 olmak i\u00e7in geli\u015fmi\u015f bir koruma sa\u011flar.<br \/>\n\tValve-Lock bug\u00fcn mevcut olan en iyi lastik valf kapaklar\u0131n\u0131 sunar \u00e7\u00fcnk\u00fc her par\u00e7a, g\u00fcvenebilece\u011finiz s\u0131k\u0131 bir uyum i\u00e7in s\u0131k\u0131 kilitlenecek \u015fekilde \u00f6zel olarak tasarlanm\u0131\u015ft\u0131r.<br \/>\n\tArabalar, kamyonlar, SUV&#8217;lar ve RV&#8217;lerin yan\u0131 s\u0131ra bu metal valf g\u00f6vdesi kapaklar\u0131 arazi bisikletlerinde, yol bisikletlerinde, motosikletlerde ve daha fazlas\u0131nda kullan\u0131labilir.<\/p>\n<p>\n\t<strong>M\u00dcKEMMEL SATI\u015e SONRASI H\u0130ZMET : <\/strong>HSNET \/ HSNET olarak m\u00fc\u015fterilerimize en iyi hizmeti sunmay\u0131 ama\u00e7l\u0131yor, g\u00fcvenle sat\u0131n alabilmeniz i\u00e7in, ambalaj kalitemize g\u00fcveniyor, her \u00fcr\u00fcn sorunsuz teslimat i\u00e7in \u00f6zenle paketliyor ve resimde belirtilen renk, ebat, \u00f6zelikte \u00fcr\u00fcn g\u00f6ndermeyi taahh\u00fct ediyoruz. Hasarl\u0131 \u00fcr\u00fcn ald\u0131ysan\u0131z veya di\u011fer \u00fcr\u00fcn ve paket teslimat sorunlar\u0131 oldu\u011funda bizimle ileti\u015fime ge\u00e7mekten \u00e7ekinmeyin.<\/p>\n<p>\n\t<strong>Detayl\u0131 bilgi i\u00e7in ek resimleri inceleyebilirsiniz<\/strong><\/p>\n<p><\/p>\n<p>\n\t<strong><img decoding=\"async\"  src=\"https:\/\/hepsicdn.com.tr\/static\/product_detail\/hbnet5ea62f4f_8772901.jpg\"><\/strong><\/p>\n<p>\n\t\u00a0<\/p>\n","protected":false},"excerpt":{"rendered":"<p>\u00dcr\u00fcn \u00d6zellikleri : Materyal :\u00a0Al\u00fcminyum Adet \/ Renk \/ Tasar\u0131m : 5 Adet, HSNET olarak tasarlad\u0131\u011f\u0131m\u0131z, resimde yer alan rengi, s\u00fcrpriz ya\u015famaman\u0131z i\u00e7in birebir g\u00f6nderiyoruz S\u00fcr\u00fc\u015f s\u0131ras\u0131nda stabilite ve koruma sa\u011flamak i\u00e7in a\u011f\u0131r hizmet korumas\u0131 sunar. Bu kapak lastik valfleri, hava s\u0131z\u0131nt\u0131s\u0131n\u0131 \u00f6nlemeye ve toz, kir, kir ve yol d\u00f6k\u00fcnt\u00fclerini d\u00fczg\u00fcn bir \u015fekilde d\u0131\u015far\u0131da tutmaya&#8230;<\/p>\n","protected":false},"featured_media":108811,"comment_status":"open","ping_status":"closed","template":"","meta":{"_kad_post_transparent":"","_kad_post_title":"","_kad_post_layout":"","_kad_post_sidebar_id":"","_kad_post_content_style":"","_kad_post_vertical_padding":"","_kad_post_feature":"","_kad_post_feature_position":"","_kad_post_header":false,"_kad_post_footer":false,"_kad_post_classname":""},"product_brand":[],"product_cat":[7878],"product_tag":[],"class_list":{"0":"post-108812","1":"product","2":"type-product","3":"status-publish","4":"has-post-thumbnail","6":"product_cat-oto-aksesuarlari-oto-aksesuarlari-cep-telefonu-elektronik-arac-disi-aksesuar","8":"first","9":"instock","10":"purchasable","11":"product-type-simple","12":"entry","13":"content-bg","14":"loop-entry"},"_links":{"self":[{"href":"https:\/\/www.hediyepazar.com\/index.php?rest_route=\/wp\/v2\/product\/108812","targetHints":{"allow":["GET"]}}],"collection":[{"href":"https:\/\/www.hediyepazar.com\/index.php?rest_route=\/wp\/v2\/product"}],"about":[{"href":"https:\/\/www.hediyepazar.com\/index.php?rest_route=\/wp\/v2\/types\/product"}],"replies":[{"embeddable":true,"href":"https:\/\/www.hediyepazar.com\/index.php?rest_route=%2Fwp%2Fv2%2Fcomments&post=108812"}],"wp:featuredmedia":[{"embeddable":true,"href":"https:\/\/www.hediyepazar.com\/index.php?rest_route=\/wp\/v2\/media\/108811"}],"wp:attachment":[{"href":"https:\/\/www.hediyepazar.com\/index.php?rest_route=%2Fwp%2Fv2%2Fmedia&parent=108812"}],"wp:term":[{"taxonomy":"product_brand","embeddable":true,"href":"https:\/\/www.hediyepazar.com\/index.php?rest_route=%2Fwp%2Fv2%2Fproduct_brand&post=108812"},{"taxonomy":"product_cat","embeddable":true,"href":"https:\/\/www.hediyepazar.com\/index.php?rest_route=%2Fwp%2Fv2%2Fproduct_cat&post=108812"},{"taxonomy":"product_tag","embeddable":true,"href":"https:\/\/www.hediyepazar.com\/index.php?rest_route=%2Fwp%2Fv2%2Fproduct_tag&post=108812"}],"curies":[{"name":"wp","href":"https:\/\/api.w.org\/{rel}","templated":true}]}}