{"id":108818,"date":"2026-05-05T01:08:22","date_gmt":"2026-05-05T04:08:22","guid":{"rendered":"https:\/\/www.hediyepazar.com\/?product=hsnet-siyah-ustura"},"modified":"2026-05-05T01:08:22","modified_gmt":"2026-05-05T04:08:22","slug":"hsnet-siyah-ustura","status":"publish","type":"product","link":"https:\/\/www.hediyepazar.com\/?product=hsnet-siyah-ustura","title":{"rendered":"HSNET S\u0130YAH Ustura"},"content":{"rendered":"<p>\n\t<strong>\u00dcr\u00fcn \u00d6zellikleri : <\/strong><\/p>\n<p>\t<strong>Materyal : Plastik tutu\u015f g\u00f6vdesi + Paslanmaz \u00c7elik\u00a0<\/strong><\/p>\n<p>\t<strong>Adet \/ Renk \/ Tasar\u0131m : <\/strong> 1\u00a0 Adet, HSNET Blazina Bores Design olarak tasarlad\u0131\u011f\u0131m\u0131z, resimde yer alan S\u0130YAH rengi, s\u00fcrpriz ya\u015famaman\u0131z i\u00e7in birebir g\u00f6nderiyoruz<\/p>\n<p>\tTek kullan\u0131ml\u0131k b\u0131\u00e7aklarla kullan\u0131l\u0131r. D\u00fcz ustura ile \u00fcst\u00fcn bir t\u0131ra\u015f\u0131n keyfini \u00e7\u0131kar\u0131n. T\u0131ra\u015f makinemiz, de\u011fi\u015ftirilebilir b\u0131\u00e7aklar\u0131 ile uzun s\u00fcreli kullan\u0131m i\u00e7indir. B\u0131\u00e7ak k\u00f6reldi\u011finde, yeni bir t\u0131ra\u015f i\u00e7in de\u011fi\u015ftirin. Eski tip g\u00fcvenli t\u0131ra\u015f makinelerine k\u0131yasla daha kesin, kontroll\u00fc t\u0131ra\u015f.<br \/>\n\tAzalt\u0131lm\u0131\u015f k\u0131l, \u00e7entik ve enfeksiyon tehlikesi.<br \/>\n\tPahal\u0131 kartu\u015flar\u0131 tekrar tekrar sat\u0131n almad\u0131\u011f\u0131n\u0131z i\u00e7in malzemelere daha az para harcan\u0131r.<br \/>\n\tSon derece g\u00fcvenli t\u0131ra\u015f makinesi size daha hassas bir t\u0131ra\u015f sa\u011flarken, a\u00e7\u0131k b\u0131\u00e7ak, t\u0131ra\u015f \u015feklinizde ola\u011fan\u00fcst\u00fc bir kontrole sahip olman\u0131z\u0131 sa\u011flar. P\u00fcr\u00fczs\u00fcz kayma ve do\u011fruluk, size daha az \u00e7entik ve kesik ile bir t\u0131ra\u015f sa\u011flayacakt\u0131r. Tasar\u0131m\u0131m\u0131z, antik ve modernin iyi bir kar\u0131\u015f\u0131m\u0131d\u0131r ve her ya\u015fa ve nesile hitap eder. G\u00fc\u00e7l\u00fc sertle\u015ftirilmi\u015f plastik sap, en m\u00fckemmel t\u0131ra\u015f deneyimi s\u0131ras\u0131nda m\u00fckemmel bir tutu\u015f sa\u011flar.<br \/>\n\tBu birinci s\u0131n\u0131f ustura, m\u00fckemmel, yak\u0131n t\u0131ra\u015f ve \u015fekillendirme i\u00e7in her markan\u0131n b\u0131\u00e7aklar\u0131yla kusursuz uyumlu d\u00fcz t\u0131ra\u015f makinesidir.<br \/>\n\tKi\u015fisel ve Profesyonel Kullan\u0131m: K\u0131v\u0131rc\u0131k, sert, i\u00e7e uzam\u0131\u015f sa\u00e7lar ve sakallar i\u00e7in de uygundur, g\u00fcvenli t\u0131ra\u015f makinelerine g\u00f6re daha yak\u0131n, p\u00fcr\u00fczs\u00fcz t\u0131ra\u015f sa\u011flar, sakal \u015fekillendirir, temiz t\u0131ra\u015f sa\u011flar.\u00a0<\/p>\n","protected":false},"excerpt":{"rendered":"<p>\u00dcr\u00fcn \u00d6zellikleri : Materyal : Plastik tutu\u015f g\u00f6vdesi + Paslanmaz \u00c7elik\u00a0 Adet \/ Renk \/ Tasar\u0131m : 1\u00a0 Adet, HSNET Blazina Bores Design olarak tasarlad\u0131\u011f\u0131m\u0131z, resimde yer alan S\u0130YAH rengi, s\u00fcrpriz ya\u015famaman\u0131z i\u00e7in birebir g\u00f6nderiyoruz Tek kullan\u0131ml\u0131k b\u0131\u00e7aklarla kullan\u0131l\u0131r. D\u00fcz ustura ile \u00fcst\u00fcn bir t\u0131ra\u015f\u0131n keyfini \u00e7\u0131kar\u0131n. T\u0131ra\u015f makinemiz, de\u011fi\u015ftirilebilir b\u0131\u00e7aklar\u0131 ile uzun s\u00fcreli kullan\u0131m&#8230;<\/p>\n","protected":false},"featured_media":108817,"comment_status":"open","ping_status":"closed","template":"","meta":{"_kad_post_transparent":"","_kad_post_title":"","_kad_post_layout":"","_kad_post_sidebar_id":"","_kad_post_content_style":"","_kad_post_vertical_padding":"","_kad_post_feature":"","_kad_post_feature_position":"","_kad_post_header":false,"_kad_post_footer":false,"_kad_post_classname":""},"product_brand":[],"product_cat":[14810],"product_tag":[],"class_list":{"0":"post-108818","1":"product","2":"type-product","3":"status-publish","4":"has-post-thumbnail","6":"product_cat-hirdavat-urunleri-yapi-market-bahce-yapi-market-ev-yasam-testereler","8":"first","9":"instock","10":"purchasable","11":"product-type-simple","12":"entry","13":"content-bg","14":"loop-entry"},"_links":{"self":[{"href":"https:\/\/www.hediyepazar.com\/index.php?rest_route=\/wp\/v2\/product\/108818","targetHints":{"allow":["GET"]}}],"collection":[{"href":"https:\/\/www.hediyepazar.com\/index.php?rest_route=\/wp\/v2\/product"}],"about":[{"href":"https:\/\/www.hediyepazar.com\/index.php?rest_route=\/wp\/v2\/types\/product"}],"replies":[{"embeddable":true,"href":"https:\/\/www.hediyepazar.com\/index.php?rest_route=%2Fwp%2Fv2%2Fcomments&post=108818"}],"wp:featuredmedia":[{"embeddable":true,"href":"https:\/\/www.hediyepazar.com\/index.php?rest_route=\/wp\/v2\/media\/108817"}],"wp:attachment":[{"href":"https:\/\/www.hediyepazar.com\/index.php?rest_route=%2Fwp%2Fv2%2Fmedia&parent=108818"}],"wp:term":[{"taxonomy":"product_brand","embeddable":true,"href":"https:\/\/www.hediyepazar.com\/index.php?rest_route=%2Fwp%2Fv2%2Fproduct_brand&post=108818"},{"taxonomy":"product_cat","embeddable":true,"href":"https:\/\/www.hediyepazar.com\/index.php?rest_route=%2Fwp%2Fv2%2Fproduct_cat&post=108818"},{"taxonomy":"product_tag","embeddable":true,"href":"https:\/\/www.hediyepazar.com\/index.php?rest_route=%2Fwp%2Fv2%2Fproduct_tag&post=108818"}],"curies":[{"name":"wp","href":"https:\/\/api.w.org\/{rel}","templated":true}]}}