{"id":108842,"date":"2026-05-05T01:10:20","date_gmt":"2026-05-05T04:10:20","guid":{"rendered":"https:\/\/www.hediyepazar.com\/?product=hsnet-kirpik-makyaj-egitim-kafasi-silikon"},"modified":"2026-05-05T01:10:20","modified_gmt":"2026-05-05T04:10:20","slug":"hsnet-kirpik-makyaj-egitim-kafasi-silikon","status":"publish","type":"product","link":"https:\/\/www.hediyepazar.com\/?product=hsnet-kirpik-makyaj-egitim-kafasi-silikon","title":{"rendered":"HSNET Kirpik Makyaj E\u011fitim Kafas\u0131 Silikon"},"content":{"rendered":"<p>\n\t<strong>\u00dcr\u00fcn \u00d6zellikleri : <\/strong><\/p>\n<p>\t<strong>AKSESUARLAR \u00dcR\u00dcNE DAH\u0130L DE\u011e\u0130LD\u0130R. <\/strong><\/p>\n<p>\t<strong>Materyal : Silikon<\/strong><\/p>\n<p>\t<strong>Adet \/ Renk \/ Tasar\u0131m : <\/strong> 1 Adet, HSNET\u00a0 \u00a0Design olarak tasarlad\u0131\u011f\u0131m\u0131z, resimde yer alan rengi, s\u00fcrpriz ya\u015famaman\u0131z i\u00e7in birebir g\u00f6nderiyoruz<\/p>\n<p>\t<strong>\u00d6l\u00e7\u00fcler (bir cep telefonu ortalama 16 cm dir. K\u0131yaslaman\u0131z i\u00e7in kolayl\u0131k de\u011fil mi ? ) :\u00a0 24 x 14 x 10 cm<\/strong><\/p>\n<p>\n\tY\u00fcksek Kalite: Manken kafas\u0131 yumu\u015fak silikondan yap\u0131lm\u0131\u015ft\u0131r. ger\u00e7ek insan derisi gibi p\u00fcr\u00fczs\u00fcz, yumu\u015fak, tuhaf bir kokusu bulunmamaktad\u0131r<\/p>\n<p>\tTemizlemesi Kolay : E\u011fitim ba\u015fl\u0131\u011f\u0131 yeniden kullan\u0131labilir, kirlenmesi kolay de\u011fildir, her egzersizden sonra suyu silmeyin, renklenmeyi \u00f6nlemek i\u00e7in profesyonel bir temizleme ya\u011f\u0131yla m\u00fcmk\u00fcn olan en k\u0131sa s\u00fcrede rahatlat\u0131n. \u0130zopropil alkol veya cilt bak\u0131m\u0131 esansiyel ya\u011f\u0131 inat\u00e7\u0131 lekelerin \u00e7\u0131kar\u0131lmas\u0131na yard\u0131mc\u0131 olabilir. Yani yeni gibi tekrar kullan\u0131labilir.<\/p>\n<p>\tYayg\u0131n olarak kullan\u0131l\u0131r : Bu, stil yaratma, kirpik uzatma e\u011fitimi, makyaj, d\u00f6vme uygulamas\u0131, y\u00fcz boyama, masaj uygulamas\u0131 i\u00e7in ideal bir modeldir. Salon ve ki\u015fisel kullan\u0131m i\u00e7in m\u00fckemmeldir; yeni ba\u015flayanlar veya daha yetenekli olmak isteyenler i\u00e7in daha uygundur.<\/p>\n<p>\tManken kafas\u0131n\u0131n arka taraf\u0131ndaki deli\u011fi, (varsa) manken tutucusuna veya kelep\u00e7eye kolayca sabitlenebilir, ayr\u0131ca dik kullan\u0131m i\u00e7in herhangi bir tutucuyla da kullan\u0131labilir. (ayak dahil de\u011fildir.)<\/p>\n<p>\n\t<strong>M\u00dcKEMMEL SATI\u015e SONRASI H\u0130ZMET : <\/strong>Bu \u00fcr\u00fcne daha avantajl\u0131 sahip olabilmeniz i\u00e7in ma\u011fazam\u0131z\u0131 ziyaret ederek, kampanyalar\u0131 inceleyebilirsiniz. HSNET \/ HSNET olarak m\u00fc\u015fterilerimize en iyi hizmeti sunmay\u0131 ama\u00e7l\u0131yor, g\u00fcvenle sat\u0131n alabilmeniz i\u00e7in, ambalaj kalitemize g\u00fcveniyor, her \u00fcr\u00fcn sorunsuz teslimat i\u00e7in \u00f6zenle paketliyor ve resimde belirtilen renk, ebat, \u00f6zelikte \u00fcr\u00fcn g\u00f6ndermeyi taahh\u00fct ediyoruz. Hasarl\u0131 \u00fcr\u00fcn ald\u0131ysan\u0131z veya di\u011fer \u00fcr\u00fcn ve paket teslimat sorunlar\u0131 oldu\u011funda bizimle ileti\u015fime ge\u00e7mekten \u00e7ekinmeyin.<\/p>\n<p>\n\t<strong>Detayl\u0131 bilgi i\u00e7in ek resimleri inceleyebilirsiniz<\/strong><\/p>\n<p><\/p>\n<p>\n\t<strong><img decoding=\"async\"  src=\"https:\/\/hepsicdn.com.tr\/static\/product_detail\/hbnet5c88e14d_8775801.jpg\"><\/strong><\/p>\n<p>\n\t\u00a0<\/p>\n","protected":false},"excerpt":{"rendered":"<p>\u00dcr\u00fcn \u00d6zellikleri : AKSESUARLAR \u00dcR\u00dcNE DAH\u0130L DE\u011e\u0130LD\u0130R. Materyal : Silikon Adet \/ Renk \/ Tasar\u0131m : 1 Adet, HSNET\u00a0 \u00a0Design olarak tasarlad\u0131\u011f\u0131m\u0131z, resimde yer alan rengi, s\u00fcrpriz ya\u015famaman\u0131z i\u00e7in birebir g\u00f6nderiyoruz \u00d6l\u00e7\u00fcler (bir cep telefonu ortalama 16 cm dir. K\u0131yaslaman\u0131z i\u00e7in kolayl\u0131k de\u011fil mi ? ) :\u00a0 24 x 14 x 10 cm Y\u00fcksek Kalite:&#8230;<\/p>\n","protected":false},"featured_media":108841,"comment_status":"open","ping_status":"closed","template":"","meta":{"_kad_post_transparent":"","_kad_post_title":"","_kad_post_layout":"","_kad_post_sidebar_id":"","_kad_post_content_style":"","_kad_post_vertical_padding":"","_kad_post_feature":"","_kad_post_feature_position":"","_kad_post_header":false,"_kad_post_footer":false,"_kad_post_classname":""},"product_brand":[],"product_cat":[14810],"product_tag":[],"class_list":{"0":"post-108842","1":"product","2":"type-product","3":"status-publish","4":"has-post-thumbnail","6":"product_cat-hirdavat-urunleri-yapi-market-bahce-yapi-market-ev-yasam-testereler","8":"first","9":"instock","10":"purchasable","11":"product-type-simple","12":"entry","13":"content-bg","14":"loop-entry"},"_links":{"self":[{"href":"https:\/\/www.hediyepazar.com\/index.php?rest_route=\/wp\/v2\/product\/108842","targetHints":{"allow":["GET"]}}],"collection":[{"href":"https:\/\/www.hediyepazar.com\/index.php?rest_route=\/wp\/v2\/product"}],"about":[{"href":"https:\/\/www.hediyepazar.com\/index.php?rest_route=\/wp\/v2\/types\/product"}],"replies":[{"embeddable":true,"href":"https:\/\/www.hediyepazar.com\/index.php?rest_route=%2Fwp%2Fv2%2Fcomments&post=108842"}],"wp:featuredmedia":[{"embeddable":true,"href":"https:\/\/www.hediyepazar.com\/index.php?rest_route=\/wp\/v2\/media\/108841"}],"wp:attachment":[{"href":"https:\/\/www.hediyepazar.com\/index.php?rest_route=%2Fwp%2Fv2%2Fmedia&parent=108842"}],"wp:term":[{"taxonomy":"product_brand","embeddable":true,"href":"https:\/\/www.hediyepazar.com\/index.php?rest_route=%2Fwp%2Fv2%2Fproduct_brand&post=108842"},{"taxonomy":"product_cat","embeddable":true,"href":"https:\/\/www.hediyepazar.com\/index.php?rest_route=%2Fwp%2Fv2%2Fproduct_cat&post=108842"},{"taxonomy":"product_tag","embeddable":true,"href":"https:\/\/www.hediyepazar.com\/index.php?rest_route=%2Fwp%2Fv2%2Fproduct_tag&post=108842"}],"curies":[{"name":"wp","href":"https:\/\/api.w.org\/{rel}","templated":true}]}}