{"id":108880,"date":"2026-05-05T01:14:22","date_gmt":"2026-05-05T04:14:22","guid":{"rendered":"https:\/\/www.hediyepazar.com\/?product=hsnet-aynali-yansiticili-acilir-kapanir-on-cam-perdesi"},"modified":"2026-05-05T01:14:22","modified_gmt":"2026-05-05T04:14:22","slug":"hsnet-aynali-yansiticili-acilir-kapanir-on-cam-perdesi","status":"publish","type":"product","link":"https:\/\/www.hediyepazar.com\/?product=hsnet-aynali-yansiticili-acilir-kapanir-on-cam-perdesi","title":{"rendered":"HSNET Aynal\u0131 Yans\u0131t\u0131c\u0131l\u0131 A\u00e7\u0131l\u0131r Kapan\u0131r \u00d6n Cam Perdesi"},"content":{"rendered":"<p>\n\t<strong>NEYE SAH\u0130P OLACAKSINIZ ? <\/strong>1 ADET, 130 x 57 cm \u00f6l\u00e7\u00fclerinde, Renk birebir g\u00f6nderilir ve s\u00fcrpriz ya\u015famazs\u0131n\u0131z.<\/p>\n<p>\tRoll-up tarz\u0131, kullan\u0131lmad\u0131\u011f\u0131 zaman hafif ve kompakt, kolay saklanabilir.<br \/>\n\tIs\u0131 yal\u0131t\u0131m\u0131n\u0131n y\u00fcksek performans\u0131, kendinizi ve di\u011fer yolcular\u0131 do\u011frudan g\u00fcne\u015f \u0131\u015f\u0131nlar\u0131ndan koruyun.<br \/>\n\tAraba i\u00e7 s\u0131cakl\u0131\u011f\u0131n\u0131 azaltarak klimadan tasarruf etmenizi sa\u011flar.<br \/>\n\tGeri \u00e7ekilebilir, kurulumu ve kald\u0131r\u0131lmas\u0131 \u00e7ok kolayd\u0131r.<\/p>\n<p><strong>M\u00dcKEMMEL SATI\u015e SONRASI H\u0130ZMET : <\/strong>HSNET \/ HSNET m\u00fc\u015fterilerimize en iyi hizmeti sunmay\u0131 ama\u00e7l\u0131yor ve resimde belirtilen renk, ebat, \u00f6zelikte \u00fcr\u00fcn g\u00f6ndermeyi taahh\u00fct ediyoruz. G\u00fcvenle sat\u0131n alabilirsiniz. Hasarl\u0131 \u00fcr\u00fcn ald\u0131ysan\u0131z veya di\u011fer \u00fcr\u00fcn ve paket teslimat sorunlar\u0131 oldu\u011funda bizimle ileti\u015fime ge\u00e7mekten \u00e7ekinmeyin.<\/p>\n<p><img decoding=\"async\"  src=\"https:\/\/hepsicdn.com.tr\/static\/product_detail\/hbnetea25a03e_8779001.jpg\"><\/p>\n","protected":false},"excerpt":{"rendered":"<p>NEYE SAH\u0130P OLACAKSINIZ ? 1 ADET, 130 x 57 cm \u00f6l\u00e7\u00fclerinde, Renk birebir g\u00f6nderilir ve s\u00fcrpriz ya\u015famazs\u0131n\u0131z. Roll-up tarz\u0131, kullan\u0131lmad\u0131\u011f\u0131 zaman hafif ve kompakt, kolay saklanabilir. Is\u0131 yal\u0131t\u0131m\u0131n\u0131n y\u00fcksek performans\u0131, kendinizi ve di\u011fer yolcular\u0131 do\u011frudan g\u00fcne\u015f \u0131\u015f\u0131nlar\u0131ndan koruyun. Araba i\u00e7 s\u0131cakl\u0131\u011f\u0131n\u0131 azaltarak klimadan tasarruf etmenizi sa\u011flar. Geri \u00e7ekilebilir, kurulumu ve kald\u0131r\u0131lmas\u0131 \u00e7ok kolayd\u0131r. M\u00dcKEMMEL SATI\u015e&#8230;<\/p>\n","protected":false},"featured_media":108879,"comment_status":"open","ping_status":"closed","template":"","meta":{"_kad_post_transparent":"","_kad_post_title":"","_kad_post_layout":"","_kad_post_sidebar_id":"","_kad_post_content_style":"","_kad_post_vertical_padding":"","_kad_post_feature":"","_kad_post_feature_position":"","_kad_post_header":false,"_kad_post_footer":false,"_kad_post_classname":""},"product_brand":[],"product_cat":[14882],"product_tag":[],"class_list":{"0":"post-108880","1":"product","2":"type-product","3":"status-publish","4":"has-post-thumbnail","6":"product_cat-arac-ici-aksesuar-oto-aksesuarlari-cep-telefonu-elektronik-arac-ici-aksesuar-oto-aksesuarlari","8":"first","9":"instock","10":"purchasable","11":"product-type-simple","12":"entry","13":"content-bg","14":"loop-entry"},"_links":{"self":[{"href":"https:\/\/www.hediyepazar.com\/index.php?rest_route=\/wp\/v2\/product\/108880","targetHints":{"allow":["GET"]}}],"collection":[{"href":"https:\/\/www.hediyepazar.com\/index.php?rest_route=\/wp\/v2\/product"}],"about":[{"href":"https:\/\/www.hediyepazar.com\/index.php?rest_route=\/wp\/v2\/types\/product"}],"replies":[{"embeddable":true,"href":"https:\/\/www.hediyepazar.com\/index.php?rest_route=%2Fwp%2Fv2%2Fcomments&post=108880"}],"wp:featuredmedia":[{"embeddable":true,"href":"https:\/\/www.hediyepazar.com\/index.php?rest_route=\/wp\/v2\/media\/108879"}],"wp:attachment":[{"href":"https:\/\/www.hediyepazar.com\/index.php?rest_route=%2Fwp%2Fv2%2Fmedia&parent=108880"}],"wp:term":[{"taxonomy":"product_brand","embeddable":true,"href":"https:\/\/www.hediyepazar.com\/index.php?rest_route=%2Fwp%2Fv2%2Fproduct_brand&post=108880"},{"taxonomy":"product_cat","embeddable":true,"href":"https:\/\/www.hediyepazar.com\/index.php?rest_route=%2Fwp%2Fv2%2Fproduct_cat&post=108880"},{"taxonomy":"product_tag","embeddable":true,"href":"https:\/\/www.hediyepazar.com\/index.php?rest_route=%2Fwp%2Fv2%2Fproduct_tag&post=108880"}],"curies":[{"name":"wp","href":"https:\/\/api.w.org\/{rel}","templated":true}]}}