{"id":108954,"date":"2026-05-05T01:23:11","date_gmt":"2026-05-05T04:23:11","guid":{"rendered":"https:\/\/www.hediyepazar.com\/?product=hsnet-manikur-galosu-50-li-paket"},"modified":"2026-05-05T01:23:11","modified_gmt":"2026-05-05T04:23:11","slug":"hsnet-manikur-galosu-50-li-paket","status":"publish","type":"product","link":"https:\/\/www.hediyepazar.com\/?product=hsnet-manikur-galosu-50-li-paket","title":{"rendered":"HSNET Manik\u00fcr Galo\u015fu 50 li PAKET"},"content":{"rendered":"<p>\n\t<strong>\u00dcr\u00fcn \u00d6zellikleri : <\/strong><\/p>\n<p>\t<strong>MAN\u0130K\u00dcR KASES\u0130\u00a0 \u00dcR\u00dcNE DAH\u0130L DE\u011e\u0130LD\u0130R. <\/strong><\/p>\n<p>\t<strong>Adet \/ Renk \/ Tasar\u0131m : 50<\/strong>\u00a0Adet, HSNET\u00a0 olarak tasarlad\u0131\u011f\u0131m\u0131z, resimde yer alan TASARIMI , s\u00fcrpriz ya\u015famaman\u0131z i\u00e7in birebir g\u00f6nderiyoruz<\/p>\n<p>\t<strong>\u00d6l\u00e7\u00fcler (bir cep telefonu ortalama 16 cm dir. K\u0131yaslaman\u0131z i\u00e7in kolayl\u0131k de\u011fil mi ? ) :\u00a0<\/strong>35 x 40 cm<\/p>\n<p>\n\t\u00a050 ADET Tek kullan\u0131ml\u0131k man,k\u00fcr galo\u015fu\u00a0 i\u00e7erir, ihtiya\u00e7lar\u0131n\u0131z\u0131 ve yedeklerinizi kar\u015f\u0131lamak i\u00e7in yeterli miktarda vard\u0131r, b\u00f6ylece bunlar\u0131 sadece kendi ba\u015f\u0131n\u0131za kullanmaz, ba\u015fkalar\u0131na hediye olarak da g\u00f6nderirsiniz;<\/p>\n<p>\t<strong>Kaliteli Malzeme:<\/strong> Tek kullan\u0131ml\u0131k, sa\u011flam PE plastik malzemeden yap\u0131lm\u0131\u015ft\u0131r, tats\u0131z, g\u00fcvenilir, kolay y\u0131rt\u0131lmayan, deforme edilmesi zor ve y\u00fcksek s\u0131cakl\u0131\u011fa dayan\u0131kl\u0131, size rahatlat\u0131c\u0131 bir manik\u00fcr deneyimi sunar<\/p>\n<p>\tYayg\u0131n Olarak Uygulanabilir: Bu tek kullan\u0131ml\u0131k manik\u00fcr galo\u015flar\u0131, size temiz ve g\u00fcvenli bir manik\u00fcr ortam\u0131 sa\u011flayan banyo merkezi, spa salonu, g\u00fczellik salonu veya ev i\u00e7in ideal \u00fcr\u00fcnlerdir.<\/p>\n<p>\n\t<strong>M\u00dcKEMMEL SATI\u015e SONRASI H\u0130ZMET : <\/strong>HSNET \/ HSNET olarak m\u00fc\u015fterilerimize en iyi hizmeti sunmay\u0131 ama\u00e7l\u0131yor, g\u00fcvenle sat\u0131n alabilmeniz i\u00e7in, ambalaj kalitemize g\u00fcveniyor, her \u00fcr\u00fcn sorunsuz teslimat i\u00e7in \u00f6zenle paketliyor ve resimde belirtilen renk, ebat, \u00f6zelikte \u00fcr\u00fcn g\u00f6ndermeyi taahh\u00fct ediyoruz. Hasarl\u0131 \u00fcr\u00fcn ald\u0131ysan\u0131z veya di\u011fer \u00fcr\u00fcn ve paket teslimat sorunlar\u0131 oldu\u011funda bizimle ileti\u015fime ge\u00e7mekten \u00e7ekinmeyin.<\/p>\n<p>\n\t<strong>Detayl\u0131 bilgi i\u00e7in ek resimleri inceleyebilirsiniz<\/strong><\/p>\n<p><\/p>\n<p>\n\t<strong><img decoding=\"async\"  src=\"https:\/\/hepsicdn.com.tr\/static\/product_detail\/hbnet47116ad2_8788501.webp\"><\/strong><\/p>\n<p>\n\t\u00a0<\/p>\n","protected":false},"excerpt":{"rendered":"<p>\u00dcr\u00fcn \u00d6zellikleri : MAN\u0130K\u00dcR KASES\u0130\u00a0 \u00dcR\u00dcNE DAH\u0130L DE\u011e\u0130LD\u0130R. Adet \/ Renk \/ Tasar\u0131m : 50\u00a0Adet, HSNET\u00a0 olarak tasarlad\u0131\u011f\u0131m\u0131z, resimde yer alan TASARIMI , s\u00fcrpriz ya\u015famaman\u0131z i\u00e7in birebir g\u00f6nderiyoruz \u00d6l\u00e7\u00fcler (bir cep telefonu ortalama 16 cm dir. K\u0131yaslaman\u0131z i\u00e7in kolayl\u0131k de\u011fil mi ? ) :\u00a035 x 40 cm \u00a050 ADET Tek kullan\u0131ml\u0131k man,k\u00fcr galo\u015fu\u00a0 i\u00e7erir, ihtiya\u00e7lar\u0131n\u0131z\u0131&#8230;<\/p>\n","protected":false},"featured_media":108953,"comment_status":"open","ping_status":"closed","template":"","meta":{"_kad_post_transparent":"","_kad_post_title":"","_kad_post_layout":"","_kad_post_sidebar_id":"","_kad_post_content_style":"","_kad_post_vertical_padding":"","_kad_post_feature":"","_kad_post_feature_position":"","_kad_post_header":false,"_kad_post_footer":false,"_kad_post_classname":""},"product_brand":[],"product_cat":[14810],"product_tag":[],"class_list":{"0":"post-108954","1":"product","2":"type-product","3":"status-publish","4":"has-post-thumbnail","6":"product_cat-hirdavat-urunleri-yapi-market-bahce-yapi-market-ev-yasam-testereler","8":"first","9":"instock","10":"purchasable","11":"product-type-simple","12":"entry","13":"content-bg","14":"loop-entry"},"_links":{"self":[{"href":"https:\/\/www.hediyepazar.com\/index.php?rest_route=\/wp\/v2\/product\/108954","targetHints":{"allow":["GET"]}}],"collection":[{"href":"https:\/\/www.hediyepazar.com\/index.php?rest_route=\/wp\/v2\/product"}],"about":[{"href":"https:\/\/www.hediyepazar.com\/index.php?rest_route=\/wp\/v2\/types\/product"}],"replies":[{"embeddable":true,"href":"https:\/\/www.hediyepazar.com\/index.php?rest_route=%2Fwp%2Fv2%2Fcomments&post=108954"}],"wp:featuredmedia":[{"embeddable":true,"href":"https:\/\/www.hediyepazar.com\/index.php?rest_route=\/wp\/v2\/media\/108953"}],"wp:attachment":[{"href":"https:\/\/www.hediyepazar.com\/index.php?rest_route=%2Fwp%2Fv2%2Fmedia&parent=108954"}],"wp:term":[{"taxonomy":"product_brand","embeddable":true,"href":"https:\/\/www.hediyepazar.com\/index.php?rest_route=%2Fwp%2Fv2%2Fproduct_brand&post=108954"},{"taxonomy":"product_cat","embeddable":true,"href":"https:\/\/www.hediyepazar.com\/index.php?rest_route=%2Fwp%2Fv2%2Fproduct_cat&post=108954"},{"taxonomy":"product_tag","embeddable":true,"href":"https:\/\/www.hediyepazar.com\/index.php?rest_route=%2Fwp%2Fv2%2Fproduct_tag&post=108954"}],"curies":[{"name":"wp","href":"https:\/\/api.w.org\/{rel}","templated":true}]}}