{"id":108962,"date":"2026-05-05T01:24:08","date_gmt":"2026-05-05T04:24:08","guid":{"rendered":"https:\/\/www.hediyepazar.com\/?product=hsnet-ic-giyim-bandi-cift-tarafli-yapiskanli-su-gecirmez"},"modified":"2026-05-05T01:24:08","modified_gmt":"2026-05-05T04:24:08","slug":"hsnet-ic-giyim-bandi-cift-tarafli-yapiskanli-su-gecirmez","status":"publish","type":"product","link":"https:\/\/www.hediyepazar.com\/?product=hsnet-ic-giyim-bandi-cift-tarafli-yapiskanli-su-gecirmez","title":{"rendered":"HSNET \u0130\u00e7 Giyim Band\u0131 \u00c7ift Tarafl\u0131 Yap\u0131\u015fkanl\u0131 Su Ge\u00e7irmez"},"content":{"rendered":"<p>\n\t<strong>\u00dcr\u00fcn \u00d6zellikleri : <\/strong><\/p>\n<p>\t<strong>Materyal : PVC\u00a0<\/strong><\/p>\n<p>\t<strong>Adet \/ Renk \/ Tasar\u0131m : <\/strong> 108\u00a0 Adet, HSNET\u00a0 \u00a0olarak tasarlad\u0131\u011f\u0131m\u0131z, resimde yer alan BEYAZ rengi, s\u00fcrpriz ya\u015famaman\u0131z i\u00e7in birebir g\u00f6nderiyoruz<\/p>\n<p>\t<strong>\u00d6l\u00e7\u00fcler (bir cep telefonu ortalama 16 cm dir. K\u0131yaslaman\u0131z i\u00e7in kolayl\u0131k de\u011fil mi ? ) : 8.5 cm x 1.8 cm\u00a0<\/strong><\/p>\n<p>\n\tB\u00fcy\u00fck bir yaka ile d\u00fc\u015f\u00fck kesim, a\u00e7\u0131k s\u0131rt, ince ve \u015feffaf giysiler giyin ve kaymas\u0131 kolay sutyen ask\u0131lar\u0131 i\u00e7in kullan\u0131n<\/p>\n<p>\tSabit tutar, art\u0131k utan\u00e7 verici kay\u0131\u015flar, g\u00f6r\u00fcn\u00fcr kay\u0131\u015flar veya sarkma boyunlar\u0131 yok.<\/p>\n<p>\tCiltte g\u00fcvenli-\u00f6zel yap\u0131\u015ft\u0131r\u0131c\u0131m\u0131z cildinize do\u011frudan uyguland\u0131\u011f\u0131nda cildin g\u00fcvenli olmas\u0131 ve tahri\u015fe neden olmamas\u0131 i\u00e7in tasarlanm\u0131\u015ft\u0131r. T\u00fcm g\u00fcn boyunca rahat g\u00fcvenli malzemeler kullan\u0131yoruz, ayn\u0131 zamanda kolayca y\u0131kanabilir, bu y\u00fczden can s\u0131k\u0131c\u0131 kal\u0131nt\u0131 veya \u00e7irkin tutkal i\u015faretleri ile u\u011fra\u015fmak zorunda de\u011filsiniz.<\/p>\n<p>\tKuma\u015f dostu-k\u0131yafetlerinizi ve kuma\u015flar\u0131n\u0131z\u0131 Metal pimler deliklerle mahvetmeyi b\u0131rak\u0131n! Pimlerden farkl\u0131 olarak, \u00e7ift tarafl\u0131 band\u0131m\u0131z herkes i\u00e7in g\u00f6r\u00fcnmezdir. Yap\u0131\u015ft\u0131r\u0131c\u0131m\u0131z, \u00e7\u0131kar\u0131ld\u0131ktan sonra kuma\u015f\u0131n\u0131zda kal\u0131nt\u0131 b\u0131rakmayacak \u015fekilde tasarlanm\u0131\u015ft\u0131r.<br \/>\n\tG\u00fcvenle hareket-profesyonel kad\u0131nlar ve s\u00fcper anneler her zaman yolda! Bu y\u00fczden hareket ve ger\u00e7ek ya\u015fam kullan\u0131m\u0131na dayanacak \u015fekilde imal edilmi\u015ftir. M\u00fckemmel siluetinizi korumak i\u00e7in bir heykel gibi durman\u0131za gerek yok. Gelinlik, balo elbisesi veya \u015f\u0131k g\u00fcnl\u00fck k\u0131yafetleri i\u00e7in m\u00fckemmeldir.<\/p>\n<p>\n\t<strong>M\u00dcKEMMEL SATI\u015e SONRASI H\u0130ZMET : <\/strong>Bu \u00fcr\u00fcne daha avantajl\u0131 sahip olabilmeniz i\u00e7in ma\u011fazam\u0131z\u0131 ziyaret ederek, kampanyalar\u0131 inceleyebilirsiniz. HSNET \/ HSNET olarak m\u00fc\u015fterilerimize en iyi hizmeti sunmay\u0131 ama\u00e7l\u0131yor, g\u00fcvenle sat\u0131n alabilmeniz i\u00e7in, ambalaj kalitemize g\u00fcveniyor, her \u00fcr\u00fcn sorunsuz teslimat i\u00e7in \u00f6zenle paketliyor ve resimde belirtilen renk, ebat, \u00f6zelikte \u00fcr\u00fcn g\u00f6ndermeyi taahh\u00fct ediyoruz. Hasarl\u0131 \u00fcr\u00fcn ald\u0131ysan\u0131z veya di\u011fer \u00fcr\u00fcn ve paket teslimat sorunlar\u0131 oldu\u011funda bizimle ileti\u015fime ge\u00e7mekten \u00e7ekinmeyin.<\/p>\n<p>\n\t<strong>Detayl\u0131 bilgi i\u00e7in ek resimleri inceleyebilirsiniz<\/strong><\/p>\n<p><\/p>\n<p>\n\t<strong><img decoding=\"async\"  src=\"https:\/\/hepsicdn.com.tr\/static\/product_detail\/hbnet737c94d0_8789001.jpg\"><\/strong><\/p>\n<p>\n\t\u00a0<\/p>\n","protected":false},"excerpt":{"rendered":"<p>\u00dcr\u00fcn \u00d6zellikleri : Materyal : PVC\u00a0 Adet \/ Renk \/ Tasar\u0131m : 108\u00a0 Adet, HSNET\u00a0 \u00a0olarak tasarlad\u0131\u011f\u0131m\u0131z, resimde yer alan BEYAZ rengi, s\u00fcrpriz ya\u015famaman\u0131z i\u00e7in birebir g\u00f6nderiyoruz \u00d6l\u00e7\u00fcler (bir cep telefonu ortalama 16 cm dir. K\u0131yaslaman\u0131z i\u00e7in kolayl\u0131k de\u011fil mi ? ) : 8.5 cm x 1.8 cm\u00a0 B\u00fcy\u00fck bir yaka ile d\u00fc\u015f\u00fck kesim, a\u00e7\u0131k&#8230;<\/p>\n","protected":false},"featured_media":108961,"comment_status":"open","ping_status":"closed","template":"","meta":{"_kad_post_transparent":"","_kad_post_title":"","_kad_post_layout":"","_kad_post_sidebar_id":"","_kad_post_content_style":"","_kad_post_vertical_padding":"","_kad_post_feature":"","_kad_post_feature_position":"","_kad_post_header":false,"_kad_post_footer":false,"_kad_post_classname":""},"product_brand":[],"product_cat":[14890],"product_tag":[],"class_list":{"0":"post-108962","1":"product","2":"type-product","3":"status-publish","4":"has-post-thumbnail","6":"product_cat-kisiye-ozel-kisiye-ozel-hediyelik-kisiye-ozel-kisiye-ozel-hediyelik","8":"first","9":"instock","10":"purchasable","11":"product-type-simple","12":"entry","13":"content-bg","14":"loop-entry"},"_links":{"self":[{"href":"https:\/\/www.hediyepazar.com\/index.php?rest_route=\/wp\/v2\/product\/108962","targetHints":{"allow":["GET"]}}],"collection":[{"href":"https:\/\/www.hediyepazar.com\/index.php?rest_route=\/wp\/v2\/product"}],"about":[{"href":"https:\/\/www.hediyepazar.com\/index.php?rest_route=\/wp\/v2\/types\/product"}],"replies":[{"embeddable":true,"href":"https:\/\/www.hediyepazar.com\/index.php?rest_route=%2Fwp%2Fv2%2Fcomments&post=108962"}],"wp:featuredmedia":[{"embeddable":true,"href":"https:\/\/www.hediyepazar.com\/index.php?rest_route=\/wp\/v2\/media\/108961"}],"wp:attachment":[{"href":"https:\/\/www.hediyepazar.com\/index.php?rest_route=%2Fwp%2Fv2%2Fmedia&parent=108962"}],"wp:term":[{"taxonomy":"product_brand","embeddable":true,"href":"https:\/\/www.hediyepazar.com\/index.php?rest_route=%2Fwp%2Fv2%2Fproduct_brand&post=108962"},{"taxonomy":"product_cat","embeddable":true,"href":"https:\/\/www.hediyepazar.com\/index.php?rest_route=%2Fwp%2Fv2%2Fproduct_cat&post=108962"},{"taxonomy":"product_tag","embeddable":true,"href":"https:\/\/www.hediyepazar.com\/index.php?rest_route=%2Fwp%2Fv2%2Fproduct_tag&post=108962"}],"curies":[{"name":"wp","href":"https:\/\/api.w.org\/{rel}","templated":true}]}}