{"id":108966,"date":"2026-05-05T01:24:16","date_gmt":"2026-05-05T04:24:16","guid":{"rendered":"https:\/\/www.hediyepazar.com\/?product=hsnet-nano-keratin-kaynak-cubuklari-12-adet-kahve-absolute"},"modified":"2026-05-05T01:24:16","modified_gmt":"2026-05-05T04:24:16","slug":"hsnet-nano-keratin-kaynak-cubuklari-12-adet-kahve-absolute","status":"publish","type":"product","link":"https:\/\/www.hediyepazar.com\/?product=hsnet-nano-keratin-kaynak-cubuklari-12-adet-kahve-absolute","title":{"rendered":"HSNET Nano Keratin Kaynak \u00c7ubuklar\u0131 12 ADET KAHVE Absolute"},"content":{"rendered":"<p> <strong>\u00dcr\u00fcn \u00d6zellikleri : <\/strong><\/p>\n<p> <strong>AKSESUARLAR \u00dcR\u00dcNE DAH\u0130L DE\u011e\u0130LD\u0130R. <\/strong><\/p>\n<p> <strong>Adet \/ Renk \/ Tasar\u0131m : <\/strong> 12 Adet, HSNET Nano\u00a0<span style=\"color: rgb(1, 15, 38); font-family: Roboto, sans-serif; font-size: 13px;\">Absolue\u00a0<\/span>Professional\u00a0 olarak tasarlad\u0131\u011f\u0131m\u0131z, resimde yer alan KAHVE rengi, s\u00fcrpriz ya\u015famaman\u0131z i\u00e7in birebir g\u00f6nderiyoruz<\/p>\n<p> <strong>\u00d6l\u00e7\u00fcler (bir cep telefonu ortalama 16 cm dir. K\u0131yaslaman\u0131z i\u00e7in kolayl\u0131k de\u011fil mi ? ) : Uzunluk 10 cm x K<\/strong><strong>al\u0131nl\u0131k\u00a0\u00a0<\/strong><strong>7 mm\u00a0<\/strong><\/p>\n<p><\/p>\n<p> Bu keratin tutkal \u00e7ubuklar\u0131, \u00f6zellikle sa\u00e7 uzatma ve sa\u00e7 kaynak i\u00e7in uygun olan tutkal tabancas\u0131 veya \u00f6n yap\u0131\u015ft\u0131rma sa\u00e7lar\u0131yla birlikte kullan\u0131labilir.<\/p>\n<p> Y\u00fcksek kalite premium birinci s\u0131n\u0131f EVA malzemeden yap\u0131lm\u0131\u015f, s\u0131cakta eriyen tutkal \u00e7ubuklar\u0131 yap\u0131\u015fkand\u0131r, uzun \u00f6m\u00fcrl\u00fcd\u00fcr, kokusuz ve zarars\u0131zd\u0131r. Hi\u00e7 \u015f\u00fcphe yok ki s\u00fcrekli kullan\u0131m karbonizasyona neden olmaz, bu nedenle keratin tutkall\u0131 sa\u00e7 uzatma sa\u00e7lar\u0131n\u0131z i\u00e7in g\u00fcvenlidir!<\/p>\n<p> Rahat Kullan\u0131m : T\u00fcm keratin \u00e7ubuklar\u0131 eritilebilir ve 175- 225 derece aras\u0131ndaki y\u00fcksek s\u0131cakl\u0131kta akabilir, b\u00f6ylece istedi\u011finiz zaman kullanabilirsiniz. Buna ek olarak, bu sa\u00e7 uzatma tutkal \u00e7ubuklar\u0131, \u00fcr\u00fcn\u00fcn k\u0131sa s\u00fcrede tamamen yap\u0131\u015fmas\u0131n\u0131 sa\u011flamak i\u00e7in 5 ila 10 dakika i\u00e7inde so\u011fuyacakt\u0131r.<\/p>\n<p> \u00c7oklu Uygulamalar: Keratin tabancas\u0131 tutkal \u00e7ubu\u011fu, \u00e7ok \u00e7e\u015fitli uygulamalara, h\u0131zl\u0131 k\u00fcrle\u015fmeye ve stabiliteye sahip, de\u011ferli zamandan ve emekten tasarruf etmenizi sa\u011flayacak harika bir ara\u00e7t\u0131r. Bu keratin yap\u0131\u015ft\u0131r\u0131c\u0131, sa\u00e7 uzatma, ah\u015fap, metal, cam, seramik, ev dekorasyonu, g\u00fcnl\u00fck yap\u0131\u015ft\u0131rma ihtiya\u00e7lar\u0131n\u0131z\u0131 ve ayr\u0131ca araba g\u00f6\u00e7\u00fck onar\u0131m\u0131n\u0131 kar\u015f\u0131layabilir.<\/p>\n<p> <strong>M\u00dcKEMMEL SATI\u015e SONRASI H\u0130ZMET : <\/strong>Bu \u00fcr\u00fcne daha avantajl\u0131 sahip olabilmeniz i\u00e7in ma\u011fazam\u0131z\u0131 ziyaret ederek, kampanyalar\u0131 inceleyebilirsiniz. HSNET \/ HSNET olarak m\u00fc\u015fterilerimize en iyi hizmeti sunmay\u0131 ama\u00e7l\u0131yor, g\u00fcvenle sat\u0131n alabilmeniz i\u00e7in, ambalaj kalitemize g\u00fcveniyor, her \u00fcr\u00fcn sorunsuz teslimat i\u00e7in \u00f6zenle paketliyor ve resimde belirtilen renk, ebat, \u00f6zelikte \u00fcr\u00fcn g\u00f6ndermeyi taahh\u00fct ediyoruz. Hasarl\u0131 \u00fcr\u00fcn ald\u0131ysan\u0131z veya di\u011fer \u00fcr\u00fcn ve paket teslimat sorunlar\u0131 oldu\u011funda bizimle ileti\u015fime ge\u00e7mekten \u00e7ekinmeyin.<\/p>\n<p> <strong>Detayl\u0131 bilgi i\u00e7in ek resimleri inceleyebilirsiniz<\/strong><\/p>\n<p><\/p>\n<p> <strong><img decoding=\"async\"  src=\"https:\/\/hepsicdn.com.tr\/static\/product_detail\/hbnet387aae19_8789601.webp\"><\/strong><\/p>\n<p> \u00a0<\/p>\n","protected":false},"excerpt":{"rendered":"<p>\u00dcr\u00fcn \u00d6zellikleri : AKSESUARLAR \u00dcR\u00dcNE DAH\u0130L DE\u011e\u0130LD\u0130R. Adet \/ Renk \/ Tasar\u0131m : 12 Adet, HSNET Nano\u00a0Absolue\u00a0Professional\u00a0 olarak tasarlad\u0131\u011f\u0131m\u0131z, resimde yer alan KAHVE rengi, s\u00fcrpriz ya\u015famaman\u0131z i\u00e7in birebir g\u00f6nderiyoruz \u00d6l\u00e7\u00fcler (bir cep telefonu ortalama 16 cm dir. K\u0131yaslaman\u0131z i\u00e7in kolayl\u0131k de\u011fil mi ? ) : Uzunluk 10 cm x Kal\u0131nl\u0131k\u00a0\u00a07 mm\u00a0 Bu keratin tutkal \u00e7ubuklar\u0131,&#8230;<\/p>\n","protected":false},"featured_media":108965,"comment_status":"open","ping_status":"closed","template":"","meta":{"_kad_post_transparent":"","_kad_post_title":"","_kad_post_layout":"","_kad_post_sidebar_id":"","_kad_post_content_style":"","_kad_post_vertical_padding":"","_kad_post_feature":"","_kad_post_feature_position":"","_kad_post_header":false,"_kad_post_footer":false,"_kad_post_classname":""},"product_brand":[],"product_cat":[14810],"product_tag":[],"class_list":{"0":"post-108966","1":"product","2":"type-product","3":"status-publish","4":"has-post-thumbnail","6":"product_cat-hirdavat-urunleri-yapi-market-bahce-yapi-market-ev-yasam-testereler","8":"first","9":"instock","10":"purchasable","11":"product-type-simple","12":"entry","13":"content-bg","14":"loop-entry"},"_links":{"self":[{"href":"https:\/\/www.hediyepazar.com\/index.php?rest_route=\/wp\/v2\/product\/108966","targetHints":{"allow":["GET"]}}],"collection":[{"href":"https:\/\/www.hediyepazar.com\/index.php?rest_route=\/wp\/v2\/product"}],"about":[{"href":"https:\/\/www.hediyepazar.com\/index.php?rest_route=\/wp\/v2\/types\/product"}],"replies":[{"embeddable":true,"href":"https:\/\/www.hediyepazar.com\/index.php?rest_route=%2Fwp%2Fv2%2Fcomments&post=108966"}],"wp:featuredmedia":[{"embeddable":true,"href":"https:\/\/www.hediyepazar.com\/index.php?rest_route=\/wp\/v2\/media\/108965"}],"wp:attachment":[{"href":"https:\/\/www.hediyepazar.com\/index.php?rest_route=%2Fwp%2Fv2%2Fmedia&parent=108966"}],"wp:term":[{"taxonomy":"product_brand","embeddable":true,"href":"https:\/\/www.hediyepazar.com\/index.php?rest_route=%2Fwp%2Fv2%2Fproduct_brand&post=108966"},{"taxonomy":"product_cat","embeddable":true,"href":"https:\/\/www.hediyepazar.com\/index.php?rest_route=%2Fwp%2Fv2%2Fproduct_cat&post=108966"},{"taxonomy":"product_tag","embeddable":true,"href":"https:\/\/www.hediyepazar.com\/index.php?rest_route=%2Fwp%2Fv2%2Fproduct_tag&post=108966"}],"curies":[{"name":"wp","href":"https:\/\/api.w.org\/{rel}","templated":true}]}}