{"id":108976,"date":"2026-05-05T01:25:11","date_gmt":"2026-05-05T04:25:11","guid":{"rendered":"https:\/\/www.hediyepazar.com\/?product=hsnet-feather-tip-tirtikli-ustura-jileti-3-adet"},"modified":"2026-05-05T01:25:11","modified_gmt":"2026-05-05T04:25:11","slug":"hsnet-feather-tip-tirtikli-ustura-jileti-3-adet","status":"publish","type":"product","link":"https:\/\/www.hediyepazar.com\/?product=hsnet-feather-tip-tirtikli-ustura-jileti-3-adet","title":{"rendered":"HSNET Feather Tip T\u0131rt\u0131kl\u0131 Ustura Jileti 3 Adet"},"content":{"rendered":"<p>\n\tFeather Tip usturalara uyumlu 3 l\u00fc feather tip jilet\u00a0 Do\u011fal ge\u00e7i\u015fli sonu\u00e7lar.<br \/>\n\tBu set, sa\u00e7 kesiminde maksimum kontrol ve do\u011fal ge\u00e7i\u015fli sonu\u00e7lar elde etmek isteyen profesyoneller i\u00e7in tasarlanm\u0131\u015ft\u0131r.<br \/>\n\t<b>\u00a0Metal Jilet\u00a0 :<\/b> 5.7 cm x 1.0 cm \u00f6l\u00e7\u00fclerinde, Feather Tip t\u0131rt\u0131kl\u0131 jilettir.<br \/>\n\t<b>\u00a0<\/b>K\u0131r\u0131k u\u00e7lar\u0131 d\u00fczeltir, sa\u00e7 u\u00e7lar\u0131nda do\u011fal ge\u00e7i\u015f sa\u011flar.\u00a0\u00a0<\/p>\n<p>\n\t<strong>M\u00dcKEMMEL SATI\u015e SONRASI H\u0130ZMET : <\/strong>Bu \u00fcr\u00fcne daha avantajl\u0131 sahip olabilmeniz i\u00e7in ma\u011fazam\u0131z\u0131 ziyaret ederek, kampanyalar\u0131 inceleyebilirsiniz. HSNET \/ HSNET olarak m\u00fc\u015fterilerimize en iyi hizmeti sunmay\u0131 ama\u00e7l\u0131yor, g\u00fcvenle sat\u0131n alabilmeniz i\u00e7in, ambalaj kalitemize g\u00fcveniyor, her \u00fcr\u00fcn sorunsuz teslimat i\u00e7in \u00f6zenle paketliyor ve resimde belirtilen renk, ebat, \u00f6zelikte \u00fcr\u00fcn g\u00f6ndermeyi taahh\u00fct ediyoruz. Hasarl\u0131 \u00fcr\u00fcn ald\u0131ysan\u0131z veya di\u011fer \u00fcr\u00fcn ve paket teslimat sorunlar\u0131 oldu\u011funda bizimle ileti\u015fime ge\u00e7mekten \u00e7ekinmeyin.<\/p>\n<p>\n\t<strong>Detayl\u0131 bilgi i\u00e7in ek resimleri inceleyebilirsiniz<\/strong><\/p>\n<p><\/p>\n<p>\n\t<strong><img decoding=\"async\"  src=\"https:\/\/hepsicdn.com.tr\/static\/product_detail\/hbnet23614a61_8790301.webp\"><\/strong><\/p>\n<p>\n\t\u00a0<\/p>\n","protected":false},"excerpt":{"rendered":"<p>Feather Tip usturalara uyumlu 3 l\u00fc feather tip jilet\u00a0 Do\u011fal ge\u00e7i\u015fli sonu\u00e7lar. Bu set, sa\u00e7 kesiminde maksimum kontrol ve do\u011fal ge\u00e7i\u015fli sonu\u00e7lar elde etmek isteyen profesyoneller i\u00e7in tasarlanm\u0131\u015ft\u0131r. \u00a0Metal Jilet\u00a0 : 5.7 cm x 1.0 cm \u00f6l\u00e7\u00fclerinde, Feather Tip t\u0131rt\u0131kl\u0131 jilettir. \u00a0K\u0131r\u0131k u\u00e7lar\u0131 d\u00fczeltir, sa\u00e7 u\u00e7lar\u0131nda do\u011fal ge\u00e7i\u015f sa\u011flar.\u00a0\u00a0 M\u00dcKEMMEL SATI\u015e SONRASI H\u0130ZMET : Bu&#8230;<\/p>\n","protected":false},"featured_media":108975,"comment_status":"open","ping_status":"closed","template":"","meta":{"_kad_post_transparent":"","_kad_post_title":"","_kad_post_layout":"","_kad_post_sidebar_id":"","_kad_post_content_style":"","_kad_post_vertical_padding":"","_kad_post_feature":"","_kad_post_feature_position":"","_kad_post_header":false,"_kad_post_footer":false,"_kad_post_classname":""},"product_brand":[],"product_cat":[7917],"product_tag":[],"class_list":{"0":"post-108976","1":"product","2":"type-product","3":"status-publish","4":"has-post-thumbnail","6":"product_cat-tarak-ve-makaslar-kuafor-urunleri-erkek-kuafor-tarak-ve-makaslar","8":"first","9":"instock","10":"purchasable","11":"product-type-simple","12":"entry","13":"content-bg","14":"loop-entry"},"_links":{"self":[{"href":"https:\/\/www.hediyepazar.com\/index.php?rest_route=\/wp\/v2\/product\/108976","targetHints":{"allow":["GET"]}}],"collection":[{"href":"https:\/\/www.hediyepazar.com\/index.php?rest_route=\/wp\/v2\/product"}],"about":[{"href":"https:\/\/www.hediyepazar.com\/index.php?rest_route=\/wp\/v2\/types\/product"}],"replies":[{"embeddable":true,"href":"https:\/\/www.hediyepazar.com\/index.php?rest_route=%2Fwp%2Fv2%2Fcomments&post=108976"}],"wp:featuredmedia":[{"embeddable":true,"href":"https:\/\/www.hediyepazar.com\/index.php?rest_route=\/wp\/v2\/media\/108975"}],"wp:attachment":[{"href":"https:\/\/www.hediyepazar.com\/index.php?rest_route=%2Fwp%2Fv2%2Fmedia&parent=108976"}],"wp:term":[{"taxonomy":"product_brand","embeddable":true,"href":"https:\/\/www.hediyepazar.com\/index.php?rest_route=%2Fwp%2Fv2%2Fproduct_brand&post=108976"},{"taxonomy":"product_cat","embeddable":true,"href":"https:\/\/www.hediyepazar.com\/index.php?rest_route=%2Fwp%2Fv2%2Fproduct_cat&post=108976"},{"taxonomy":"product_tag","embeddable":true,"href":"https:\/\/www.hediyepazar.com\/index.php?rest_route=%2Fwp%2Fv2%2Fproduct_tag&post=108976"}],"curies":[{"name":"wp","href":"https:\/\/api.w.org\/{rel}","templated":true}]}}