{"id":108988,"date":"2026-05-05T01:26:10","date_gmt":"2026-05-05T04:26:10","guid":{"rendered":"https:\/\/www.hediyepazar.com\/?product=hsnet-kulak-temizlik-mumu-1-set"},"modified":"2026-05-05T01:26:10","modified_gmt":"2026-05-05T04:26:10","slug":"hsnet-kulak-temizlik-mumu-1-set","status":"publish","type":"product","link":"https:\/\/www.hediyepazar.com\/?product=hsnet-kulak-temizlik-mumu-1-set","title":{"rendered":"HSNET Kulak Temizlik Mumu 1 set"},"content":{"rendered":"<p>\n\t<strong>\u00dcr\u00fcn \u00d6zellikleri : <\/strong><\/p>\n<p>\t<strong>Materyal : <\/strong> Mumlu Ka\u011f\u0131t<\/p>\n<p>\t<strong>Adet : <\/strong>1 \u00c7\u0130FT (2 adet SA\u011e-SOL KULAK \u0130\u00c7\u0130N)<\/p>\n<p>\t<strong>\u00d6l\u00e7\u00fcler : <\/strong> 22 cm<\/p>\n<p>\t<strong>Tasar\u0131m <\/strong> HSNET Liza Bataieva Design olarak tasarlad\u0131\u011f\u0131m\u0131z \u00fcr\u00fcn\u00fc g\u00f6nderiyoruz.<\/p>\n<p>\n\tKulak mumu yapt\u0131\u011f\u0131 hava bas\u0131nc\u0131 ile kula\u011f\u0131n\u0131zda eri\u015femeyece\u011finiz b\u00f6lgelerdeki kirlerin temizlenmesine yard\u0131mc\u0131 olmaktad\u0131r.<br \/>\n\tKullan\u0131m\u0131 basittir ve \u00f6zel bir yetene\u011fe gerek yoktur.<br \/>\n\tMumun kula\u011fa uygun k\u0131sm\u0131n\u0131, ince k\u0131sm\u0131 kula\u011f\u0131n\u0131z\u0131 i\u00e7ine \u00e7ok ileri olmayacak ve hava ka\u00e7\u0131rmayacak \u015fekilde tak\u0131n\u0131z.<br \/>\n\tMumun orta k\u0131sm\u0131na daha \u00f6nce haz\u0131rlanan orta k\u0131sm\u0131 delik olan kartonu ge\u00e7iriniz, bu karton birlikte sat\u0131lmaz bunu \u00f6nceden haz\u0131rlay\u0131n\u0131z,<br \/>\n\tbundaki ama\u00e7 kulak k\u0131sm\u0131na mumdan d\u00f6k\u00fclme olursa kulak k\u0131sm\u0131na zarar vermemesi i\u00e7indir.<br \/>\n\t\u00dcst k\u0131s\u0131mdan bir \u00e7akmak sayesinde yak\u0131n ve mum uygun k\u0131sma kadar yanmas\u0131n\u0131 yanan mumun hava bas\u0131c\u0131 ile kirleri toplamas\u0131n\u0131 sa\u011flay\u0131n.<br \/>\n\tK\u0131rm\u0131z\u0131 \u00e7izgiye kadar yanan mumu bir kase suya bat\u0131r\u0131p s\u00f6nd\u00fcrebilirsiniz.<\/p>\n<p>\n\t<strong>M\u00dcKEMMEL SATI\u015e SONRASI H\u0130ZMET : <\/strong>HSNET \/ HSNET olarak m\u00fc\u015fterilerimize en iyi hizmeti sunmay\u0131 ama\u00e7l\u0131yor, g\u00fcvenle sat\u0131n alabilmeniz i\u00e7in, ambalaj kalitemize g\u00fcveniyor, her \u00fcr\u00fcn sorunsuz teslimat i\u00e7in \u00f6zenle paketliyor ve resimde belirtilen renk, ebat, \u00f6zelikte \u00fcr\u00fcn g\u00f6ndermeyi taahh\u00fct ediyoruz. Hasarl\u0131 \u00fcr\u00fcn ald\u0131ysan\u0131z veya di\u011fer \u00fcr\u00fcn ve paket teslimat sorunlar\u0131 oldu\u011funda bizimle ileti\u015fime ge\u00e7mekten \u00e7ekinmeyin.<\/p>\n<p>\n\t<strong>Detayl\u0131 bilgi i\u00e7in ek resimleri inceleyebilirsiniz<\/strong><\/p>\n<p><\/p>\n<p>\n\t<strong><img decoding=\"async\"  src=\"https:\/\/hepsicdn.com.tr\/static\/product_detail\/hbnet579d52e5_8791101.webp\"><\/strong><\/p>\n<p>\n\t\u00a0<\/p>\n","protected":false},"excerpt":{"rendered":"<p>\u00dcr\u00fcn \u00d6zellikleri : Materyal : Mumlu Ka\u011f\u0131t Adet : 1 \u00c7\u0130FT (2 adet SA\u011e-SOL KULAK \u0130\u00c7\u0130N) \u00d6l\u00e7\u00fcler : 22 cm Tasar\u0131m HSNET Liza Bataieva Design olarak tasarlad\u0131\u011f\u0131m\u0131z \u00fcr\u00fcn\u00fc g\u00f6nderiyoruz. Kulak mumu yapt\u0131\u011f\u0131 hava bas\u0131nc\u0131 ile kula\u011f\u0131n\u0131zda eri\u015femeyece\u011finiz b\u00f6lgelerdeki kirlerin temizlenmesine yard\u0131mc\u0131 olmaktad\u0131r. Kullan\u0131m\u0131 basittir ve \u00f6zel bir yetene\u011fe gerek yoktur. Mumun kula\u011fa uygun k\u0131sm\u0131n\u0131, ince&#8230;<\/p>\n","protected":false},"featured_media":108987,"comment_status":"open","ping_status":"closed","template":"","meta":{"_kad_post_transparent":"","_kad_post_title":"","_kad_post_layout":"","_kad_post_sidebar_id":"","_kad_post_content_style":"","_kad_post_vertical_padding":"","_kad_post_feature":"","_kad_post_feature_position":"","_kad_post_header":false,"_kad_post_footer":false,"_kad_post_classname":""},"product_brand":[],"product_cat":[14169],"product_tag":[],"class_list":{"0":"post-108988","1":"product","2":"type-product","3":"status-publish","4":"has-post-thumbnail","6":"product_cat-kisisel-bakim-aletleri-elektronik-kisisel-bakim-aletleri-elektronik","8":"first","9":"instock","10":"purchasable","11":"product-type-simple","12":"entry","13":"content-bg","14":"loop-entry"},"_links":{"self":[{"href":"https:\/\/www.hediyepazar.com\/index.php?rest_route=\/wp\/v2\/product\/108988","targetHints":{"allow":["GET"]}}],"collection":[{"href":"https:\/\/www.hediyepazar.com\/index.php?rest_route=\/wp\/v2\/product"}],"about":[{"href":"https:\/\/www.hediyepazar.com\/index.php?rest_route=\/wp\/v2\/types\/product"}],"replies":[{"embeddable":true,"href":"https:\/\/www.hediyepazar.com\/index.php?rest_route=%2Fwp%2Fv2%2Fcomments&post=108988"}],"wp:featuredmedia":[{"embeddable":true,"href":"https:\/\/www.hediyepazar.com\/index.php?rest_route=\/wp\/v2\/media\/108987"}],"wp:attachment":[{"href":"https:\/\/www.hediyepazar.com\/index.php?rest_route=%2Fwp%2Fv2%2Fmedia&parent=108988"}],"wp:term":[{"taxonomy":"product_brand","embeddable":true,"href":"https:\/\/www.hediyepazar.com\/index.php?rest_route=%2Fwp%2Fv2%2Fproduct_brand&post=108988"},{"taxonomy":"product_cat","embeddable":true,"href":"https:\/\/www.hediyepazar.com\/index.php?rest_route=%2Fwp%2Fv2%2Fproduct_cat&post=108988"},{"taxonomy":"product_tag","embeddable":true,"href":"https:\/\/www.hediyepazar.com\/index.php?rest_route=%2Fwp%2Fv2%2Fproduct_tag&post=108988"}],"curies":[{"name":"wp","href":"https:\/\/api.w.org\/{rel}","templated":true}]}}