{"id":108990,"date":"2026-05-05T01:26:14","date_gmt":"2026-05-05T04:26:14","guid":{"rendered":"https:\/\/www.hediyepazar.com\/?product=hsnet-yer-yikama-fircasi-premium"},"modified":"2026-05-05T01:26:14","modified_gmt":"2026-05-05T04:26:14","slug":"hsnet-yer-yikama-fircasi-premium","status":"publish","type":"product","link":"https:\/\/www.hediyepazar.com\/?product=hsnet-yer-yikama-fircasi-premium","title":{"rendered":"HSNET Yer Y\u0131kama F\u0131r\u00e7as\u0131 Premium"},"content":{"rendered":"<p>\n\t<strong>\u00dcr\u00fcn \u00d6zellikleri : <\/strong><\/p>\n<p>\t<strong>Adet \/ Renk \/ Tasar\u0131m : <\/strong> 1 Adet, HSNET\u00a0<span style=\"color: rgb(1, 15, 38); font-family: Roboto, sans-serif; font-size: 13px;\">Premium\u00a0<\/span>olarak tasarlad\u0131\u011f\u0131m\u0131z, resimde yer alan MODEL\u0130 , s\u00fcrpriz ya\u015famaman\u0131z i\u00e7in birebir g\u00f6nderiyoruz .RENKLER de\u011fi\u015fkenlik g\u00f6sterebilir.<br \/>\n\t\u00a0<\/p>\n<p>\n\tDi\u011fer f\u0131r\u00e7alardan farkl\u0131 olarak HORTUM G\u0130R\u0130\u015e\u0130 ile donat\u0131lm\u0131\u015ft\u0131r, K\u0131llar ayr\u0131ca yumu\u015fak materyalden yap\u0131lm\u0131\u015ft\u0131r, temizleyici ile kolayca daha da yumu\u015far<br \/>\n\tYer y\u0131kama yan\u0131nda karavanda, r\u00f6morklarda, kamyonlarda, atellerde, teknelerde, havuzlarda da kullan\u0131l\u0131r.<br \/>\n\tTemizlik s\u0131ras\u0131nda rahats\u0131z edici \u00e7izikler olu\u015fturmadan y\u00fczeyi korur.<br \/>\n\t\u00c7izilmez ve T\u00fcy B\u0131rakmaz: Yumu\u015fak, tiftiksiz, S\u00fcper yumu\u015fak f\u0131r\u00e7a teli, g\u00fc\u00e7l\u00fc y\u00fczey temizli\u011fi sa\u011flar.\u00a0 \u00a0Yeniden kullan\u0131labilir ve y\u0131kanabilir.<br \/>\n\tUltra ince t\u00fcy u\u00e7lu polipropilen k\u0131llar\u0131m\u0131z her t\u00fcrl\u00fc y\u00fczeyi nazik\u00e7e temizler ve en \u00fcst d\u00fczeyde \u00e7iziksiz deneyim sa\u011flar.<br \/>\n\tBu f\u0131r\u00e7an\u0131n benzersiz tasar\u0131m\u0131, ula\u015f\u0131lmas\u0131 zor noktalara ula\u015fmak i\u00e7in neredeyse her a\u00e7\u0131da kullan\u0131labildi\u011finden maksimum eri\u015fim ve \u00fcst\u00fcn temizleme yetenekleri sunar.<br \/>\n\tAsitlere, \u0131s\u0131ya, kimyasallara ve solventlere kar\u015f\u0131 olduk\u00e7a dayan\u0131kl\u0131d\u0131r.<br \/>\n\t\u00a0<br \/>\n\tStandart erkek di\u015fli s\u00fcp\u00fcrge uzatma sopalar\u0131na tak\u0131labilir<\/p>\n<p>\n\t<strong>M\u00dcKEMMEL SATI\u015e SONRASI H\u0130ZMET : <\/strong>HSNET \/ HSNET olarak m\u00fc\u015fterilerimize en iyi hizmeti sunmay\u0131 ama\u00e7l\u0131yor, g\u00fcvenle sat\u0131n alabilmeniz i\u00e7in, ambalaj kalitemize g\u00fcveniyor, her \u00fcr\u00fcn sorunsuz teslimat i\u00e7in \u00f6zenle paketliyor ve resimde belirtilen renk, ebat, \u00f6zelikte \u00fcr\u00fcn g\u00f6ndermeyi taahh\u00fct ediyoruz. Hasarl\u0131 \u00fcr\u00fcn ald\u0131ysan\u0131z veya di\u011fer \u00fcr\u00fcn ve paket teslimat sorunlar\u0131 oldu\u011funda bizimle ileti\u015fime ge\u00e7mekten \u00e7ekinmeyin.<\/p>\n","protected":false},"excerpt":{"rendered":"<p>\u00dcr\u00fcn \u00d6zellikleri : Adet \/ Renk \/ Tasar\u0131m : 1 Adet, HSNET\u00a0Premium\u00a0olarak tasarlad\u0131\u011f\u0131m\u0131z, resimde yer alan MODEL\u0130 , s\u00fcrpriz ya\u015famaman\u0131z i\u00e7in birebir g\u00f6nderiyoruz .RENKLER de\u011fi\u015fkenlik g\u00f6sterebilir. \u00a0 Di\u011fer f\u0131r\u00e7alardan farkl\u0131 olarak HORTUM G\u0130R\u0130\u015e\u0130 ile donat\u0131lm\u0131\u015ft\u0131r, K\u0131llar ayr\u0131ca yumu\u015fak materyalden yap\u0131lm\u0131\u015ft\u0131r, temizleyici ile kolayca daha da yumu\u015far Yer y\u0131kama yan\u0131nda karavanda, r\u00f6morklarda, kamyonlarda, atellerde, teknelerde, havuzlarda&#8230;<\/p>\n","protected":false},"featured_media":108989,"comment_status":"open","ping_status":"closed","template":"","meta":{"_kad_post_transparent":"","_kad_post_title":"","_kad_post_layout":"","_kad_post_sidebar_id":"","_kad_post_content_style":"","_kad_post_vertical_padding":"","_kad_post_feature":"","_kad_post_feature_position":"","_kad_post_header":false,"_kad_post_footer":false,"_kad_post_classname":""},"product_brand":[],"product_cat":[14810],"product_tag":[],"class_list":{"0":"post-108990","1":"product","2":"type-product","3":"status-publish","4":"has-post-thumbnail","6":"product_cat-hirdavat-urunleri-yapi-market-bahce-yapi-market-ev-yasam-testereler","8":"first","9":"instock","10":"purchasable","11":"product-type-simple","12":"entry","13":"content-bg","14":"loop-entry"},"_links":{"self":[{"href":"https:\/\/www.hediyepazar.com\/index.php?rest_route=\/wp\/v2\/product\/108990","targetHints":{"allow":["GET"]}}],"collection":[{"href":"https:\/\/www.hediyepazar.com\/index.php?rest_route=\/wp\/v2\/product"}],"about":[{"href":"https:\/\/www.hediyepazar.com\/index.php?rest_route=\/wp\/v2\/types\/product"}],"replies":[{"embeddable":true,"href":"https:\/\/www.hediyepazar.com\/index.php?rest_route=%2Fwp%2Fv2%2Fcomments&post=108990"}],"wp:featuredmedia":[{"embeddable":true,"href":"https:\/\/www.hediyepazar.com\/index.php?rest_route=\/wp\/v2\/media\/108989"}],"wp:attachment":[{"href":"https:\/\/www.hediyepazar.com\/index.php?rest_route=%2Fwp%2Fv2%2Fmedia&parent=108990"}],"wp:term":[{"taxonomy":"product_brand","embeddable":true,"href":"https:\/\/www.hediyepazar.com\/index.php?rest_route=%2Fwp%2Fv2%2Fproduct_brand&post=108990"},{"taxonomy":"product_cat","embeddable":true,"href":"https:\/\/www.hediyepazar.com\/index.php?rest_route=%2Fwp%2Fv2%2Fproduct_cat&post=108990"},{"taxonomy":"product_tag","embeddable":true,"href":"https:\/\/www.hediyepazar.com\/index.php?rest_route=%2Fwp%2Fv2%2Fproduct_tag&post=108990"}],"curies":[{"name":"wp","href":"https:\/\/api.w.org\/{rel}","templated":true}]}}