{"id":108994,"date":"2026-05-05T01:27:56","date_gmt":"2026-05-05T04:27:56","guid":{"rendered":"https:\/\/www.hediyepazar.com\/?product=hsnet-2-boyutlu-kelebek-tarak-2-adet"},"modified":"2026-05-05T01:27:56","modified_gmt":"2026-05-05T04:27:56","slug":"hsnet-2-boyutlu-kelebek-tarak-2-adet","status":"publish","type":"product","link":"https:\/\/www.hediyepazar.com\/?product=hsnet-2-boyutlu-kelebek-tarak-2-adet","title":{"rendered":"HSNET 2 Boyutlu Kelebek Tarak 2 ADET"},"content":{"rendered":"<p>\n\t<strong>\u00dcr\u00fcn \u00d6zellikleri : HSNET Professional Design olarak tasarlad\u0131\u011f\u0131m\u0131z, resimde yer alan modeli, s\u00fcrpriz ya\u015famaman\u0131z i\u00e7in birebir g\u00f6nderiyoruz . <\/strong><\/p>\n<p>\t<strong>Materyal : Plastik\u00a0<\/strong><\/p>\n<p>\t<strong>2 Adet , <\/strong><\/p>\n<p>\t<strong>\u00d6l\u00e7\u00fcler (bir cep telefonu ortalama 16 cm dir. K\u0131yaslaman\u0131z i\u00e7in kolayl\u0131k de\u011fil mi ? ) :\u00a0<\/strong><span style=\"background-color: transparent; color: rgb(72, 72, 72); font-family: Arial, sans-serif; font-size: 10.5pt; white-space-collapse: preserve;\">10 X 8,5 CM UZUNLUK<\/span><\/p>\n<p>\n\tT\u00dcM SA\u00c7 T\u0130PLER\u0130 \u0130\u00c7\u0130N UYGUN: Kuru veya \u0131slak, seyrek veya \u00e7ok yo\u011fun sa\u00e7larda g\u00fcnl\u00fck kullan\u0131m i\u00e7indir.<\/p>\n<p>\n\tTa\u015f\u0131nabilir Tarak, deriye zarar vermeden kesikleri ve kepekleri giderir,<br \/>\n\tSa\u00e7 derinize masaj yapmak i\u00e7in uygun, makul \u0130NCE VE KALIN di\u015fli da\u011f\u0131l\u0131m\u0131na sahiptir.<\/p>\n<p>\tTa\u015f\u0131nabilir tasar\u0131m: Ta\u015f\u0131nmas\u0131 kolayd\u0131r ve size y\u00fck olmaz, ev, ofis ve \u00f6zellikle seyahat veya vitrin al\u0131\u015fveri\u015fi i\u00e7in pratik bir ara\u00e7t\u0131r.<\/p>\n<p>\tGeni\u015f kullan\u0131m: Siz ve \u00e7ocuklar\u0131n\u0131z i\u00e7in, g\u00fcnl\u00fck kulan\u0131m yan\u0131s\u0131ra \u015fampuan tara\u011f\u0131, masajl\u0131 sa\u00e7 f\u0131r\u00e7as\u0131 tara\u011f\u0131 veya \u00e7anta tara\u011f\u0131 vb. olarak kullanabilirsiniz; Tarak, k\u0131sa ve k\u0131v\u0131rc\u0131k sa\u00e7lar dahil \u00e7o\u011fu sa\u00e7 modeli i\u00e7in uygundur,<\/p>\n<p>\tMalzeme: Antistatik ve \u0131s\u0131ya dayan\u0131kl\u0131, neredeyse k\u0131r\u0131lmaz, hafif ve dayan\u0131kl\u0131, uzun s\u00fcreli kullan\u0131ma hizmet edebilir<\/p>\n<p>\tPratik tasar\u0131m: En ince t\u00fcyleri bile kavramak i\u00e7in ince aral\u0131kl\u0131 ( 46 di\u015f ) ve standart aral\u0131kl\u0131 (33 di\u015f ) di\u015flere, b\u00f6l\u00fcmleri toplamay\u0131 kolayla\u015ft\u0131ran sahiptir<\/p>\n<p>\t\u0130\u015flev: Tarama yan\u0131nda sa\u00e7 boyama ve di\u011fer i\u015fleri daha iyi yapmak i\u00e7in uygundur, d\u00fczenli kullan\u0131m, donuk sa\u00e7lara parlak parlakl\u0131k ve parlakl\u0131k katar, sa\u00e7lar\u0131 p\u00fcr\u00fczs\u00fcz ve ipeksi yumu\u015fak b\u0131rak\u0131r, sa\u00e7\u0131n\u0131z ve sa\u00e7 deriniz daha sa\u011fl\u0131kl\u0131 olur<\/p>\n<p>\n\t<strong>M\u00dcKEMMEL SATI\u015e SONRASI H\u0130ZMET : <\/strong>Bu \u00fcr\u00fcne daha avantajl\u0131 sahip olabilmeniz i\u00e7in ma\u011fazam\u0131z\u0131 ziyaret ederek, kampanyalar\u0131 inceleyebilirsiniz. HSNET \/ HSNET olarak m\u00fc\u015fterilerimize en iyi hizmeti sunmay\u0131 ama\u00e7l\u0131yor, g\u00fcvenle sat\u0131n alabilmeniz i\u00e7in, ambalaj kalitemize g\u00fcveniyor, her \u00fcr\u00fcn sorunsuz teslimat i\u00e7in \u00f6zenle paketliyor ve resimde belirtilen renk, ebat, \u00f6zelikte \u00fcr\u00fcn g\u00f6ndermeyi taahh\u00fct ediyoruz. Hasarl\u0131 \u00fcr\u00fcn ald\u0131ysan\u0131z veya di\u011fer \u00fcr\u00fcn ve paket teslimat sorunlar\u0131 oldu\u011funda bizimle ileti\u015fime ge\u00e7mekten \u00e7ekinmeyin.<\/p>\n","protected":false},"excerpt":{"rendered":"<p>\u00dcr\u00fcn \u00d6zellikleri : HSNET Professional Design olarak tasarlad\u0131\u011f\u0131m\u0131z, resimde yer alan modeli, s\u00fcrpriz ya\u015famaman\u0131z i\u00e7in birebir g\u00f6nderiyoruz . Materyal : Plastik\u00a0 2 Adet , \u00d6l\u00e7\u00fcler (bir cep telefonu ortalama 16 cm dir. K\u0131yaslaman\u0131z i\u00e7in kolayl\u0131k de\u011fil mi ? ) :\u00a010 X 8,5 CM UZUNLUK T\u00dcM SA\u00c7 T\u0130PLER\u0130 \u0130\u00c7\u0130N UYGUN: Kuru veya \u0131slak, seyrek veya \u00e7ok&#8230;<\/p>\n","protected":false},"featured_media":108993,"comment_status":"open","ping_status":"closed","template":"","meta":{"_kad_post_transparent":"","_kad_post_title":"","_kad_post_layout":"","_kad_post_sidebar_id":"","_kad_post_content_style":"","_kad_post_vertical_padding":"","_kad_post_feature":"","_kad_post_feature_position":"","_kad_post_header":false,"_kad_post_footer":false,"_kad_post_classname":""},"product_brand":[],"product_cat":[14810],"product_tag":[],"class_list":{"0":"post-108994","1":"product","2":"type-product","3":"status-publish","4":"has-post-thumbnail","6":"product_cat-hirdavat-urunleri-yapi-market-bahce-yapi-market-ev-yasam-testereler","8":"first","9":"instock","10":"purchasable","11":"product-type-simple","12":"entry","13":"content-bg","14":"loop-entry"},"_links":{"self":[{"href":"https:\/\/www.hediyepazar.com\/index.php?rest_route=\/wp\/v2\/product\/108994","targetHints":{"allow":["GET"]}}],"collection":[{"href":"https:\/\/www.hediyepazar.com\/index.php?rest_route=\/wp\/v2\/product"}],"about":[{"href":"https:\/\/www.hediyepazar.com\/index.php?rest_route=\/wp\/v2\/types\/product"}],"replies":[{"embeddable":true,"href":"https:\/\/www.hediyepazar.com\/index.php?rest_route=%2Fwp%2Fv2%2Fcomments&post=108994"}],"wp:featuredmedia":[{"embeddable":true,"href":"https:\/\/www.hediyepazar.com\/index.php?rest_route=\/wp\/v2\/media\/108993"}],"wp:attachment":[{"href":"https:\/\/www.hediyepazar.com\/index.php?rest_route=%2Fwp%2Fv2%2Fmedia&parent=108994"}],"wp:term":[{"taxonomy":"product_brand","embeddable":true,"href":"https:\/\/www.hediyepazar.com\/index.php?rest_route=%2Fwp%2Fv2%2Fproduct_brand&post=108994"},{"taxonomy":"product_cat","embeddable":true,"href":"https:\/\/www.hediyepazar.com\/index.php?rest_route=%2Fwp%2Fv2%2Fproduct_cat&post=108994"},{"taxonomy":"product_tag","embeddable":true,"href":"https:\/\/www.hediyepazar.com\/index.php?rest_route=%2Fwp%2Fv2%2Fproduct_tag&post=108994"}],"curies":[{"name":"wp","href":"https:\/\/api.w.org\/{rel}","templated":true}]}}