{"id":109072,"date":"2026-05-05T01:35:14","date_gmt":"2026-05-05T04:35:14","guid":{"rendered":"https:\/\/www.hediyepazar.com\/?product=hsnet-2-li-hanimeli-metal-sirt-kasima-aparati"},"modified":"2026-05-05T01:35:14","modified_gmt":"2026-05-05T04:35:14","slug":"hsnet-2-li-hanimeli-metal-sirt-kasima-aparati","status":"publish","type":"product","link":"https:\/\/www.hediyepazar.com\/?product=hsnet-2-li-hanimeli-metal-sirt-kasima-aparati","title":{"rendered":"HSNET 2 L\u0130 Han\u0131meli Metal S\u0131rt Ka\u015f\u0131ma Aparat\u0131"},"content":{"rendered":"<p>\n\t<span style=\"color:#ff0000;\"><strong>Adet : 2 <\/strong><\/span><\/p>\n<p>\n\t<span style=\"color: rgb(255, 0, 0);\"><strong>Materyal :\u00a0<\/strong><\/span><strong style=\"color: rgb(255, 0, 0);\">Metal \u00c7ubuk + Plastik<\/strong><\/p>\n<p>\n\t<strong style=\"color: rgb(255, 0, 0);\">\u00d6l\u00e7\u00fcler 42 x 4 cm<\/strong><\/p>\n<p>\n\tS\u0131rt ka\u015f\u0131mak i\u00e7in tasarlanm\u0131\u015f ergonomik tasar\u0131ma sahip \u00fcr\u00fcnd\u00fcr.<\/p>\n","protected":false},"excerpt":{"rendered":"<p>Adet : 2 Materyal :\u00a0Metal \u00c7ubuk + Plastik \u00d6l\u00e7\u00fcler 42 x 4 cm S\u0131rt ka\u015f\u0131mak i\u00e7in tasarlanm\u0131\u015f ergonomik tasar\u0131ma sahip \u00fcr\u00fcnd\u00fcr.<\/p>\n","protected":false},"featured_media":109071,"comment_status":"open","ping_status":"closed","template":"","meta":{"_kad_post_transparent":"","_kad_post_title":"","_kad_post_layout":"","_kad_post_sidebar_id":"","_kad_post_content_style":"","_kad_post_vertical_padding":"","_kad_post_feature":"","_kad_post_feature_position":"","_kad_post_header":false,"_kad_post_footer":false,"_kad_post_classname":""},"product_brand":[],"product_cat":[14810],"product_tag":[],"class_list":{"0":"post-109072","1":"product","2":"type-product","3":"status-publish","4":"has-post-thumbnail","6":"product_cat-hirdavat-urunleri-yapi-market-bahce-yapi-market-ev-yasam-testereler","8":"first","9":"instock","10":"purchasable","11":"product-type-simple","12":"entry","13":"content-bg","14":"loop-entry"},"_links":{"self":[{"href":"https:\/\/www.hediyepazar.com\/index.php?rest_route=\/wp\/v2\/product\/109072","targetHints":{"allow":["GET"]}}],"collection":[{"href":"https:\/\/www.hediyepazar.com\/index.php?rest_route=\/wp\/v2\/product"}],"about":[{"href":"https:\/\/www.hediyepazar.com\/index.php?rest_route=\/wp\/v2\/types\/product"}],"replies":[{"embeddable":true,"href":"https:\/\/www.hediyepazar.com\/index.php?rest_route=%2Fwp%2Fv2%2Fcomments&post=109072"}],"wp:featuredmedia":[{"embeddable":true,"href":"https:\/\/www.hediyepazar.com\/index.php?rest_route=\/wp\/v2\/media\/109071"}],"wp:attachment":[{"href":"https:\/\/www.hediyepazar.com\/index.php?rest_route=%2Fwp%2Fv2%2Fmedia&parent=109072"}],"wp:term":[{"taxonomy":"product_brand","embeddable":true,"href":"https:\/\/www.hediyepazar.com\/index.php?rest_route=%2Fwp%2Fv2%2Fproduct_brand&post=109072"},{"taxonomy":"product_cat","embeddable":true,"href":"https:\/\/www.hediyepazar.com\/index.php?rest_route=%2Fwp%2Fv2%2Fproduct_cat&post=109072"},{"taxonomy":"product_tag","embeddable":true,"href":"https:\/\/www.hediyepazar.com\/index.php?rest_route=%2Fwp%2Fv2%2Fproduct_tag&post=109072"}],"curies":[{"name":"wp","href":"https:\/\/api.w.org\/{rel}","templated":true}]}}