{"id":109074,"date":"2026-05-05T01:35:18","date_gmt":"2026-05-05T04:35:18","guid":{"rendered":"https:\/\/www.hediyepazar.com\/?product=hsnet-toz-alma-puskulu-ant-statik"},"modified":"2026-05-05T01:35:18","modified_gmt":"2026-05-05T04:35:18","slug":"hsnet-toz-alma-puskulu-ant-statik","status":"publish","type":"product","link":"https:\/\/www.hediyepazar.com\/?product=hsnet-toz-alma-puskulu-ant-statik","title":{"rendered":"HSNET Toz Alma P\u00fcsk\u00fcl\u00fc Ant-Statik"},"content":{"rendered":"<p>\n\t<strong>\u00dcr\u00fcn \u00d6zellikleri : <\/strong><\/p>\n<p>\t<strong>Adet \/ Renk \/ Tasar\u0131m : <\/strong> 1 Adet, HSNET\u00a0<span style=\"color: rgb(1, 15, 38); font-family: Roboto, sans-serif; font-size: 13px;\">California\u00a0<\/span>Design olarak tasarlad\u0131\u011f\u0131m\u0131z, resimde yer alan TASARIMI , s\u00fcrpriz ya\u015famaman\u0131z i\u00e7in birebir g\u00f6nderiyoruz<\/p>\n<p>\t<strong>\u00d6l\u00e7\u00fcler : 55 cm<\/strong><\/p>\n<p>\n\tEvinizdeki tozu uzak tutmakta zorlan\u0131yorsan\u0131z hafif, yumu\u015fak ve kullan\u0131m\u0131 kolay<\/p>\n<p>\n\t\u00c7ok Renkli Fiber p\u00fcsk\u00fcl\u00fc deneyin. Polipropilen elyaflar dayan\u0131kl\u0131 ve esnektir ve geri d\u00f6n\u00fc\u015ft\u00fcr\u00fclebilir.<\/p>\n<p>\tTozun ba\u015fka yere gitmesine izin vermeyin, polipropilen elyaf p\u00fcsk\u00fcl pencereleri, perde \u00e7ubuklar\u0131n\u0131, araba koltuklar\u0131n\u0131, masalar\u0131, raflar\u0131, dolaplar\u0131 etkili bir \u015fekilde temizler ve duvar ve k\u00f6\u015felerdeki \u00f6r\u00fcmcek a\u011flar\u0131 i\u00e7in idealdir. Yeniden kullan\u0131labilen \u00e7ok renkli fiber p\u00fcsk\u00fcl , dar alanlar\u0131n i\u00e7inde veya \u00e7evresinde kolay temizlik i\u00e7in ince bir tasar\u0131ma sahiptir.<\/p>\n<p>\tPlastik fiber tozlay\u0131c\u0131daki tozu toplay\u0131n, evin d\u0131\u015f\u0131na \u00e7\u0131kar\u0131n ve dayan\u0131kl\u0131 polipropilen fiberlerdeki t\u00fcm toz par\u00e7ac\u0131klar\u0131n\u0131 temizlemek i\u00e7in sallay\u0131n. Elektrostatik toz bezi kirlendi\u011finde elde y\u0131kanabilir. G\u00fc\u00e7l\u00fc elektrostatik emme kapasitesine sahip fiberler, ev i\u015flerinin kolay temizlenmesi i\u00e7in tozu yakalar. \u00c7ok renkli plastik elyaf toz p\u00fcsk\u00fcl \u0131l\u0131k su veya hafif deterjanla temizlenmesi, uzun s\u00fcre kullan\u0131\u015fl\u0131 olmas\u0131n\u0131 sa\u011flar.<\/p>\n<p>\t\u00d6r\u00fcmcek a\u011flar\u0131n\u0131, perdeleri, masalar\u0131 ve dolaplar\u0131 temizlemek i\u00e7in herhangi bir sandalyeye veya merdivene ihtiyac\u0131n\u0131z yok; bunun yerine, ince k\u00f6\u015felerde kolay kullan\u0131m ve rahat saklama i\u00e7in esnek fiber p\u00fcsk\u00fcl kullan\u0131n.<\/p>\n<p>\n\t<strong>Ergonomik: <\/strong>Tavan\u0131, duvar\u0131, mobilyalar\u0131, arabay\u0131 ve eri\u015filebilir herhangi bir alan\u0131 temizlemek i\u00e7in kullan\u0131labilir<\/p>\n<p>\n\t<strong>Y\u0131kanabilir: <\/strong>G\u00f6kku\u015fa\u011f\u0131 t\u00fcy\u00fc silgi kirlendi\u011finde elde y\u0131kanabilir. Fiber silginin gerekti\u011finde temizlenmesi, onu birden fazla kullan\u0131ma dayan\u0131kl\u0131 hale getirir. Y\u0131kanabilir toz bezleri lavaboda so\u011fuk ve \u0131l\u0131k suyla kolayca y\u0131kanabilir.<\/p>\n<p>\n\tHafif ve Sa\u011flam: WBM Home \u00e7ok renkli silgi, kabar\u0131k PP elyaflara sahiptir, esnek kafa, d\u00fc\u015fmesi kolay olmayan mikrofiberden yap\u0131lm\u0131\u015ft\u0131r. Ve statik silgi tozu emer, bu da tozun gitmesine izin vermez<\/p>\n<p>\n\tEv \u0130\u015fini Kolayla\u015ft\u0131r\u0131n: G\u00fcvenli ve rahat bir tutu\u015f i\u00e7in kaymaz ve size rahat bir temizlik deneyimi sunan yenilik\u00e7i ve ergonomik tasar\u0131ml\u0131 fiber teknolojisi.<\/p>\n<p>\n\t<strong>M\u00dcKEMMEL SATI\u015e SONRASI H\u0130ZMET : <\/strong>HSNET \/ HSNET olarak m\u00fc\u015fterilerimize en iyi hizmeti sunmay\u0131 ama\u00e7l\u0131yor, g\u00fcvenle sat\u0131n alabilmeniz i\u00e7in, ambalaj kalitemize g\u00fcveniyor, her \u00fcr\u00fcn sorunsuz teslimat i\u00e7in \u00f6zenle paketliyor ve resimde belirtilen renk, ebat, \u00f6zelikte \u00fcr\u00fcn g\u00f6ndermeyi taahh\u00fct ediyoruz. Hasarl\u0131 \u00fcr\u00fcn ald\u0131ysan\u0131z veya di\u011fer \u00fcr\u00fcn ve paket teslimat sorunlar\u0131 oldu\u011funda bizimle ileti\u015fime ge\u00e7mekten \u00e7ekinmeyin.<\/p>\n<p>\n\t<strong>Detayl\u0131 bilgi i\u00e7in ek resimleri inceleyebilirsiniz<\/strong><\/p>\n<p><\/p>\n<p>\n\t<strong><strong><img decoding=\"async\" alt=\"\" src=\"https:\/\/arabayaservis.com\/skins\/shared\/images\/NEWTEMMUZ\/7400001422687-1.jpg\" \/> <\/strong><\/strong><\/p>\n<p>\n\t\u00a0<\/p>\n","protected":false},"excerpt":{"rendered":"<p>\u00dcr\u00fcn \u00d6zellikleri : Adet \/ Renk \/ Tasar\u0131m : 1 Adet, HSNET\u00a0California\u00a0Design olarak tasarlad\u0131\u011f\u0131m\u0131z, resimde yer alan TASARIMI , s\u00fcrpriz ya\u015famaman\u0131z i\u00e7in birebir g\u00f6nderiyoruz \u00d6l\u00e7\u00fcler : 55 cm Evinizdeki tozu uzak tutmakta zorlan\u0131yorsan\u0131z hafif, yumu\u015fak ve kullan\u0131m\u0131 kolay \u00c7ok Renkli Fiber p\u00fcsk\u00fcl\u00fc deneyin. Polipropilen elyaflar dayan\u0131kl\u0131 ve esnektir ve geri d\u00f6n\u00fc\u015ft\u00fcr\u00fclebilir. Tozun ba\u015fka yere gitmesine&#8230;<\/p>\n","protected":false},"featured_media":109073,"comment_status":"open","ping_status":"closed","template":"","meta":{"_kad_post_transparent":"","_kad_post_title":"","_kad_post_layout":"","_kad_post_sidebar_id":"","_kad_post_content_style":"","_kad_post_vertical_padding":"","_kad_post_feature":"","_kad_post_feature_position":"","_kad_post_header":false,"_kad_post_footer":false,"_kad_post_classname":""},"product_brand":[],"product_cat":[14810],"product_tag":[],"class_list":{"0":"post-109074","1":"product","2":"type-product","3":"status-publish","4":"has-post-thumbnail","6":"product_cat-hirdavat-urunleri-yapi-market-bahce-yapi-market-ev-yasam-testereler","8":"first","9":"instock","10":"purchasable","11":"product-type-simple","12":"entry","13":"content-bg","14":"loop-entry"},"_links":{"self":[{"href":"https:\/\/www.hediyepazar.com\/index.php?rest_route=\/wp\/v2\/product\/109074","targetHints":{"allow":["GET"]}}],"collection":[{"href":"https:\/\/www.hediyepazar.com\/index.php?rest_route=\/wp\/v2\/product"}],"about":[{"href":"https:\/\/www.hediyepazar.com\/index.php?rest_route=\/wp\/v2\/types\/product"}],"replies":[{"embeddable":true,"href":"https:\/\/www.hediyepazar.com\/index.php?rest_route=%2Fwp%2Fv2%2Fcomments&post=109074"}],"wp:featuredmedia":[{"embeddable":true,"href":"https:\/\/www.hediyepazar.com\/index.php?rest_route=\/wp\/v2\/media\/109073"}],"wp:attachment":[{"href":"https:\/\/www.hediyepazar.com\/index.php?rest_route=%2Fwp%2Fv2%2Fmedia&parent=109074"}],"wp:term":[{"taxonomy":"product_brand","embeddable":true,"href":"https:\/\/www.hediyepazar.com\/index.php?rest_route=%2Fwp%2Fv2%2Fproduct_brand&post=109074"},{"taxonomy":"product_cat","embeddable":true,"href":"https:\/\/www.hediyepazar.com\/index.php?rest_route=%2Fwp%2Fv2%2Fproduct_cat&post=109074"},{"taxonomy":"product_tag","embeddable":true,"href":"https:\/\/www.hediyepazar.com\/index.php?rest_route=%2Fwp%2Fv2%2Fproduct_tag&post=109074"}],"curies":[{"name":"wp","href":"https:\/\/api.w.org\/{rel}","templated":true}]}}