{"id":109094,"date":"2026-05-05T01:37:11","date_gmt":"2026-05-05T04:37:11","guid":{"rendered":"https:\/\/www.hediyepazar.com\/?product=hsnet-56-parca-igne-seti"},"modified":"2026-05-05T01:37:11","modified_gmt":"2026-05-05T04:37:11","slug":"hsnet-56-parca-igne-seti","status":"publish","type":"product","link":"https:\/\/www.hediyepazar.com\/?product=hsnet-56-parca-igne-seti","title":{"rendered":"HSNET 56 Par\u00e7a I\u011fne Seti"},"content":{"rendered":"<ul style=\"box-sizing: border-box; margin: 0px; padding-right: 0px; padding-left: 0px; border: 0px; font-variant-numeric: inherit; font-variant-east-asian: inherit; font-variant-alternates: inherit; font-variant-position: inherit; font-variant-emoji: inherit; font-stretch: inherit; font-size: 14px; line-height: 16.1px; font-family: \"Source Sans 3\", sans-serif; font-optical-sizing: inherit; font-size-adjust: inherit; font-kerning: inherit; font-feature-settings: inherit; font-variation-settings: inherit; vertical-align: baseline; list-style: none; max-width: 100%; color: rgb(102, 102, 102); width: auto !important;\">\n<li style=\"box-sizing: border-box; margin: 5px 0px; padding: 0px; border: 0px; font-style: inherit; font-variant: inherit; font-weight: inherit; font-stretch: inherit; line-height: 16.1px; font-family: inherit; font-optical-sizing: inherit; font-size-adjust: inherit; font-kerning: inherit; font-feature-settings: inherit; font-variation-settings: inherit; vertical-align: baseline; max-width: 100%; width: auto !important; list-style: none !important;\">\n\t\t\u00a0<span style=\"box-sizing: border-box; font-weight: 700; margin: 0px; padding: 0px; border: 0px; font-style: inherit; font-variant: inherit; font-stretch: inherit; line-height: 16.1px; font-family: inherit; font-optical-sizing: inherit; font-size-adjust: inherit; font-kerning: inherit; font-feature-settings: inherit; font-variation-settings: inherit; vertical-align: baseline; max-width: 100%; width: auto !important;\">\u00dcr\u00fcn \u00d6zellikleri :<\/span><\/li>\n<li style=\"box-sizing: border-box; margin: 5px 0px; padding: 0px; border: 0px; font-style: inherit; font-variant: inherit; font-weight: inherit; font-stretch: inherit; line-height: 16.1px; font-family: inherit; font-optical-sizing: inherit; font-size-adjust: inherit; font-kerning: inherit; font-feature-settings: inherit; font-variation-settings: inherit; vertical-align: baseline; max-width: 100%; width: auto !important; list-style: none !important;\">\n\t\t\u00a0<\/li>\n<li style=\"box-sizing: border-box; margin: 5px 0px; padding: 0px; border: 0px; font-style: inherit; font-variant: inherit; font-weight: inherit; font-stretch: inherit; line-height: 16.1px; font-family: inherit; font-optical-sizing: inherit; font-size-adjust: inherit; font-kerning: inherit; font-feature-settings: inherit; font-variation-settings: inherit; vertical-align: baseline; max-width: 100%; width: auto !important; list-style: none !important;\">\n\t\t\u00a0<span style=\"box-sizing: border-box; font-weight: 700; margin: 0px; padding: 0px; border: 0px; font-style: inherit; font-variant: inherit; font-stretch: inherit; line-height: 16.1px; font-family: inherit; font-optical-sizing: inherit; font-size-adjust: inherit; font-kerning: inherit; font-feature-settings: inherit; font-variation-settings: inherit; vertical-align: baseline; max-width: 100%; width: auto !important;\">AKSESUARLAR \u00dcR\u00dcNE DAH\u0130L DE\u011e\u0130LD\u0130R.<\/span><\/li>\n<li style=\"box-sizing: border-box; margin: 5px 0px; padding: 0px; border: 0px; font-style: inherit; font-variant: inherit; font-weight: inherit; font-stretch: inherit; line-height: 16.1px; font-family: inherit; font-optical-sizing: inherit; font-size-adjust: inherit; font-kerning: inherit; font-feature-settings: inherit; font-variation-settings: inherit; vertical-align: baseline; max-width: 100%; width: auto !important; list-style: none !important;\">\n\t\t\u00a0<\/li>\n<li style=\"box-sizing: border-box; margin: 5px 0px; padding: 0px; border: 0px; font-style: inherit; font-variant: inherit; font-weight: inherit; font-stretch: inherit; line-height: 16.1px; font-family: inherit; font-optical-sizing: inherit; font-size-adjust: inherit; font-kerning: inherit; font-feature-settings: inherit; font-variation-settings: inherit; vertical-align: baseline; max-width: 100%; width: auto !important; list-style: none !important;\">\n\t\t\u00a0<span style=\"box-sizing: border-box; font-weight: 700; margin: 0px; padding: 0px; border: 0px; font-style: inherit; font-variant: inherit; font-stretch: inherit; line-height: 16.1px; font-family: inherit; font-optical-sizing: inherit; font-size-adjust: inherit; font-kerning: inherit; font-feature-settings: inherit; font-variation-settings: inherit; vertical-align: baseline; max-width: 100%; width: auto !important;\">Materyal : Paslanmaz \u00c7elik<\/span><\/li>\n<li style=\"box-sizing: border-box; margin: 5px 0px; padding: 0px; border: 0px; font-style: inherit; font-variant: inherit; font-weight: inherit; font-stretch: inherit; line-height: 16.1px; font-family: inherit; font-optical-sizing: inherit; font-size-adjust: inherit; font-kerning: inherit; font-feature-settings: inherit; font-variation-settings: inherit; vertical-align: baseline; max-width: 100%; width: auto !important; list-style: none !important;\">\n\t\t\u00a0<\/li>\n<li style=\"box-sizing: border-box; margin: 5px 0px; padding: 0px; border: 0px; font-style: inherit; font-variant: inherit; font-weight: inherit; font-stretch: inherit; line-height: 16.1px; font-family: inherit; font-optical-sizing: inherit; font-size-adjust: inherit; font-kerning: inherit; font-feature-settings: inherit; font-variation-settings: inherit; vertical-align: baseline; max-width: 100%; width: auto !important; list-style: none !important;\">\n\t\t\u00a0<span style=\"box-sizing: border-box; font-weight: 700; margin: 0px; padding: 0px; border: 0px; font-style: inherit; font-variant: inherit; font-stretch: inherit; line-height: 16.1px; font-family: inherit; font-optical-sizing: inherit; font-size-adjust: inherit; font-kerning: inherit; font-feature-settings: inherit; font-variation-settings: inherit; vertical-align: baseline; max-width: 100%; width: auto !important;\">Adet \/ Renk \/ Tasar\u0131m :<\/span>1 pakette 55 Adet, HSNET olarak tasarlad\u0131\u011f\u0131m\u0131z, resimde yer alan modelleri , s\u00fcrpriz ya\u015famaman\u0131z i\u00e7in birebir g\u00f6nderiyoruz<\/li>\n<li style=\"box-sizing: border-box; margin: 5px 0px; padding: 0px; border: 0px; font-style: inherit; font-variant: inherit; font-weight: inherit; font-stretch: inherit; line-height: 16.1px; font-family: inherit; font-optical-sizing: inherit; font-size-adjust: inherit; font-kerning: inherit; font-feature-settings: inherit; font-variation-settings: inherit; vertical-align: baseline; max-width: 100%; width: auto !important; list-style: none !important;\">\n\t\t\u00a0<\/li>\n<li style=\"box-sizing: border-box; margin: 5px 0px; padding: 0px; border: 0px; font-style: inherit; font-variant: inherit; font-weight: inherit; font-stretch: inherit; line-height: 16.1px; font-family: inherit; font-optical-sizing: inherit; font-size-adjust: inherit; font-kerning: inherit; font-feature-settings: inherit; font-variation-settings: inherit; vertical-align: baseline; max-width: 100%; width: auto !important; list-style: none !important;\">\n\t\t55 adet Paslanmaz \u00c7elik El Diki\u015f I\u011fneleri Farkl\u0131 Boyutlarda Set<\/li>\n<\/ul>\n<ul style=\"box-sizing: border-box; margin: 0px; padding-right: 0px; padding-left: 0px; border: 0px; font-variant-numeric: inherit; font-variant-east-asian: inherit; font-variant-alternates: inherit; font-variant-position: inherit; font-variant-emoji: inherit; font-stretch: inherit; font-size: 14px; line-height: 16.1px; font-family: \"Source Sans 3\", sans-serif; font-optical-sizing: inherit; font-size-adjust: inherit; font-kerning: inherit; font-feature-settings: inherit; font-variation-settings: inherit; vertical-align: baseline; list-style: none; max-width: 100%; color: rgb(102, 102, 102); width: auto !important;\">\n<li style=\"box-sizing: border-box; margin: 5px 0px; padding: 0px; border: 0px; font-style: inherit; font-variant: inherit; font-weight: inherit; font-stretch: inherit; line-height: 16.1px; font-family: inherit; font-optical-sizing: inherit; font-size-adjust: inherit; font-kerning: inherit; font-feature-settings: inherit; font-variation-settings: inherit; vertical-align: baseline; max-width: 100%; width: auto !important; list-style: none !important;\">\n\t\tNikel kaplama \u00e7elik<\/li>\n<\/ul>\n","protected":false},"excerpt":{"rendered":"<p>\u00a0\u00dcr\u00fcn \u00d6zellikleri : \u00a0 \u00a0AKSESUARLAR \u00dcR\u00dcNE DAH\u0130L DE\u011e\u0130LD\u0130R. \u00a0 \u00a0Materyal : Paslanmaz \u00c7elik \u00a0 \u00a0Adet \/ Renk \/ Tasar\u0131m :1 pakette 55 Adet, HSNET olarak tasarlad\u0131\u011f\u0131m\u0131z, resimde yer alan modelleri , s\u00fcrpriz ya\u015famaman\u0131z i\u00e7in birebir g\u00f6nderiyoruz \u00a0 55 adet Paslanmaz \u00c7elik El Diki\u015f I\u011fneleri Farkl\u0131 Boyutlarda Set Nikel kaplama \u00e7elik<\/p>\n","protected":false},"featured_media":109093,"comment_status":"open","ping_status":"closed","template":"","meta":{"_kad_post_transparent":"","_kad_post_title":"","_kad_post_layout":"","_kad_post_sidebar_id":"","_kad_post_content_style":"","_kad_post_vertical_padding":"","_kad_post_feature":"","_kad_post_feature_position":"","_kad_post_header":false,"_kad_post_footer":false,"_kad_post_classname":""},"product_brand":[],"product_cat":[14324],"product_tag":[],"class_list":{"0":"post-109094","1":"product","2":"type-product","3":"status-publish","4":"has-post-thumbnail","6":"product_cat-dikis-urunleri-ev-gerecleri-ev-yasam-dikis-urunleri","8":"first","9":"instock","10":"purchasable","11":"product-type-simple","12":"entry","13":"content-bg","14":"loop-entry"},"_links":{"self":[{"href":"https:\/\/www.hediyepazar.com\/index.php?rest_route=\/wp\/v2\/product\/109094","targetHints":{"allow":["GET"]}}],"collection":[{"href":"https:\/\/www.hediyepazar.com\/index.php?rest_route=\/wp\/v2\/product"}],"about":[{"href":"https:\/\/www.hediyepazar.com\/index.php?rest_route=\/wp\/v2\/types\/product"}],"replies":[{"embeddable":true,"href":"https:\/\/www.hediyepazar.com\/index.php?rest_route=%2Fwp%2Fv2%2Fcomments&post=109094"}],"wp:featuredmedia":[{"embeddable":true,"href":"https:\/\/www.hediyepazar.com\/index.php?rest_route=\/wp\/v2\/media\/109093"}],"wp:attachment":[{"href":"https:\/\/www.hediyepazar.com\/index.php?rest_route=%2Fwp%2Fv2%2Fmedia&parent=109094"}],"wp:term":[{"taxonomy":"product_brand","embeddable":true,"href":"https:\/\/www.hediyepazar.com\/index.php?rest_route=%2Fwp%2Fv2%2Fproduct_brand&post=109094"},{"taxonomy":"product_cat","embeddable":true,"href":"https:\/\/www.hediyepazar.com\/index.php?rest_route=%2Fwp%2Fv2%2Fproduct_cat&post=109094"},{"taxonomy":"product_tag","embeddable":true,"href":"https:\/\/www.hediyepazar.com\/index.php?rest_route=%2Fwp%2Fv2%2Fproduct_tag&post=109094"}],"curies":[{"name":"wp","href":"https:\/\/api.w.org\/{rel}","templated":true}]}}