{"id":109128,"date":"2026-05-05T01:41:08","date_gmt":"2026-05-05T04:41:08","guid":{"rendered":"https:\/\/www.hediyepazar.com\/?product=hsnet-5-pinli-3-lu-set-yapiskanli-aski-xenoty-design"},"modified":"2026-05-05T01:41:08","modified_gmt":"2026-05-05T04:41:08","slug":"hsnet-5-pinli-3-lu-set-yapiskanli-aski-xenoty-design","status":"publish","type":"product","link":"https:\/\/www.hediyepazar.com\/?product=hsnet-5-pinli-3-lu-set-yapiskanli-aski-xenoty-design","title":{"rendered":"HSNET 5 Pinli 3 l\u00fc set Yap\u0131\u015fkanl\u0131 Ask\u0131 Xenoty Design"},"content":{"rendered":"<p>\n\t<strong>\u00dcr\u00fcn \u00d6zellikleri : <\/strong><\/p>\n<p>\t<strong>Materyal : pvc + akrilik<\/strong><\/p>\n<p>\t<strong>Adet \/ Renk \/ Tasar\u0131m : <\/strong> 3 Adet, HSNET Xenoty Design olarak tasarlad\u0131\u011f\u0131m\u0131z, resimde yer alan \u015feffaf rengi, s\u00fcrpriz ya\u015famaman\u0131z i\u00e7in birebir g\u00f6nderiyoruz<\/p>\n<p>\t<strong>\u00d6l\u00e7\u00fcler :\u00a0<\/strong> 35 x 6,5 cm<\/p>\n<p>\n\t<span style=\"color:#000000;\"><strong>GEN\u0130\u015e KULLANIM ALANI : Mutfak, Banyo, WC, Kap\u0131 arkas\u0131 ve fayans, seramilk ve cam gibi y\u00fczeylerde kullan\u0131labilir<\/strong><\/span><\/p>\n<p>\n\t<span style=\"color:#000000;\"><strong>\u00d6NE \u00c7IKAN \u00d6ZELL\u0130K : 5 pin li ve kendinden yap\u0131\u015fkanl\u0131, \u00e7ok pratik <\/strong><\/span><\/p>\n<p>\n\tSudan etkilenmeyen m\u00fckemmel yap\u0131\u015fkan ve tekrar s\u00f6k\u00fclebilir \u00f6zelik, 90 derece k\u00f6\u015felere dahi uygulanabilir esnek tasar\u0131m<\/p>\n<p>\n\t<strong>G\u00fc\u00e7l\u00fc Yap\u0131\u015fkanl\u0131 Kancalar:<\/strong> Bu yap\u0131\u015fkan kancalar, 13 kg a\u011f\u0131rl\u0131\u011fadayan\u0131kl\u0131 ve sar\u0131 lekelere, pasa kar\u015f\u0131 diren\u00e7 g\u00f6sterebilen ve y\u00fcksek s\u0131k\u0131\u015ft\u0131rmalara veya a\u011f\u0131r y\u00fcklere dayanabilen PVC vantuz ve sa\u011flam plastik kancadan yap\u0131lm\u0131\u015ft\u0131r.<\/p>\n<p>\n\t<strong>Bo\u015f alan\u0131n\u0131z i\u00e7in etkinle\u015ftirildi: <\/strong>bu k\u00fc\u00e7\u00fck hacimli vantuz kancas\u0131, hafif, \u00e7ekme kuvveti, kullan\u0131m\u0131 kolay, basit kullan\u0131m, iyi performans, g\u00fcvenli etkilidir.<\/p>\n<p>\n\t<strong>G\u00fc\u00e7l\u00fc Yap\u0131\u015ft\u0131r\u0131c\u0131: <\/strong>Bu duvara asma kancas\u0131, yap\u0131\u015fkan tabakay\u0131 tamamen kaplayabilen m\u00fckemmel tokluk i\u00e7erir. Bu iz b\u0131rakmayan kancalar, seramik karolara, p\u00fcr\u00fczs\u00fcz g\u00f6zeneksiz pencerelere, cama, aynalara, metale, fiberglasa veya di\u011fer temiz, p\u00fcr\u00fczs\u00fcz, g\u00f6zeneksiz y\u00fczeylere kolayca tak\u0131labilir.<\/p>\n<p>\n\t<strong>\u00c7IKARILAB\u0130L\u0130R VE YEN\u0130DEN KULLANILAB\u0130L\u0130R &#8211;<\/strong> Kullan\u0131m\u0131 kolayd\u0131r ve y\u00fczeyde kal\u0131nt\u0131 b\u0131rakmaz. Emme kancalar\u0131n\u0131 istedi\u011finiz gibi ba\u015fka yerlere takmak i\u00e7in de yeniden kullan\u0131labilir. \u00d6\u011feyi y\u00fczeye zarar vermeden asmak i\u00e7in kupay\u0131 y\u00fczeye d\u00fcz bir \u015fekilde koyun.<\/p>\n<p>\n\t<strong>Kuru duvarlara hasars\u0131z montaj: D<\/strong>elme yok, vida yok, delik yok, yap\u0131\u015ft\u0131r\u0131c\u0131 yok. Fayanslar, g\u00f6zenekli ve di\u011fer p\u00fcr\u00fczs\u00fcz y\u00fczeyler i\u00e7in m\u00fckemmeldir. \u00d6rne\u011fin: cam, seramik ve mermer fayans vb. Banyo veya mutfak aletleri ve fayanslardaki aletlere du\u015f veya banyo aksesuarlar\u0131n\u0131 asmak i\u00e7in idealdir.<\/p>\n<p>\n\t<strong>M\u00dcKEMMEL SATI\u015e SONRASI H\u0130ZMET : <\/strong>HSNET \/ HSNET olarak m\u00fc\u015fterilerimize en iyi hizmeti sunmay\u0131 ama\u00e7l\u0131yor, g\u00fcvenle sat\u0131n alabilmeniz i\u00e7in, ambalaj kalitemize g\u00fcveniyor, her \u00fcr\u00fcn sorunsuz teslimat i\u00e7in \u00f6zenle paketliyor ve resimde belirtilen renk, ebat, \u00f6zelikte \u00fcr\u00fcn g\u00f6ndermeyi taahh\u00fct ediyoruz. Hasarl\u0131 \u00fcr\u00fcn ald\u0131ysan\u0131z veya di\u011fer \u00fcr\u00fcn ve paket teslimat sorunlar\u0131 oldu\u011funda bizimle ileti\u015fime ge\u00e7mekten \u00e7ekinmeyin.<\/p>\n<p>\n\t<strong>Detayl\u0131 bilgi i\u00e7in ek resimleri inceleyebilirsiniz<\/strong><\/p>\n<p><\/p>\n<p>\n\t<strong><strong><img decoding=\"async\" alt=\"\" src=\"https:\/\/arabayaservis.com\/skins\/shared\/images\/NEWAGUSTOS\/7430000718948-1.jpg\" \/> <\/strong><\/strong><\/p>\n<p>\n\t\u00a0<\/p>\n","protected":false},"excerpt":{"rendered":"<p>\u00dcr\u00fcn \u00d6zellikleri : Materyal : pvc + akrilik Adet \/ Renk \/ Tasar\u0131m : 3 Adet, HSNET Xenoty Design olarak tasarlad\u0131\u011f\u0131m\u0131z, resimde yer alan \u015feffaf rengi, s\u00fcrpriz ya\u015famaman\u0131z i\u00e7in birebir g\u00f6nderiyoruz \u00d6l\u00e7\u00fcler :\u00a0 35 x 6,5 cm GEN\u0130\u015e KULLANIM ALANI : Mutfak, Banyo, WC, Kap\u0131 arkas\u0131 ve fayans, seramilk ve cam gibi y\u00fczeylerde kullan\u0131labilir \u00d6NE&#8230;<\/p>\n","protected":false},"featured_media":109127,"comment_status":"open","ping_status":"closed","template":"","meta":{"_kad_post_transparent":"","_kad_post_title":"","_kad_post_layout":"","_kad_post_sidebar_id":"","_kad_post_content_style":"","_kad_post_vertical_padding":"","_kad_post_feature":"","_kad_post_feature_position":"","_kad_post_header":false,"_kad_post_footer":false,"_kad_post_classname":""},"product_brand":[],"product_cat":[14199],"product_tag":[],"class_list":{"0":"post-109128","1":"product","2":"type-product","3":"status-publish","4":"has-post-thumbnail","6":"product_cat-aski-depolama-duzenleme-urunleri-ev-gerecleri-ev-yasam-aski","8":"first","9":"instock","10":"purchasable","11":"product-type-simple","12":"entry","13":"content-bg","14":"loop-entry"},"_links":{"self":[{"href":"https:\/\/www.hediyepazar.com\/index.php?rest_route=\/wp\/v2\/product\/109128","targetHints":{"allow":["GET"]}}],"collection":[{"href":"https:\/\/www.hediyepazar.com\/index.php?rest_route=\/wp\/v2\/product"}],"about":[{"href":"https:\/\/www.hediyepazar.com\/index.php?rest_route=\/wp\/v2\/types\/product"}],"replies":[{"embeddable":true,"href":"https:\/\/www.hediyepazar.com\/index.php?rest_route=%2Fwp%2Fv2%2Fcomments&post=109128"}],"wp:featuredmedia":[{"embeddable":true,"href":"https:\/\/www.hediyepazar.com\/index.php?rest_route=\/wp\/v2\/media\/109127"}],"wp:attachment":[{"href":"https:\/\/www.hediyepazar.com\/index.php?rest_route=%2Fwp%2Fv2%2Fmedia&parent=109128"}],"wp:term":[{"taxonomy":"product_brand","embeddable":true,"href":"https:\/\/www.hediyepazar.com\/index.php?rest_route=%2Fwp%2Fv2%2Fproduct_brand&post=109128"},{"taxonomy":"product_cat","embeddable":true,"href":"https:\/\/www.hediyepazar.com\/index.php?rest_route=%2Fwp%2Fv2%2Fproduct_cat&post=109128"},{"taxonomy":"product_tag","embeddable":true,"href":"https:\/\/www.hediyepazar.com\/index.php?rest_route=%2Fwp%2Fv2%2Fproduct_tag&post=109128"}],"curies":[{"name":"wp","href":"https:\/\/api.w.org\/{rel}","templated":true}]}}