{"id":109130,"date":"2026-05-05T01:41:14","date_gmt":"2026-05-05T04:41:14","guid":{"rendered":"https:\/\/www.hediyepazar.com\/?product=hsnet-10-kutu-10-000-adet-kucuk-zimba-teli"},"modified":"2026-05-05T01:41:14","modified_gmt":"2026-05-05T04:41:14","slug":"hsnet-10-kutu-10-000-adet-kucuk-zimba-teli","status":"publish","type":"product","link":"https:\/\/www.hediyepazar.com\/?product=hsnet-10-kutu-10-000-adet-kucuk-zimba-teli","title":{"rendered":"HSNET 10 Kutu 10.000 Adet K\u00fc\u00e7\u00fck Z\u0131mba Teli"},"content":{"rendered":"<p> <\/p>\n<p> <strong>\u00dcr\u00fcn \u00d6zellikleri : <\/strong>Makine resmi \u00f6rnek, \u00fcr\u00fcnle birlikte g\u00f6nderilmemektedir.<\/p>\n<p> <strong>Adet : <\/strong>10 KUTU X HER KUTUDA 1000 ADET, TOPLAMDA 10.000 ADET<\/p>\n<p> <strong>\u00d6l\u00e7\u00fcler : <\/strong> 9 mm geni\u015flik x 4 mm y\u00fckseklik &#8211; bu \u00f6l\u00e7\u00fcler t\u00fcm k\u00fc\u00e7\u00fck tip makinlere uyumlu evrensel \u00f6l\u00e7\u00fclerdir.<\/p>\n<p> Bilinen k\u00fc\u00e7\u00fck boy masa\u00fcst\u00fc z\u0131mba makinesi telidir.<br \/> NO:10 model<\/p>\n<p><strong>M\u00dcKEMMEL SATI\u015e SONRASI H\u0130ZMET : <\/strong>HSNET \/ HSNET olarak m\u00fc\u015fterilerimize en iyi hizmeti sunmay\u0131 ama\u00e7l\u0131yor, g\u00fcvenle sat\u0131n alabilmeniz i\u00e7in, ambalaj kalitemize g\u00fcveniyor, her \u00fcr\u00fcn sorunsuz teslimat i\u00e7in \u00f6zenle paketliyor ve resimde belirtilen renk, ebat, \u00f6zelikte \u00fcr\u00fcn g\u00f6ndermeyi taahh\u00fct ediyoruz. Hasarl\u0131 \u00fcr\u00fcn ald\u0131ysan\u0131z veya di\u011fer \u00fcr\u00fcn ve paket teslimat sorunlar\u0131 oldu\u011funda bizimle ileti\u015fime ge\u00e7mekten \u00e7ekinmeyin.<\/p>\n<p><\/p>\n<p><\/p>\n","protected":false},"excerpt":{"rendered":"<p>\u00dcr\u00fcn \u00d6zellikleri : Makine resmi \u00f6rnek, \u00fcr\u00fcnle birlikte g\u00f6nderilmemektedir. Adet : 10 KUTU X HER KUTUDA 1000 ADET, TOPLAMDA 10.000 ADET \u00d6l\u00e7\u00fcler : 9 mm geni\u015flik x 4 mm y\u00fckseklik &#8211; bu \u00f6l\u00e7\u00fcler t\u00fcm k\u00fc\u00e7\u00fck tip makinlere uyumlu evrensel \u00f6l\u00e7\u00fclerdir. Bilinen k\u00fc\u00e7\u00fck boy masa\u00fcst\u00fc z\u0131mba makinesi telidir. NO:10 model M\u00dcKEMMEL SATI\u015e SONRASI H\u0130ZMET : HSNET&#8230;<\/p>\n","protected":false},"featured_media":109129,"comment_status":"open","ping_status":"closed","template":"","meta":{"_kad_post_transparent":"","_kad_post_title":"","_kad_post_layout":"","_kad_post_sidebar_id":"","_kad_post_content_style":"","_kad_post_vertical_padding":"","_kad_post_feature":"","_kad_post_feature_position":"","_kad_post_header":false,"_kad_post_footer":false,"_kad_post_classname":""},"product_brand":[],"product_cat":[14347],"product_tag":[],"class_list":{"0":"post-109130","1":"product","2":"type-product","3":"status-publish","4":"has-post-thumbnail","6":"product_cat-ofis-aksesuarlari-masaustu-gerecleri-kirtasiye-ofis-ofis-aksesuarlari","8":"first","9":"instock","10":"purchasable","11":"product-type-simple","12":"entry","13":"content-bg","14":"loop-entry"},"_links":{"self":[{"href":"https:\/\/www.hediyepazar.com\/index.php?rest_route=\/wp\/v2\/product\/109130","targetHints":{"allow":["GET"]}}],"collection":[{"href":"https:\/\/www.hediyepazar.com\/index.php?rest_route=\/wp\/v2\/product"}],"about":[{"href":"https:\/\/www.hediyepazar.com\/index.php?rest_route=\/wp\/v2\/types\/product"}],"replies":[{"embeddable":true,"href":"https:\/\/www.hediyepazar.com\/index.php?rest_route=%2Fwp%2Fv2%2Fcomments&post=109130"}],"wp:featuredmedia":[{"embeddable":true,"href":"https:\/\/www.hediyepazar.com\/index.php?rest_route=\/wp\/v2\/media\/109129"}],"wp:attachment":[{"href":"https:\/\/www.hediyepazar.com\/index.php?rest_route=%2Fwp%2Fv2%2Fmedia&parent=109130"}],"wp:term":[{"taxonomy":"product_brand","embeddable":true,"href":"https:\/\/www.hediyepazar.com\/index.php?rest_route=%2Fwp%2Fv2%2Fproduct_brand&post=109130"},{"taxonomy":"product_cat","embeddable":true,"href":"https:\/\/www.hediyepazar.com\/index.php?rest_route=%2Fwp%2Fv2%2Fproduct_cat&post=109130"},{"taxonomy":"product_tag","embeddable":true,"href":"https:\/\/www.hediyepazar.com\/index.php?rest_route=%2Fwp%2Fv2%2Fproduct_tag&post=109130"}],"curies":[{"name":"wp","href":"https:\/\/api.w.org\/{rel}","templated":true}]}}