{"id":109156,"date":"2026-05-05T01:43:23","date_gmt":"2026-05-05T04:43:23","guid":{"rendered":"https:\/\/www.hediyepazar.com\/?product=hsnet-9-cm-10x-buyutecli-makyaj-aynasi"},"modified":"2026-05-05T01:43:23","modified_gmt":"2026-05-05T04:43:23","slug":"hsnet-9-cm-10x-buyutecli-makyaj-aynasi","status":"publish","type":"product","link":"https:\/\/www.hediyepazar.com\/?product=hsnet-9-cm-10x-buyutecli-makyaj-aynasi","title":{"rendered":"HSNET 9 Cm 10X B\u00fcy\u00fcte\u00e7li Makyaj Aynas\u0131"},"content":{"rendered":"<p>\n\t<strong>\u00dcr\u00fcn \u00d6zellikleri : <\/strong><\/p>\n<p>\n\t<strong>Adet : 1<\/strong><\/p>\n<p>\n\t<strong>\u00d6l\u00e7\u00fcler : 9 cm \u00c7ap <\/strong><\/p>\n<p>\n\tHer bayan\u0131n kendisine uygun bir aynaya ve hatta bazen birden fazla aynaya ihtiyac\u0131 vard\u0131r. \u015eimdi s\u0131radan aynadan \u00e7ok farkl\u0131 olan bu 10x makyaj aynas\u0131n\u0131 g\u00f6r\u00fcyorsunuz. S\u0131radan d\u00fcz aynalar\u0131n sahip olmad\u0131\u011f\u0131 bir\u00e7ok avantaj\u0131 vard\u0131r. Bu aynay\u0131 kulland\u0131\u011f\u0131n\u0131zda, sadece sizin i\u00e7in tasarland\u0131\u011f\u0131n\u0131 hissedeceksiniz.<\/p>\n<p>\n\tGenel aynan\u0131n sahip olmayaca\u011f\u0131 iki k\u00fc\u00e7\u00fck beyaz vantuz vard\u0131r. Kendinize uygun bir makyaj aynas\u0131 buldu\u011funuz i\u00e7in, bu m\u00fckemmel<\/p>\n<p>\n\tAynan\u0131n d\u0131\u015f taraf\u0131, kirlenmeye dayan\u0131kl\u0131, zarif ve sade bir tasar\u0131m olan siyaht\u0131r. Kasan\u0131n arkas\u0131nda g\u00f6rd\u00fc\u011f\u00fcn\u00fcz iki vantuz \u00e7ok g\u00fc\u00e7l\u00fcd\u00fcr ve cam veya fayans duvar\u0131 s\u0131k\u0131ca tutabilecek g\u00fc\u00e7l\u00fc bir emi\u015f g\u00fcc\u00fcne sahiptir. S\u00fcper g\u00fc\u00e7 kullanmad\u0131\u011f\u0131n\u0131z s\u00fcrece, d\u00fc\u015fmeniz zor olacakt\u0131r. Do\u011fru konumu se\u00e7ti\u011finiz s\u00fcrece, ayna herhangi bir d\u00fcz masa veya duvar aynas\u0131na ikili bir i\u015flev katacakt\u0131r.<\/p>\n<p>\n\tAynan\u0131n iki vantuzu aynay\u0131 tuvalet masas\u0131na en uygun pozisyonda sabitlemenize yard\u0131mc\u0131 olabilir, hassas makyaj ve cilt bak\u0131m\u0131 konusunda iyi bir al\u0131\u015fkanl\u0131k geli\u015ftirmenize yard\u0131mc\u0131 olur, \u00e7\u00fcnk\u00fc y\u00fczdeki cilt \u00e7ok k\u0131r\u0131lgand\u0131r ve dikkatli bak\u0131m gerektirir. Aynan\u0131n boyutu seyahatiniz i\u00e7in uygun olacakt\u0131r. Aynan\u0131n \u00e7ap\u0131, \u00e7antada \u00e7ok fazla yer kaplamayan 9 cm\u2019dir.<\/p>\n<p>\n\tK\u0131sacas\u0131 g\u00f6rd\u00fc\u011f\u00fcn\u00fcz 10x b\u00fcy\u00fctmeli ayna hem d\u0131\u015ftan hem de i\u00e7ten m\u00fckemmel. \u00d6zellikle netlik tan\u0131m\u0131nda, y\u00fcz\u00fcn g\u00f6zenekleri ve herhangi bir cilt y\u00fczeyinin durumu g\u00f6r\u00fclebilir, b\u00fcy\u00fctme sonras\u0131 bulan\u0131kl\u0131k hissi olmaz. Ek olarak, aynan\u0131n ambalaj\u0131 \u00e7ok hassast\u0131r. Bir arkada\u015f\u0131n\u0131za vermek istiyorsan\u0131z kesinlikle \u00e7ok uygun bir hediye.<\/p>\n<p>\n\t<strong>Ekran fark\u0131 nedeniyle, renk tonlar\u0131 %0,5 oran\u0131nda fark, Manuel \u00f6l\u00e7\u00fcm nedeniyle Milimetre fark olabilir. anlay\u0131\u015f g\u00f6stermenizi rica ederiz. <\/strong><\/p>\n<p>\n\tDETAYLI B\u0130LG\u0130 \u0130\u00c7\u0130N EK RES\u0130MLER\u0130 \u0130NCELEYEB\u0130L\u0130RS\u0130N\u0130Z.<br \/>\n\t<img decoding=\"async\" alt=\"\" src=\"https:\/\/arabayaservis.com\/skins\/shared\/images\/pimmM\/7430000717184-1.jpg\" \/><\/p>\n","protected":false},"excerpt":{"rendered":"<p>\u00dcr\u00fcn \u00d6zellikleri : Adet : 1 \u00d6l\u00e7\u00fcler : 9 cm \u00c7ap Her bayan\u0131n kendisine uygun bir aynaya ve hatta bazen birden fazla aynaya ihtiyac\u0131 vard\u0131r. \u015eimdi s\u0131radan aynadan \u00e7ok farkl\u0131 olan bu 10x makyaj aynas\u0131n\u0131 g\u00f6r\u00fcyorsunuz. S\u0131radan d\u00fcz aynalar\u0131n sahip olmad\u0131\u011f\u0131 bir\u00e7ok avantaj\u0131 vard\u0131r. Bu aynay\u0131 kulland\u0131\u011f\u0131n\u0131zda, sadece sizin i\u00e7in tasarland\u0131\u011f\u0131n\u0131 hissedeceksiniz. Genel aynan\u0131n sahip&#8230;<\/p>\n","protected":false},"featured_media":109155,"comment_status":"open","ping_status":"closed","template":"","meta":{"_kad_post_transparent":"","_kad_post_title":"","_kad_post_layout":"","_kad_post_sidebar_id":"","_kad_post_content_style":"","_kad_post_vertical_padding":"","_kad_post_feature":"","_kad_post_feature_position":"","_kad_post_header":false,"_kad_post_footer":false,"_kad_post_classname":""},"product_brand":[],"product_cat":[14814],"product_tag":[],"class_list":{"0":"post-109156","1":"product","2":"type-product","3":"status-publish","4":"has-post-thumbnail","6":"product_cat-makyaj-kozmetik-makyaj-kozmetik","8":"first","9":"instock","10":"purchasable","11":"product-type-simple","12":"entry","13":"content-bg","14":"loop-entry"},"_links":{"self":[{"href":"https:\/\/www.hediyepazar.com\/index.php?rest_route=\/wp\/v2\/product\/109156","targetHints":{"allow":["GET"]}}],"collection":[{"href":"https:\/\/www.hediyepazar.com\/index.php?rest_route=\/wp\/v2\/product"}],"about":[{"href":"https:\/\/www.hediyepazar.com\/index.php?rest_route=\/wp\/v2\/types\/product"}],"replies":[{"embeddable":true,"href":"https:\/\/www.hediyepazar.com\/index.php?rest_route=%2Fwp%2Fv2%2Fcomments&post=109156"}],"wp:featuredmedia":[{"embeddable":true,"href":"https:\/\/www.hediyepazar.com\/index.php?rest_route=\/wp\/v2\/media\/109155"}],"wp:attachment":[{"href":"https:\/\/www.hediyepazar.com\/index.php?rest_route=%2Fwp%2Fv2%2Fmedia&parent=109156"}],"wp:term":[{"taxonomy":"product_brand","embeddable":true,"href":"https:\/\/www.hediyepazar.com\/index.php?rest_route=%2Fwp%2Fv2%2Fproduct_brand&post=109156"},{"taxonomy":"product_cat","embeddable":true,"href":"https:\/\/www.hediyepazar.com\/index.php?rest_route=%2Fwp%2Fv2%2Fproduct_cat&post=109156"},{"taxonomy":"product_tag","embeddable":true,"href":"https:\/\/www.hediyepazar.com\/index.php?rest_route=%2Fwp%2Fv2%2Fproduct_tag&post=109156"}],"curies":[{"name":"wp","href":"https:\/\/api.w.org\/{rel}","templated":true}]}}