{"id":109182,"date":"2026-05-05T01:46:03","date_gmt":"2026-05-05T04:46:03","guid":{"rendered":"https:\/\/www.hediyepazar.com\/?product=hsnet-10-lu-ayakkabi-rampasi-yer-tasarruf-organizeri-mehle"},"modified":"2026-05-05T01:46:03","modified_gmt":"2026-05-05T04:46:03","slug":"hsnet-10-lu-ayakkabi-rampasi-yer-tasarruf-organizeri-mehle","status":"publish","type":"product","link":"https:\/\/www.hediyepazar.com\/?product=hsnet-10-lu-ayakkabi-rampasi-yer-tasarruf-organizeri-mehle","title":{"rendered":"HSNET 10 LU Ayakkab\u0131 Rampas\u0131 Yer Tasarruf Organizeri Mehle"},"content":{"rendered":"<p>\n\t<strong>\u00dcr\u00fcn \u00d6zellikleri : <\/strong><\/p>\n<p>\n\t<strong>Renk : Resimdeki S\u0130YAH Renk\/tasar\u0131m birebir g\u00f6nderilir ve s\u00fcrpriz ya\u015famazs\u0131n\u0131z.\u00a0<\/strong><\/p>\n<p>\n\t<strong>Materyal : PP Plastik<\/strong><\/p>\n<p>\n\t<strong>Adet : 10\u00a0<\/strong><\/p>\n<p>\n\t<strong>\u00d6l\u00e7\u00fcler : 10 x 24 x 14 cm\u00a0<\/strong><\/p>\n<p>\n\t<strong>%50 YER TASARRUFU : <\/strong>Dolap Alan\u0131n\u0131 En \u00dcst D\u00fczeye \u00c7\u0131kar\u0131n \u00c7ift katl\u0131 ayakkab\u0131 raf\u0131 tasar\u0131m\u0131, depolama kapasitenizin %50&#8217;sinden an\u0131nda tasarruf etmenize, do\u011fru ayakkab\u0131lar\u0131 h\u0131zla bulman\u0131za, ayakkab\u0131 dolab\u0131n\u0131z\u0131 ve gard\u0131robunuzu daha d\u00fczenli ve d\u00fczenli hale gtirmenize, ortal\u0131\u011f\u0131 toplaman\u0131za, dolaplar\u0131n\u0131z ve ba\u015fkalar\u0131na temiz ve d\u00fczenli g\u00f6r\u00fcnmenize yard\u0131mc\u0131 olur.<\/p>\n<p>\n\t<strong>EVRENSEL UYUMLULUK :<\/strong> T\u00fcm tip Ayakkab\u0131lar i\u00e7in uygundur \u00e7o\u011fu \u00e7ocuk ayakkab\u0131s\u0131, spor ayakkab\u0131s\u0131, terlik, d\u00fcz ayakkab\u0131, sandalet, y\u00fcksek topuklu ayakkab\u0131lar vb.<\/p>\n<p>\n\t<strong>Y\u00dcKSEK KAL\u0130TEL\u0130 : <\/strong>Sa\u011fl\u0131\u011f\u0131n\u0131z\u0131 sa\u011flamak ve \u00e7evreyi korumak i\u00e7in y\u00fcksek kaliteli ve dayan\u0131kl\u0131 PP&#8217;den yap\u0131lm\u0131\u015ft\u0131r. Geli\u015ftirilmi\u015f kal\u0131nl\u0131k, ayakkab\u0131 yuvalar\u0131 d\u00fczenleyicisinin a\u011f\u0131r bas\u0131n\u00e7 veya s\u0131k kullan\u0131m nedeniyle k\u0131r\u0131lma olas\u0131l\u0131\u011f\u0131n\u0131 olduk\u00e7a d\u00fc\u015f\u00fck hale getirir.<\/p>\n<p>\n\t<strong>KOLAY TEM\u0130ZL\u0130K : <\/strong>Su ve sabunla kolayca temizlenebilir ve uzun \u00f6m\u00fcrl\u00fcd\u00fcr.<\/p>\n<p>\n\t\u00a0<\/p>\n<p>\n\t<strong>M\u00dcKEMMEL SATI\u015e SONRASI H\u0130ZMET : <\/strong>HSNET \/ HSNET olarak m\u00fc\u015fterilerimize en iyi hizmeti sunmay\u0131 ama\u00e7l\u0131yor, g\u00fcvenle sat\u0131n alabilmeniz i\u00e7in, ambalaj kalitemize g\u00fcveniyor, her \u00fcr\u00fcn sorunsuz teslimat i\u00e7in \u00f6zenle paketliyor ve resimde belirtilen renk, ebat, \u00f6zelikte \u00fcr\u00fcn g\u00f6ndermeyi taahh\u00fct ediyoruz. Hasarl\u0131 \u00fcr\u00fcn ald\u0131ysan\u0131z veya di\u011fer \u00fcr\u00fcn ve paket teslimat sorunlar\u0131 oldu\u011funda bizimle ileti\u015fime ge\u00e7mekten \u00e7ekinmeyin.<\/p>\n<p>\n\tDETAYLI B\u0130LG\u0130 \u0130\u00c7\u0130N EK RES\u0130MLER\u0130 \u0130NCELEYEB\u0130L\u0130RS\u0130N\u0130Z.<br \/>\n\t<img decoding=\"async\" alt=\"\" src=\"https:\/\/arabayaservis.com\/skins\/shared\/images\/pimmM\/7430000717214-1.jpg\" \/><\/p>\n","protected":false},"excerpt":{"rendered":"<p>\u00dcr\u00fcn \u00d6zellikleri : Renk : Resimdeki S\u0130YAH Renk\/tasar\u0131m birebir g\u00f6nderilir ve s\u00fcrpriz ya\u015famazs\u0131n\u0131z.\u00a0 Materyal : PP Plastik Adet : 10\u00a0 \u00d6l\u00e7\u00fcler : 10 x 24 x 14 cm\u00a0 %50 YER TASARRUFU : Dolap Alan\u0131n\u0131 En \u00dcst D\u00fczeye \u00c7\u0131kar\u0131n \u00c7ift katl\u0131 ayakkab\u0131 raf\u0131 tasar\u0131m\u0131, depolama kapasitenizin %50&#8217;sinden an\u0131nda tasarruf etmenize, do\u011fru ayakkab\u0131lar\u0131 h\u0131zla bulman\u0131za, ayakkab\u0131 dolab\u0131n\u0131z\u0131&#8230;<\/p>\n","protected":false},"featured_media":109181,"comment_status":"open","ping_status":"closed","template":"","meta":{"_kad_post_transparent":"","_kad_post_title":"","_kad_post_layout":"","_kad_post_sidebar_id":"","_kad_post_content_style":"","_kad_post_vertical_padding":"","_kad_post_feature":"","_kad_post_feature_position":"","_kad_post_header":false,"_kad_post_footer":false,"_kad_post_classname":""},"product_brand":[],"product_cat":[14810],"product_tag":[],"class_list":{"0":"post-109182","1":"product","2":"type-product","3":"status-publish","4":"has-post-thumbnail","6":"product_cat-hirdavat-urunleri-yapi-market-bahce-yapi-market-ev-yasam-testereler","8":"first","9":"instock","10":"purchasable","11":"product-type-simple","12":"entry","13":"content-bg","14":"loop-entry"},"_links":{"self":[{"href":"https:\/\/www.hediyepazar.com\/index.php?rest_route=\/wp\/v2\/product\/109182","targetHints":{"allow":["GET"]}}],"collection":[{"href":"https:\/\/www.hediyepazar.com\/index.php?rest_route=\/wp\/v2\/product"}],"about":[{"href":"https:\/\/www.hediyepazar.com\/index.php?rest_route=\/wp\/v2\/types\/product"}],"replies":[{"embeddable":true,"href":"https:\/\/www.hediyepazar.com\/index.php?rest_route=%2Fwp%2Fv2%2Fcomments&post=109182"}],"wp:featuredmedia":[{"embeddable":true,"href":"https:\/\/www.hediyepazar.com\/index.php?rest_route=\/wp\/v2\/media\/109181"}],"wp:attachment":[{"href":"https:\/\/www.hediyepazar.com\/index.php?rest_route=%2Fwp%2Fv2%2Fmedia&parent=109182"}],"wp:term":[{"taxonomy":"product_brand","embeddable":true,"href":"https:\/\/www.hediyepazar.com\/index.php?rest_route=%2Fwp%2Fv2%2Fproduct_brand&post=109182"},{"taxonomy":"product_cat","embeddable":true,"href":"https:\/\/www.hediyepazar.com\/index.php?rest_route=%2Fwp%2Fv2%2Fproduct_cat&post=109182"},{"taxonomy":"product_tag","embeddable":true,"href":"https:\/\/www.hediyepazar.com\/index.php?rest_route=%2Fwp%2Fv2%2Fproduct_tag&post=109182"}],"curies":[{"name":"wp","href":"https:\/\/api.w.org\/{rel}","templated":true}]}}