{"id":109244,"date":"2026-05-05T01:54:10","date_gmt":"2026-05-05T04:54:10","guid":{"rendered":"https:\/\/www.hediyepazar.com\/?product=rezina-65-cm-x-large-metal-cekecek"},"modified":"2026-05-05T01:54:10","modified_gmt":"2026-05-05T04:54:10","slug":"rezina-65-cm-x-large-metal-cekecek","status":"publish","type":"product","link":"https:\/\/www.hediyepazar.com\/?product=rezina-65-cm-x-large-metal-cekecek","title":{"rendered":"Rezina 65 Cm X-Large Metal \u00c7ekecek"},"content":{"rendered":"<p>\t<span style=\"color:#ff0000;\"><strong>Spesifikasyonlar : <\/strong><\/span><\/p>\n<p>\t<span style=\"color:#008000;\"><strong>Renk : Resimdeki Renk-Desen Kombinasyonu birebir g\u00f6nderilir. DETAY RES\u0130MLERDEK\u0130 RENKLER \u00d6RNEKT\u0130R. Ekran fark\u0131 nedeniyle, renk tonlar\u0131 %0,5 oran\u0131nda fark olabilir.\u00a0<\/strong><\/span><\/p>\n<p>\t<span style=\"color:#ff0000;\"><strong>Materyal : metal <\/strong><\/span><\/p>\n<p>\t<strong style=\"color: rgb(255, 0, 0);\">\u00d6l\u00e7\u00fcler : 65 cm &#8211; Ekran yan\u0131lmalar\u0131na kar\u015f\u0131 l\u00fctfen \u00f6l\u00e7\u00fcleri kar\u015f\u0131la\u015ft\u0131r\u0131n. Manuel \u00f6l\u00e7\u00fcm nedeniyle MM fark olabilir.\u00a0\u00a0<\/strong><\/p>\n<p><\/p>\n<p>\t<strong>Ergonomik Tasar\u0131m:<\/strong> Kad\u0131n ve erkek ayakkab\u0131 \u00e7ekece\u011fimiz topu\u011funuza tam oturacak \u015fekilde \u00fcretilmi\u015ftir, Oval kenar, ayakkab\u0131 \u00e7ekece\u011finin herhangi bir ayakkab\u0131n\u0131n arkas\u0131na kolayca kaymas\u0131n\u0131 sa\u011flar ve ayak bile\u011finize zarar vermez.<\/p>\n<p>\tDuvarda as\u0131l\u0131, dolab\u0131n yan\u0131nda, kullan\u0131m\u0131 kolay as\u0131labilir kordon.<\/p>\n<p>\t<strong>M\u00fckemmel uygulama:<\/strong> Sadece \u00e7ocuklar, erkekler ve kad\u0131nlar i\u00e7in de\u011fil, ayn\u0131 zamanda fiziksel olarak s\u0131n\u0131rl\u0131 bireyler, e\u011filme ve ya\u015fl\u0131 insanlar i\u00e7in harika bir kullan\u0131m,<\/p>\n<p>\t\u0130yi bir ayakkab\u0131 \u00e7ekece\u011fi tek bir amaca ve tek bir amaca sahiptir ve bu, ayakkab\u0131lar\u0131n\u0131z\u0131 b\u00fck\u00fclmeden, s\u0131rt a\u011fr\u0131lar\u0131ndan veya a\u011fr\u0131lardan etkilenmeden giymenizi sa\u011flamakt\u0131r.<\/p>\n<p>\tSa\u011flam, y\u00fcksek teknoloji \u00fcr\u00fcn\u00fc bir metalden yap\u0131lm\u0131\u015f 65\u00a0 cm uzunlu\u011funda olup, herkesin a\u015f\u0131r\u0131 e\u011filmeden ayakkab\u0131lar\u0131n\u0131 giymesini m\u00fcmk\u00fcn k\u0131lar. Destekli hareket kabiliyetine ihtiya\u00e7 duyan ya\u015fl\u0131lar veya ayakkab\u0131lar\u0131n\u0131 giyme zahmetinden ka\u00e7\u0131nmak isteyen herkes i\u00e7in idealdir. Bir tutamakla birlikte gelir, b\u00f6ylece bitti\u011finde ayakkab\u0131 \u00e7ekece\u011fi kolayca asabilirsiniz. Bu tutamak, herkesin kavramas\u0131n\u0131 ve tutmas\u0131n\u0131 kolayla\u015ft\u0131r\u0131r.<\/p>\n","protected":false},"excerpt":{"rendered":"<p>Spesifikasyonlar : Renk : Resimdeki Renk-Desen Kombinasyonu birebir g\u00f6nderilir. DETAY RES\u0130MLERDEK\u0130 RENKLER \u00d6RNEKT\u0130R. Ekran fark\u0131 nedeniyle, renk tonlar\u0131 %0,5 oran\u0131nda fark olabilir.\u00a0 Materyal : metal \u00d6l\u00e7\u00fcler : 65 cm &#8211; Ekran yan\u0131lmalar\u0131na kar\u015f\u0131 l\u00fctfen \u00f6l\u00e7\u00fcleri kar\u015f\u0131la\u015ft\u0131r\u0131n. Manuel \u00f6l\u00e7\u00fcm nedeniyle MM fark olabilir.\u00a0\u00a0 Ergonomik Tasar\u0131m: Kad\u0131n ve erkek ayakkab\u0131 \u00e7ekece\u011fimiz topu\u011funuza tam oturacak \u015fekilde \u00fcretilmi\u015ftir, Oval&#8230;<\/p>\n","protected":false},"featured_media":109243,"comment_status":"open","ping_status":"closed","template":"","meta":{"_kad_post_transparent":"","_kad_post_title":"","_kad_post_layout":"","_kad_post_sidebar_id":"","_kad_post_content_style":"","_kad_post_vertical_padding":"","_kad_post_feature":"","_kad_post_feature_position":"","_kad_post_header":false,"_kad_post_footer":false,"_kad_post_classname":""},"product_brand":[],"product_cat":[14810],"product_tag":[],"class_list":{"0":"post-109244","1":"product","2":"type-product","3":"status-publish","4":"has-post-thumbnail","6":"product_cat-hirdavat-urunleri-yapi-market-bahce-yapi-market-ev-yasam-testereler","8":"first","9":"instock","10":"purchasable","11":"product-type-simple","12":"entry","13":"content-bg","14":"loop-entry"},"_links":{"self":[{"href":"https:\/\/www.hediyepazar.com\/index.php?rest_route=\/wp\/v2\/product\/109244","targetHints":{"allow":["GET"]}}],"collection":[{"href":"https:\/\/www.hediyepazar.com\/index.php?rest_route=\/wp\/v2\/product"}],"about":[{"href":"https:\/\/www.hediyepazar.com\/index.php?rest_route=\/wp\/v2\/types\/product"}],"replies":[{"embeddable":true,"href":"https:\/\/www.hediyepazar.com\/index.php?rest_route=%2Fwp%2Fv2%2Fcomments&post=109244"}],"wp:featuredmedia":[{"embeddable":true,"href":"https:\/\/www.hediyepazar.com\/index.php?rest_route=\/wp\/v2\/media\/109243"}],"wp:attachment":[{"href":"https:\/\/www.hediyepazar.com\/index.php?rest_route=%2Fwp%2Fv2%2Fmedia&parent=109244"}],"wp:term":[{"taxonomy":"product_brand","embeddable":true,"href":"https:\/\/www.hediyepazar.com\/index.php?rest_route=%2Fwp%2Fv2%2Fproduct_brand&post=109244"},{"taxonomy":"product_cat","embeddable":true,"href":"https:\/\/www.hediyepazar.com\/index.php?rest_route=%2Fwp%2Fv2%2Fproduct_cat&post=109244"},{"taxonomy":"product_tag","embeddable":true,"href":"https:\/\/www.hediyepazar.com\/index.php?rest_route=%2Fwp%2Fv2%2Fproduct_tag&post=109244"}],"curies":[{"name":"wp","href":"https:\/\/api.w.org\/{rel}","templated":true}]}}