{"id":109248,"date":"2026-05-05T01:54:18","date_gmt":"2026-05-05T04:54:18","guid":{"rendered":"https:\/\/www.hediyepazar.com\/?product=elektrik-izolasyon-bandi-3-adet"},"modified":"2026-05-05T01:54:18","modified_gmt":"2026-05-05T04:54:18","slug":"elektrik-izolasyon-bandi-3-adet","status":"publish","type":"product","link":"https:\/\/www.hediyepazar.com\/?product=elektrik-izolasyon-bandi-3-adet","title":{"rendered":"Elektrik \u0130zolasyon Band\u0131 3 ADET"},"content":{"rendered":"<p>\n\t<strong>\u00dcr\u00fcn \u00d6zellikleri : <\/strong><\/p>\n<p>\t<strong>AKSESUARLAR \u00dcR\u00dcNE DAH\u0130L DE\u011e\u0130LD\u0130R. <\/strong><\/p>\n<p>\t<strong>Materyal :\u00a0\u00a0<\/strong><strong style=\"color: rgb(255, 0, 0);\">Viinil Plastic<\/strong><\/p>\n<p>\t<strong>Adet \/ Renk \/ Tasar\u0131m : <\/strong> 3 Adet, HSNET\u00a0 olarak tasarlad\u0131\u011f\u0131m\u0131z, resimde yer alan S\u0130YAH rengi, s\u00fcrpriz ya\u015famaman\u0131z i\u00e7in birebir g\u00f6nderiyoruz<\/p>\n<p>\t<strong>\u00d6l\u00e7\u00fcler (bir cep telefonu ortalama 16 cm dir. K\u0131yaslaman\u0131z i\u00e7in kolayl\u0131k de\u011fil mi ? ) :\u00a0<\/strong><strong style=\"color: rgb(255, 0, 0);\">18 mm x 5,4 metre uzunluk<\/strong><\/p>\n<p>\n\tAlet \u00e7antan\u0131z i\u00e7in \u00f6nemli bir ektir. \u0130ster profesyonel bir elektrik\u00e7i, m\u00fchendis veya amat\u00f6r olun, bu elektrik band\u0131, ortak kablolama projeleri ve ek kablolar, kablo yal\u0131t\u0131m\u0131, kablo demeti ve daha fazlas\u0131 dahil olmak \u00fczere onar\u0131mlar i\u00e7in m\u00fckemmel \u015fekilde uygundur.<\/p>\n<p>\n\t<br \/>\n\tHer i\u015f i\u00e7in g\u00fcvenilir ve dayan\u0131kl\u0131 bir se\u00e7imdir. Bu vinil plastik bant, kablolar\u0131 yal\u0131tmak ve kullan\u0131c\u0131lar\u0131 elektrik \u00e7arpmas\u0131ndan korumak i\u00e7in esneyerek ve herhangi bir \u015fekle uyum sa\u011flayarak her durum i\u00e7in m\u00fckemmel bir uyum sa\u011flar.<\/p>\n<p>\t\u00dcst\u00fcn yap\u0131\u015fma sa\u011flayabilen bu bant i\u00e7 mekan s\u0131n\u0131f\u0131na uygundur ve 55\u00b0ye kadar s\u0131cakl\u0131klara ve 300 V&#8217;a kadar elektrik ak\u0131mlar\u0131na dayanabilir.<\/p>\n<p>\tBirden fazla elektrik veya kablolama projesi i\u00e7in yeterli uzunluk<\/p>\n<p>\tKablo yal\u0131t\u0131m\u0131 i\u015fleri i\u00e7in iyi bir se\u00e7imdir. G\u00fcvenilir elektronik izolasyon sa\u011flar ve iki veya daha fazla devrenin veya biti\u015fik par\u00e7alar\u0131n\u0131n do\u011frudan elektrik ba\u011flant\u0131s\u0131 yapmamas\u0131n\u0131 sa\u011flar.<\/p>\n<p>\tGerilebilir ve kablolara ve kablolara uyum sa\u011flayabilir. Do\u011fal esnekli\u011fi, uzun \u00f6m\u00fcrl\u00fc yal\u0131t\u0131m i\u00e7in kablolar\u0131n etraf\u0131na s\u0131k\u0131ca sarman\u0131za olanak tan\u0131d\u0131\u011f\u0131ndan, elektrik band\u0131nda \u00f6nemli bir \u00f6zelliktir.<\/p>\n<p>\tAsitlere, alkalilere, kimyasallara ve ya\u011flara kar\u015f\u0131 dayan\u0131kl\u0131d\u0131r.<\/p>\n<p>\n\t<strong>M\u00dcKEMMEL SATI\u015e SONRASI H\u0130ZMET : <\/strong>Bu \u00fcr\u00fcne daha avantajl\u0131 sahip olabilmeniz i\u00e7in ma\u011fazam\u0131z\u0131 ziyaret ederek, kampanyalar\u0131 inceleyebilirsiniz. HSNET \/ HSNET olarak m\u00fc\u015fterilerimize en iyi hizmeti sunmay\u0131 ama\u00e7l\u0131yor, g\u00fcvenle sat\u0131n alabilmeniz i\u00e7in, ambalaj kalitemize g\u00fcveniyor, her \u00fcr\u00fcn sorunsuz teslimat i\u00e7in \u00f6zenle paketliyor ve resimde belirtilen renk, ebat, \u00f6zelikte \u00fcr\u00fcn g\u00f6ndermeyi taahh\u00fct ediyoruz. Hasarl\u0131 \u00fcr\u00fcn ald\u0131ysan\u0131z veya di\u011fer \u00fcr\u00fcn ve paket teslimat sorunlar\u0131 oldu\u011funda bizimle ileti\u015fime ge\u00e7mekten \u00e7ekinmeyin.<\/p>\n<p>\n\t<strong>Detayl\u0131 bilgi i\u00e7in ek resimleri inceleyebilirsiniz<\/strong><\/p>\n<p>\n\t<strong><img decoding=\"async\" alt=\"\" src=\"https:\/\/arabayaservis.com\/skins\/shared\/images\/pimm\/7430000715929-1.jpg\" \/><\/strong><\/p>\n<p>\n\t\u00a0<\/p>\n","protected":false},"excerpt":{"rendered":"<p>\u00dcr\u00fcn \u00d6zellikleri : AKSESUARLAR \u00dcR\u00dcNE DAH\u0130L DE\u011e\u0130LD\u0130R. Materyal :\u00a0\u00a0Viinil Plastic Adet \/ Renk \/ Tasar\u0131m : 3 Adet, HSNET\u00a0 olarak tasarlad\u0131\u011f\u0131m\u0131z, resimde yer alan S\u0130YAH rengi, s\u00fcrpriz ya\u015famaman\u0131z i\u00e7in birebir g\u00f6nderiyoruz \u00d6l\u00e7\u00fcler (bir cep telefonu ortalama 16 cm dir. K\u0131yaslaman\u0131z i\u00e7in kolayl\u0131k de\u011fil mi ? ) :\u00a018 mm x 5,4 metre uzunluk Alet \u00e7antan\u0131z i\u00e7in&#8230;<\/p>\n","protected":false},"featured_media":109247,"comment_status":"open","ping_status":"closed","template":"","meta":{"_kad_post_transparent":"","_kad_post_title":"","_kad_post_layout":"","_kad_post_sidebar_id":"","_kad_post_content_style":"","_kad_post_vertical_padding":"","_kad_post_feature":"","_kad_post_feature_position":"","_kad_post_header":false,"_kad_post_footer":false,"_kad_post_classname":""},"product_brand":[],"product_cat":[14810],"product_tag":[],"class_list":{"0":"post-109248","1":"product","2":"type-product","3":"status-publish","4":"has-post-thumbnail","6":"product_cat-hirdavat-urunleri-yapi-market-bahce-yapi-market-ev-yasam-testereler","8":"first","9":"instock","10":"purchasable","11":"product-type-simple","12":"entry","13":"content-bg","14":"loop-entry"},"_links":{"self":[{"href":"https:\/\/www.hediyepazar.com\/index.php?rest_route=\/wp\/v2\/product\/109248","targetHints":{"allow":["GET"]}}],"collection":[{"href":"https:\/\/www.hediyepazar.com\/index.php?rest_route=\/wp\/v2\/product"}],"about":[{"href":"https:\/\/www.hediyepazar.com\/index.php?rest_route=\/wp\/v2\/types\/product"}],"replies":[{"embeddable":true,"href":"https:\/\/www.hediyepazar.com\/index.php?rest_route=%2Fwp%2Fv2%2Fcomments&post=109248"}],"wp:featuredmedia":[{"embeddable":true,"href":"https:\/\/www.hediyepazar.com\/index.php?rest_route=\/wp\/v2\/media\/109247"}],"wp:attachment":[{"href":"https:\/\/www.hediyepazar.com\/index.php?rest_route=%2Fwp%2Fv2%2Fmedia&parent=109248"}],"wp:term":[{"taxonomy":"product_brand","embeddable":true,"href":"https:\/\/www.hediyepazar.com\/index.php?rest_route=%2Fwp%2Fv2%2Fproduct_brand&post=109248"},{"taxonomy":"product_cat","embeddable":true,"href":"https:\/\/www.hediyepazar.com\/index.php?rest_route=%2Fwp%2Fv2%2Fproduct_cat&post=109248"},{"taxonomy":"product_tag","embeddable":true,"href":"https:\/\/www.hediyepazar.com\/index.php?rest_route=%2Fwp%2Fv2%2Fproduct_tag&post=109248"}],"curies":[{"name":"wp","href":"https:\/\/api.w.org\/{rel}","templated":true}]}}