{"id":109255,"date":"2026-05-05T01:56:04","date_gmt":"2026-05-05T04:56:04","guid":{"rendered":"https:\/\/www.hediyepazar.com\/?product=kilitli-perde-dugmesi-perde-ruleti-perde-dugmesi-250-adet"},"modified":"2026-05-05T01:56:04","modified_gmt":"2026-05-05T04:56:04","slug":"kilitli-perde-dugmesi-perde-ruleti-perde-dugmesi-250-adet","status":"publish","type":"product","link":"https:\/\/www.hediyepazar.com\/?product=kilitli-perde-dugmesi-perde-ruleti-perde-dugmesi-250-adet","title":{"rendered":"Kilitli Perde D\u00fc\u011fmesi Perde Ruleti Perde D\u00fc\u011fmesi 250 Adet"},"content":{"rendered":"<p>\n\t<strong>Spesifikasyonlar : <\/strong><\/p>\n<p>\n\t<strong>Renk : Resimdeki BEYAZ Renk birebir g\u00f6nderilir. <\/strong><\/p>\n<p>\n\t<strong>Materyal : Plastik <\/strong><\/p>\n<p>\n\t<strong>Ne alacaks\u0131n\u0131z ? : 250 Adet Kilitli Model Perde Korni\u015f D\u00fc\u011fmesi <\/strong><\/p>\n<p>\n\tHafif ve sa\u011flam ABS Plastik, paslanmaya kar\u015f\u0131 dayan\u0131kl\u0131d\u0131r, renk kaybetmez ve metal ve nikel olandan daha iyidir.<\/p>\n<p>\n\t<b>\u00a0<\/b><\/p>\n<p>\n\tKullan\u0131m alanlar\u0131:<br \/>\n\t\u2714 T\u00fcl ve fon perdeler i\u00e7in uygundur.<br \/>\n\t\u2714 Ev, ofis, otel gibi mek\u00e2nlardaki perdelerde kullan\u0131l\u0131r.<br \/>\n\t\u2714 Diki\u015fle perdeye monte edilir.<\/p>\n<p>\n\t<strong>M\u00dcKEMMEL SATI\u015e SONRASI H\u0130ZMET : <\/strong>Bu \u00fcr\u00fcne daha avantajl\u0131 sahip olabilmeniz i\u00e7in ma\u011fazam\u0131z\u0131 ziyaret ederek, kampanyalar\u0131 inceleyebilirsiniz. HSNET \/ HSNET olarak m\u00fc\u015fterilerimize en iyi hizmeti sunmay\u0131 ama\u00e7l\u0131yor, g\u00fcvenle sat\u0131n alabilmeniz i\u00e7in, ambalaj kalitemize g\u00fcveniyor, her \u00fcr\u00fcn sorunsuz teslimat i\u00e7in \u00f6zenle paketliyor ve resimde belirtilen renk, ebat, \u00f6zelikte \u00fcr\u00fcn g\u00f6ndermeyi taahh\u00fct ediyoruz. Hasarl\u0131 \u00fcr\u00fcn ald\u0131ysan\u0131z veya di\u011fer \u00fcr\u00fcn ve paket teslimat sorunlar\u0131 oldu\u011funda bizimle ileti\u015fime ge\u00e7mekten \u00e7ekinmeyin.<\/p>\n<p>\n\t<strong>Detayl\u0131 bilgi i\u00e7in ek resimleri inceleyebilirsiniz<\/strong><\/p>\n<p><\/p>\n<p>\n\t<strong><strong><img decoding=\"async\" alt=\"\" src=\"https:\/\/arabayaservis.com\/skins\/shared\/images\/subatt\/7430000721328-1.jpg\" \/> <\/strong><\/strong><\/p>\n<p>\n\t\u00a0<\/p>\n","protected":false},"excerpt":{"rendered":"<p>Spesifikasyonlar : Renk : Resimdeki BEYAZ Renk birebir g\u00f6nderilir. Materyal : Plastik Ne alacaks\u0131n\u0131z ? : 250 Adet Kilitli Model Perde Korni\u015f D\u00fc\u011fmesi Hafif ve sa\u011flam ABS Plastik, paslanmaya kar\u015f\u0131 dayan\u0131kl\u0131d\u0131r, renk kaybetmez ve metal ve nikel olandan daha iyidir. \u00a0 Kullan\u0131m alanlar\u0131: \u2714 T\u00fcl ve fon perdeler i\u00e7in uygundur. \u2714 Ev, ofis, otel gibi&#8230;<\/p>\n","protected":false},"featured_media":109254,"comment_status":"open","ping_status":"closed","template":"","meta":{"_kad_post_transparent":"","_kad_post_title":"","_kad_post_layout":"","_kad_post_sidebar_id":"","_kad_post_content_style":"","_kad_post_vertical_padding":"","_kad_post_feature":"","_kad_post_feature_position":"","_kad_post_header":false,"_kad_post_footer":false,"_kad_post_classname":""},"product_brand":[],"product_cat":[14810],"product_tag":[],"class_list":{"0":"post-109255","1":"product","2":"type-product","3":"status-publish","4":"has-post-thumbnail","6":"product_cat-hirdavat-urunleri-yapi-market-bahce-yapi-market-ev-yasam-testereler","8":"first","9":"instock","10":"purchasable","11":"product-type-simple","12":"entry","13":"content-bg","14":"loop-entry"},"_links":{"self":[{"href":"https:\/\/www.hediyepazar.com\/index.php?rest_route=\/wp\/v2\/product\/109255","targetHints":{"allow":["GET"]}}],"collection":[{"href":"https:\/\/www.hediyepazar.com\/index.php?rest_route=\/wp\/v2\/product"}],"about":[{"href":"https:\/\/www.hediyepazar.com\/index.php?rest_route=\/wp\/v2\/types\/product"}],"replies":[{"embeddable":true,"href":"https:\/\/www.hediyepazar.com\/index.php?rest_route=%2Fwp%2Fv2%2Fcomments&post=109255"}],"wp:featuredmedia":[{"embeddable":true,"href":"https:\/\/www.hediyepazar.com\/index.php?rest_route=\/wp\/v2\/media\/109254"}],"wp:attachment":[{"href":"https:\/\/www.hediyepazar.com\/index.php?rest_route=%2Fwp%2Fv2%2Fmedia&parent=109255"}],"wp:term":[{"taxonomy":"product_brand","embeddable":true,"href":"https:\/\/www.hediyepazar.com\/index.php?rest_route=%2Fwp%2Fv2%2Fproduct_brand&post=109255"},{"taxonomy":"product_cat","embeddable":true,"href":"https:\/\/www.hediyepazar.com\/index.php?rest_route=%2Fwp%2Fv2%2Fproduct_cat&post=109255"},{"taxonomy":"product_tag","embeddable":true,"href":"https:\/\/www.hediyepazar.com\/index.php?rest_route=%2Fwp%2Fv2%2Fproduct_tag&post=109255"}],"curies":[{"name":"wp","href":"https:\/\/api.w.org\/{rel}","templated":true}]}}