{"id":109261,"date":"2026-05-05T01:56:18","date_gmt":"2026-05-05T04:56:18","guid":{"rendered":"https:\/\/www.hediyepazar.com\/?product=peruk-standi-1-adet"},"modified":"2026-05-05T01:56:18","modified_gmt":"2026-05-05T04:56:18","slug":"peruk-standi-1-adet","status":"publish","type":"product","link":"https:\/\/www.hediyepazar.com\/?product=peruk-standi-1-adet","title":{"rendered":"Peruk Stand\u0131 1 ADET"},"content":{"rendered":"<div class=\"embed-responsive embed-responsive-16by9\">\n\t\u00a0<\/div>\n<p>\n\t<strong>\u00dcr\u00fcn \u00d6zellikleri :<\/strong><\/p>\n<p>\n\t<strong>PERUK \u00dcR\u00dcNE DAH\u0130L DE\u011e\u0130LD\u0130R.<\/strong><\/p>\n<p>\n\t<br \/>\n\t<strong>Materyal : Plastik\u00a0<\/strong><\/p>\n<p>\t<strong>Adet \/ Renk \/ Tasar\u0131m :1\u00a0<\/strong>Adet, HSNET Design olarak tasarlad\u0131\u011f\u0131m\u0131z, resimde yer alan S\u0130YAH rengi, s\u00fcrpriz ya\u015famaman\u0131z i\u00e7in birebir g\u00f6nderiyoruz<\/p>\n<p>\t<strong>\u00d6l\u00e7\u00fcler (bir cep telefonu ortalama 16 cm dir. K\u0131yaslaman\u0131z i\u00e7in kolayl\u0131k de\u011fil mi ? ) : 35 x 16 cm\u00a0<\/strong><\/p>\n<p>\n\tY\u00fcksek kaliteli malzeme: HSNET peruk stand\u0131 y\u00fcksek kaliteli plastikten yap\u0131lm\u0131\u015ft\u0131r, toksik olmayan ve kokusuz, sa\u011flam ve dayan\u0131kl\u0131d\u0131r, uzun s\u00fcreli kullan\u0131mdan sonra deforme olmaz, hafif ve elastiktir ve defalarca kez tekrar kullan\u0131labilir.<\/p>\n<p>\tFarkl\u0131 uzunluklardaki peruklar\u0131 sergilemek i\u00e7in uygundur ve peruk ma\u011fazalar\u0131nda, berber d\u00fckkanlar\u0131nda, \u015fapka aksesuarlar\u0131nda kullan\u0131labilir ma\u011fazalar. Ev kullan\u0131m\u0131 vb.<\/p>\n<p>\tAyr\u0131labilir tasar\u0131m: peruk ba\u015fl\u0131\u011f\u0131 stand\u0131 kullan\u0131mdan sonra h\u0131zl\u0131 bir \u015fekilde \u00e7\u0131kar\u0131labilir, yer kaplamaz, ta\u015f\u0131mas\u0131 kolayd\u0131r ve seyahat s\u0131ras\u0131nda kasan\u0131n a\u011f\u0131rl\u0131\u011f\u0131n\u0131 art\u0131rmaz, bu da onu seyahat ve i\u015f gezisi i\u00e7in uygun hale getirir.<\/p>\n<p>\tKullan\u0131m\u0131 Kolay Peruk ba\u015fl\u0131\u011f\u0131 tutucusunu yaln\u0131zca iki ad\u0131mda h\u0131zl\u0131 bir \u015fekilde monte edebilir ve s\u00f6kebilirsiniz. Geni\u015fletilmi\u015f taban sayesinde peruk stand\u0131 herhangi bir konuma kolayca yerle\u015ftirilebilir, b\u00f6ylece sabit kal\u0131r ve e\u011filmez.<\/p>\n<p>\tGeni\u015f kullan\u0131m yelpazesi: Peruklar\u0131n\u0131z\u0131 \u015feklini kaybetmekten koruyun, yeni peruk kokular\u0131n\u0131 ortadan kald\u0131r\u0131n, y\u0131kanm\u0131\u015f peruklar\u0131 h\u0131zl\u0131 bir \u015fekilde kurutun, da\u011f\u0131n\u0131k peruklar\u0131 rahat\u00e7a y\u00f6netin<\/p>\n<p>\n\t<strong>M\u00dcKEMMEL SATI\u015e SONRASI H\u0130ZMET : <\/strong>Bu \u00fcr\u00fcne daha avantajl\u0131 sahip olabilmeniz i\u00e7in ma\u011fazam\u0131z\u0131 ziyaret ederek, kampanyalar\u0131 inceleyebilirsiniz. HSNET \/ HSNET olarak m\u00fc\u015fterilerimize en iyi hizmeti sunmay\u0131 ama\u00e7l\u0131yor, g\u00fcvenle sat\u0131n alabilmeniz i\u00e7in, ambalaj kalitemize g\u00fcveniyor, her \u00fcr\u00fcn sorunsuz teslimat i\u00e7in \u00f6zenle paketliyor ve resimde belirtilen renk, ebat, \u00f6zelikte \u00fcr\u00fcn g\u00f6ndermeyi taahh\u00fct ediyoruz. Hasarl\u0131 \u00fcr\u00fcn ald\u0131ysan\u0131z veya di\u011fer \u00fcr\u00fcn ve paket teslimat sorunlar\u0131 oldu\u011funda bizimle ileti\u015fime ge\u00e7mekten \u00e7ekinmeyin.<\/p>\n<p>\n\t<strong>Detayl\u0131 bilgi i\u00e7in ek resimleri inceleyebilirsiniz<\/strong><\/p>\n<p><\/p>\n<p>\n\t<strong><strong><img decoding=\"async\" alt=\"\" src=\"https:\/\/arabayaservis.com\/skins\/shared\/images\/NEWNISAN\/7430000720426-1.jpg\" \/> <\/strong><\/strong><\/p>\n<p>\n\t\u00a0<\/p>\n","protected":false},"excerpt":{"rendered":"<p>\u00a0 \u00dcr\u00fcn \u00d6zellikleri : PERUK \u00dcR\u00dcNE DAH\u0130L DE\u011e\u0130LD\u0130R. Materyal : Plastik\u00a0 Adet \/ Renk \/ Tasar\u0131m :1\u00a0Adet, HSNET Design olarak tasarlad\u0131\u011f\u0131m\u0131z, resimde yer alan S\u0130YAH rengi, s\u00fcrpriz ya\u015famaman\u0131z i\u00e7in birebir g\u00f6nderiyoruz \u00d6l\u00e7\u00fcler (bir cep telefonu ortalama 16 cm dir. K\u0131yaslaman\u0131z i\u00e7in kolayl\u0131k de\u011fil mi ? ) : 35 x 16 cm\u00a0 Y\u00fcksek kaliteli malzeme: HSNET&#8230;<\/p>\n","protected":false},"featured_media":109260,"comment_status":"open","ping_status":"closed","template":"","meta":{"_kad_post_transparent":"","_kad_post_title":"","_kad_post_layout":"","_kad_post_sidebar_id":"","_kad_post_content_style":"","_kad_post_vertical_padding":"","_kad_post_feature":"","_kad_post_feature_position":"","_kad_post_header":false,"_kad_post_footer":false,"_kad_post_classname":""},"product_brand":[],"product_cat":[14227],"product_tag":[],"class_list":{"0":"post-109261","1":"product","2":"type-product","3":"status-publish","4":"has-post-thumbnail","6":"product_cat-kuafor-urunleri-erkek-kuafor-kuafor-urunleri","8":"first","9":"instock","10":"purchasable","11":"product-type-simple","12":"entry","13":"content-bg","14":"loop-entry"},"_links":{"self":[{"href":"https:\/\/www.hediyepazar.com\/index.php?rest_route=\/wp\/v2\/product\/109261","targetHints":{"allow":["GET"]}}],"collection":[{"href":"https:\/\/www.hediyepazar.com\/index.php?rest_route=\/wp\/v2\/product"}],"about":[{"href":"https:\/\/www.hediyepazar.com\/index.php?rest_route=\/wp\/v2\/types\/product"}],"replies":[{"embeddable":true,"href":"https:\/\/www.hediyepazar.com\/index.php?rest_route=%2Fwp%2Fv2%2Fcomments&post=109261"}],"wp:featuredmedia":[{"embeddable":true,"href":"https:\/\/www.hediyepazar.com\/index.php?rest_route=\/wp\/v2\/media\/109260"}],"wp:attachment":[{"href":"https:\/\/www.hediyepazar.com\/index.php?rest_route=%2Fwp%2Fv2%2Fmedia&parent=109261"}],"wp:term":[{"taxonomy":"product_brand","embeddable":true,"href":"https:\/\/www.hediyepazar.com\/index.php?rest_route=%2Fwp%2Fv2%2Fproduct_brand&post=109261"},{"taxonomy":"product_cat","embeddable":true,"href":"https:\/\/www.hediyepazar.com\/index.php?rest_route=%2Fwp%2Fv2%2Fproduct_cat&post=109261"},{"taxonomy":"product_tag","embeddable":true,"href":"https:\/\/www.hediyepazar.com\/index.php?rest_route=%2Fwp%2Fv2%2Fproduct_tag&post=109261"}],"curies":[{"name":"wp","href":"https:\/\/api.w.org\/{rel}","templated":true}]}}