{"id":109291,"date":"2026-05-05T02:00:57","date_gmt":"2026-05-05T05:00:57","guid":{"rendered":"https:\/\/www.hediyepazar.com\/?product=kablosuz-touchpad"},"modified":"2026-05-05T02:00:57","modified_gmt":"2026-05-05T05:00:57","slug":"kablosuz-touchpad","status":"publish","type":"product","link":"https:\/\/www.hediyepazar.com\/?product=kablosuz-touchpad","title":{"rendered":"KABLOSUZ TOUCHPAD"},"content":{"rendered":"<p>Kablosuz klavyenizi kolayca ba\u011flamak i\u00e7in \u015fu ad\u0131mlar\u0131 takip edebilirsiniz:1\ufe0f\u20e3 Cihaz\u0131n\u0131z\u0131n Bluetooth \u00f6zelli\u011fini a\u00e7\u0131n.2\ufe0f\u20e3 Bluetooth klavyeyi ON konumuna getirin.3\ufe0f\u20e3 Fn tu\u015funa bas\u0131l\u0131 tutun ve C harfine (Connect) bas\u0131n.4\ufe0f\u20e3 Tablet veya telefonunuz &#8220;Bluetooth Keyboard&#8221; ismini g\u00f6recektir, e\u015fle\u015ftirmeyi tamamlay\u0131n.5\ufe0f\u20e3 Ba\u011flant\u0131y\u0131 sa\u011flad\u0131ktan sonra cihaz\u0131n\u0131z klavyeyi otomatik olarak tan\u0131yacakt\u0131r.Bu basit ad\u0131mlarla cihaz\u0131n\u0131z\u0131 bir bilgisayar gibi kullanabilir, dokunmatik ekran\u0131n s\u0131n\u0131rlamalar\u0131ndan kurtularak \u00e7ok daha h\u0131zl\u0131 yaz\u0131 yazabilirsiniz.<\/p>\n","protected":false},"excerpt":{"rendered":"<p>Kablosuz klavyenizi kolayca ba\u011flamak i\u00e7in \u015fu ad\u0131mlar\u0131 takip edebilirsiniz:1\ufe0f\u20e3 Cihaz\u0131n\u0131z\u0131n Bluetooth \u00f6zelli\u011fini a\u00e7\u0131n.2\ufe0f\u20e3 Bluetooth klavyeyi ON konumuna getirin.3\ufe0f\u20e3 Fn tu\u015funa bas\u0131l\u0131 tutun ve C harfine (Connect) bas\u0131n.4\ufe0f\u20e3 Tablet veya telefonunuz &#8220;Bluetooth Keyboard&#8221; ismini g\u00f6recektir, e\u015fle\u015ftirmeyi tamamlay\u0131n.5\ufe0f\u20e3 Ba\u011flant\u0131y\u0131 sa\u011flad\u0131ktan sonra cihaz\u0131n\u0131z klavyeyi otomatik olarak tan\u0131yacakt\u0131r.Bu basit ad\u0131mlarla cihaz\u0131n\u0131z\u0131 bir bilgisayar gibi kullanabilir, dokunmatik ekran\u0131n s\u0131n\u0131rlamalar\u0131ndan kurtularak&#8230;<\/p>\n","protected":false},"featured_media":109290,"comment_status":"open","ping_status":"closed","template":"","meta":{"_kad_post_transparent":"","_kad_post_title":"","_kad_post_layout":"","_kad_post_sidebar_id":"","_kad_post_content_style":"","_kad_post_vertical_padding":"","_kad_post_feature":"","_kad_post_feature_position":"","_kad_post_header":false,"_kad_post_footer":false,"_kad_post_classname":""},"product_brand":[],"product_cat":[14913],"product_tag":[],"class_list":{"0":"post-109291","1":"product","2":"type-product","3":"status-publish","4":"has-post-thumbnail","6":"product_cat-klavye-klavye-2","8":"first","9":"instock","10":"purchasable","11":"product-type-simple","12":"entry","13":"content-bg","14":"loop-entry"},"_links":{"self":[{"href":"https:\/\/www.hediyepazar.com\/index.php?rest_route=\/wp\/v2\/product\/109291","targetHints":{"allow":["GET"]}}],"collection":[{"href":"https:\/\/www.hediyepazar.com\/index.php?rest_route=\/wp\/v2\/product"}],"about":[{"href":"https:\/\/www.hediyepazar.com\/index.php?rest_route=\/wp\/v2\/types\/product"}],"replies":[{"embeddable":true,"href":"https:\/\/www.hediyepazar.com\/index.php?rest_route=%2Fwp%2Fv2%2Fcomments&post=109291"}],"wp:featuredmedia":[{"embeddable":true,"href":"https:\/\/www.hediyepazar.com\/index.php?rest_route=\/wp\/v2\/media\/109290"}],"wp:attachment":[{"href":"https:\/\/www.hediyepazar.com\/index.php?rest_route=%2Fwp%2Fv2%2Fmedia&parent=109291"}],"wp:term":[{"taxonomy":"product_brand","embeddable":true,"href":"https:\/\/www.hediyepazar.com\/index.php?rest_route=%2Fwp%2Fv2%2Fproduct_brand&post=109291"},{"taxonomy":"product_cat","embeddable":true,"href":"https:\/\/www.hediyepazar.com\/index.php?rest_route=%2Fwp%2Fv2%2Fproduct_cat&post=109291"},{"taxonomy":"product_tag","embeddable":true,"href":"https:\/\/www.hediyepazar.com\/index.php?rest_route=%2Fwp%2Fv2%2Fproduct_tag&post=109291"}],"curies":[{"name":"wp","href":"https:\/\/api.w.org\/{rel}","templated":true}]}}